{"id":3572,"date":"2023-11-09T16:09:04","date_gmt":"2023-11-09T15:09:04","guid":{"rendered":"https:\/\/www.jcssterraplanagenslda.pt\/?page_id=3572"},"modified":"2023-11-12T16:25:56","modified_gmt":"2023-11-12T15:25:56","slug":"15-anos-pme-lider-2009-2023","status":"publish","type":"page","link":"https:\/\/www.jcssterraplanagenslda.pt\/?page_id=3572","title":{"rendered":"15 anos PME L\u00edder (2009-2023)"},"content":{"rendered":"<h3><\/h3>\n<h3>15 anos PME L\u00edder (2009-2023)<\/h3>\n<div class=\"su-row\"><div class=\"su-column su-column-size-1-2\"><div class=\"su-column-inner su-u-clearfix su-u-trim\">\n<p><span style=\"color: #993300;\"><strong>9 de Novembro de 2023<\/strong><\/span><\/p>\n<p style=\"text-align: justify;\">E mais uma vez, \u00e9 com agrado que informamos que o IAPMEI renovou \u00e0 empresa Jos\u00e9 Carlos Silva Sousa &#8211; Terraplanagens, Lda., o Estatuto de PME L\u00edder, em 2023, na sequ\u00eancia da qualidade do nosso desempenho e perfil de risco.<\/p>\n<p style=\"text-align: justify;\">&#8220;\u00c9 com imenso prazer que comunicamos a atribui\u00e7\u00e3o \u00e0 vossa Empresa do Estatuto de PME L\u00edder 2023, na sequ\u00eancia da qualidade do vosso desempenho e perfil de risco.<\/p>\n<p style=\"text-align: justify;\">Queremos felicit\u00e1-los pela manuten\u00e7\u00e3o desta distin\u00e7\u00e3o, criada pelo IAPMEI, numa parceria com o Turismo de Portugal, a Banca e as Sociedades de Garantia M\u00fatua, para sinalizar as PME com desempenhos superiores, sendo uma satisfa\u00e7\u00e3o poder reconhecer publicamente o sucesso da vossa estrat\u00e9gia empresarial e a import\u00e2ncia do vosso contributo para a economia nacional.<\/p>\n<p style=\"text-align: justify;\">Atrav\u00e9s do Estatuto PME L\u00edder, renovado anualmente, podem beneficiar de uma notoriedade acrescida junto do mercado, bem como de condi\u00e7\u00f5es especiais no acesso a financiamento e a servi\u00e7os disponibilizados pela nossa rede de parcerias.&#8221;<\/p>\n<p style=\"text-align: justify;\"><\/div><\/div> <div class=\"su-column su-column-size-1-2\"><div class=\"su-column-inner su-u-clearfix su-u-trim\">\n<p style=\"text-align: justify;\"><img loading=\"lazy\" decoding=\"async\" class=\"alignleft size-full wp-image-3569\" src=\"http:\/\/www.jcssterraplanagenslda.pt\/wp-content\/uploads\/2023\/11\/Diploma-scaled.jpg\" alt=\"\" width=\"2560\" height=\"1809\" srcset=\"https:\/\/www.jcssterraplanagenslda.pt\/wp-content\/uploads\/2023\/11\/Diploma-scaled.jpg 2560w, https:\/\/www.jcssterraplanagenslda.pt\/wp-content\/uploads\/2023\/11\/Diploma-300x212.jpg 300w, https:\/\/www.jcssterraplanagenslda.pt\/wp-content\/uploads\/2023\/11\/Diploma-1024x724.jpg 1024w, https:\/\/www.jcssterraplanagenslda.pt\/wp-content\/uploads\/2023\/11\/Diploma-768x543.jpg 768w, https:\/\/www.jcssterraplanagenslda.pt\/wp-content\/uploads\/2023\/11\/Diploma-1536x1085.jpg 1536w, https:\/\/www.jcssterraplanagenslda.pt\/wp-content\/uploads\/2023\/11\/Diploma-2048x1447.jpg 2048w\" sizes=\"auto, (max-width: 2560px) 100vw, 2560px\" \/><\/p>\n<p style=\"text-align: justify;\"><\/div><\/div><\/div>\n","protected":false},"excerpt":{"rendered":"<p>E mais uma vez, \u00e9 com agrado que informamos que o IAPMEI renovou \u00e0 empresa Jos\u00e9 Carlos Silva Sousa &#8211; Terraplanagens, Lda., o Estatuto de PME L\u00edder, em 2023, na sequ\u00eancia da qualidade do nosso desempenho e perfil de risco.<\/p>\n","protected":false},"author":1,"featured_media":3570,"parent":0,"menu_order":0,"comment_status":"closed","ping_status":"closed","template":"","meta":{"footnotes":""},"tags":[93],"class_list":["post-3572","page","type-page","status-publish","has-post-thumbnail","hentry","tag-j"],"aioseo_notices":[],"_links":{"self":[{"href":"https:\/\/www.jcssterraplanagenslda.pt\/index.php?rest_route=\/wp\/v2\/pages\/3572","targetHints":{"allow":["GET"]}}],"collection":[{"href":"https:\/\/www.jcssterraplanagenslda.pt\/index.php?rest_route=\/wp\/v2\/pages"}],"about":[{"href":"https:\/\/www.jcssterraplanagenslda.pt\/index.php?rest_route=\/wp\/v2\/types\/page"}],"author":[{"embeddable":true,"href":"https:\/\/www.jcssterraplanagenslda.pt\/index.php?rest_route=\/wp\/v2\/users\/1"}],"replies":[{"embeddable":true,"href":"https:\/\/www.jcssterraplanagenslda.pt\/index.php?rest_route=%2Fwp%2Fv2%2Fcomments&post=3572"}],"version-history":[{"count":2,"href":"https:\/\/www.jcssterraplanagenslda.pt\/index.php?rest_route=\/wp\/v2\/pages\/3572\/revisions"}],"predecessor-version":[{"id":3579,"href":"https:\/\/www.jcssterraplanagenslda.pt\/index.php?rest_route=\/wp\/v2\/pages\/3572\/revisions\/3579"}],"wp:featuredmedia":[{"embeddable":true,"href":"https:\/\/www.jcssterraplanagenslda.pt\/index.php?rest_route=\/wp\/v2\/media\/3570"}],"wp:attachment":[{"href":"https:\/\/www.jcssterraplanagenslda.pt\/index.php?rest_route=%2Fwp%2Fv2%2Fmedia&parent=3572"}],"wp:term":[{"taxonomy":"post_tag","embeddable":true,"href":"https:\/\/www.jcssterraplanagenslda.pt\/index.php?rest_route=%2Fwp%2Fv2%2Ftags&post=3572"}],"curies":[{"name":"wp","href":"https:\/\/api.w.org\/{rel}","templated":true}]}}