{"id":3530,"date":"2023-03-28T22:19:56","date_gmt":"2023-03-28T21:19:56","guid":{"rendered":"http:\/\/www.jcssterraplanagenslda.pt\/?page_id=3530"},"modified":"2023-03-28T22:32:11","modified_gmt":"2023-03-28T21:32:11","slug":"obra-adjudicada-edificio-astro-emanuelle","status":"publish","type":"page","link":"https:\/\/www.jcssterraplanagenslda.pt\/?page_id=3530","title":{"rendered":"Obra adjudicada &#8211; Edif\u00edcio ASTRO EMANUELLE"},"content":{"rendered":"<h3><\/h3>\n<h3>Obra adjudicada &#8211; Edif\u00edcio ASTRO EMANUELLE<\/h3>\n<div class=\"su-row\"><div class=\"su-column su-column-size-1-2\"><div class=\"su-column-inner su-u-clearfix su-u-trim\">\n<p style=\"text-align: justify;\"><span style=\"color: #993300;\"><strong>23 de Mar\u00e7o de 2023<\/strong><\/span><\/p>\n<div class=\"h_30h1wb8n3 o_30h1wf6sk clearfix\">\n<div class=\"clearfix j_30h1wbac4\">\n<div class=\"clearfix _42ef\">\n<div class=\"h_30h1wbac3\">\n<div class=\"_6a _5u5j\">\n<div class=\"_6a _5u5j _6b\">\n<div id=\"feed_subtitle_124890244281526;1393692890734582;;9\" class=\"_5pcp _5lel _2jyu _232_\" data-testid=\"story-subtitle\">\n<p style=\"text-align: justify;\">&#8220;Emanuelle Investments adquire lote para promo\u00e7\u00e3o residencial em Le\u00e7a da Palmeira.<\/p>\n<p style=\"text-align: justify;\">Segundo Eli Taieb Founder &amp; CEO da Emannuelle Investments, \u201cA Emanuelle Investments continua com a vis\u00e3o e objetivo de construir habita\u00e7\u00f5es para as fam\u00edlias portuguesas de classe m\u00e9dia-alta, e nesse sentido, fez um investimento de 15 milh\u00f5es de euros neste seu novo projeto em Le\u00e7a da Palmeira.&#8221;<\/p>\n<\/div>\n<\/div>\n<\/div>\n<\/div>\n<\/div>\n<\/div>\n<\/div>\n<p style=\"text-align: justify;\">Fonte: <a href=\"https:\/\/portugal.brainsre.news\">https:\/\/portugal.brainsre.news<\/a> e <a href=\"https:\/\/astroemanuelle.pt\/\">https:\/\/astroemanuelle.pt\/<\/a><\/p>\n<\/div><\/div><div class=\"su-column su-column-size-1-2\"><div class=\"su-column-inner su-u-clearfix su-u-trim\"><a href=\"http:\/\/www.jcssterraplanagenslda.pt\/wp-content\/uploads\/2023\/03\/337877325_1312197482675963_3977291908150179800_n.jpg\"><img loading=\"lazy\" decoding=\"async\" class=\"alignnone wp-image-3533 size-full\" src=\"http:\/\/www.jcssterraplanagenslda.pt\/wp-content\/uploads\/2023\/03\/337877325_1312197482675963_3977291908150179800_n.jpg\" alt=\"\" width=\"1453\" height=\"811\" srcset=\"https:\/\/www.jcssterraplanagenslda.pt\/wp-content\/uploads\/2023\/03\/337877325_1312197482675963_3977291908150179800_n.jpg 1453w, https:\/\/www.jcssterraplanagenslda.pt\/wp-content\/uploads\/2023\/03\/337877325_1312197482675963_3977291908150179800_n-300x167.jpg 300w, https:\/\/www.jcssterraplanagenslda.pt\/wp-content\/uploads\/2023\/03\/337877325_1312197482675963_3977291908150179800_n-1024x572.jpg 1024w, https:\/\/www.jcssterraplanagenslda.pt\/wp-content\/uploads\/2023\/03\/337877325_1312197482675963_3977291908150179800_n-768x429.jpg 768w\" sizes=\"auto, (max-width: 1453px) 100vw, 1453px\" \/><\/a><\/p>\n<p><a href=\"http:\/\/www.jcssterraplanagenslda.pt\/wp-content\/uploads\/2023\/03\/338159210_1270353420585391_7202223430748998977_n.jpg\"><img loading=\"lazy\" decoding=\"async\" class=\"alignnone wp-image-3532 size-full\" src=\"http:\/\/www.jcssterraplanagenslda.pt\/wp-content\/uploads\/2023\/03\/338159210_1270353420585391_7202223430748998977_n.jpg\" alt=\"\" width=\"1638\" height=\"2048\" srcset=\"https:\/\/www.jcssterraplanagenslda.pt\/wp-content\/uploads\/2023\/03\/338159210_1270353420585391_7202223430748998977_n.jpg 1638w, https:\/\/www.jcssterraplanagenslda.pt\/wp-content\/uploads\/2023\/03\/338159210_1270353420585391_7202223430748998977_n-240x300.jpg 240w, https:\/\/www.jcssterraplanagenslda.pt\/wp-content\/uploads\/2023\/03\/338159210_1270353420585391_7202223430748998977_n-819x1024.jpg 819w, https:\/\/www.jcssterraplanagenslda.pt\/wp-content\/uploads\/2023\/03\/338159210_1270353420585391_7202223430748998977_n-768x960.jpg 768w, https:\/\/www.jcssterraplanagenslda.pt\/wp-content\/uploads\/2023\/03\/338159210_1270353420585391_7202223430748998977_n-1229x1536.jpg 1229w\" sizes=\"auto, (max-width: 1638px) 100vw, 1638px\" \/><\/a><\/p>\n<p><a href=\"http:\/\/www.jcssterraplanagenslda.pt\/wp-content\/uploads\/2023\/03\/337995976_960610001763602_5067620337326249420_n.jpg\"><img loading=\"lazy\" decoding=\"async\" class=\"alignnone wp-image-3531 size-full\" src=\"http:\/\/www.jcssterraplanagenslda.pt\/wp-content\/uploads\/2023\/03\/337995976_960610001763602_5067620337326249420_n.jpg\" alt=\"\" width=\"1638\" height=\"2048\" srcset=\"https:\/\/www.jcssterraplanagenslda.pt\/wp-content\/uploads\/2023\/03\/337995976_960610001763602_5067620337326249420_n.jpg 1638w, https:\/\/www.jcssterraplanagenslda.pt\/wp-content\/uploads\/2023\/03\/337995976_960610001763602_5067620337326249420_n-240x300.jpg 240w, https:\/\/www.jcssterraplanagenslda.pt\/wp-content\/uploads\/2023\/03\/337995976_960610001763602_5067620337326249420_n-819x1024.jpg 819w, https:\/\/www.jcssterraplanagenslda.pt\/wp-content\/uploads\/2023\/03\/337995976_960610001763602_5067620337326249420_n-768x960.jpg 768w, https:\/\/www.jcssterraplanagenslda.pt\/wp-content\/uploads\/2023\/03\/337995976_960610001763602_5067620337326249420_n-1229x1536.jpg 1229w\" sizes=\"auto, (max-width: 1638px) 100vw, 1638px\" \/><\/a><br \/>\n<\/div><\/div><\/div>\n","protected":false},"excerpt":{"rendered":"<p>&#8220;Emanuelle Investments adquire lote para promo\u00e7\u00e3o residencial em Le\u00e7a da Palmeira.<\/p>\n","protected":false},"author":1,"featured_media":3533,"parent":0,"menu_order":0,"comment_status":"closed","ping_status":"closed","template":"","meta":{"footnotes":""},"tags":[81],"class_list":["post-3530","page","type-page","status-publish","has-post-thumbnail","hentry","tag-q"],"aioseo_notices":[],"_links":{"self":[{"href":"https:\/\/www.jcssterraplanagenslda.pt\/index.php?rest_route=\/wp\/v2\/pages\/3530","targetHints":{"allow":["GET"]}}],"collection":[{"href":"https:\/\/www.jcssterraplanagenslda.pt\/index.php?rest_route=\/wp\/v2\/pages"}],"about":[{"href":"https:\/\/www.jcssterraplanagenslda.pt\/index.php?rest_route=\/wp\/v2\/types\/page"}],"author":[{"embeddable":true,"href":"https:\/\/www.jcssterraplanagenslda.pt\/index.php?rest_route=\/wp\/v2\/users\/1"}],"replies":[{"embeddable":true,"href":"https:\/\/www.jcssterraplanagenslda.pt\/index.php?rest_route=%2Fwp%2Fv2%2Fcomments&post=3530"}],"version-history":[{"count":6,"href":"https:\/\/www.jcssterraplanagenslda.pt\/index.php?rest_route=\/wp\/v2\/pages\/3530\/revisions"}],"predecessor-version":[{"id":3539,"href":"https:\/\/www.jcssterraplanagenslda.pt\/index.php?rest_route=\/wp\/v2\/pages\/3530\/revisions\/3539"}],"wp:featuredmedia":[{"embeddable":true,"href":"https:\/\/www.jcssterraplanagenslda.pt\/index.php?rest_route=\/wp\/v2\/media\/3533"}],"wp:attachment":[{"href":"https:\/\/www.jcssterraplanagenslda.pt\/index.php?rest_route=%2Fwp%2Fv2%2Fmedia&parent=3530"}],"wp:term":[{"taxonomy":"post_tag","embeddable":true,"href":"https:\/\/www.jcssterraplanagenslda.pt\/index.php?rest_route=%2Fwp%2Fv2%2Ftags&post=3530"}],"curies":[{"name":"wp","href":"https:\/\/api.w.org\/{rel}","templated":true}]}}