{"id":3523,"date":"2023-02-13T23:02:04","date_gmt":"2023-02-13T22:02:04","guid":{"rendered":"https:\/\/www.jcssterraplanagenslda.pt\/?page_id=3523"},"modified":"2023-02-13T23:02:04","modified_gmt":"2023-02-13T22:02:04","slug":"diploma-de-prestigio-empresa-associada-da-aiccopn","status":"publish","type":"page","link":"https:\/\/www.jcssterraplanagenslda.pt\/?page_id=3523","title":{"rendered":"Diploma de prest\u00edgio &#8211; Empresa associada da AICCOPN"},"content":{"rendered":"<h3><\/h3>\n<h3>A JCSS &#8211; Terraplanagens, SA recebeu o Diploma de prest\u00edgio &#8211; Empresa associada da AICCOPN<\/h3>\n<div class=\"su-row\"><div class=\"su-column su-column-size-1-2\"><div class=\"su-column-inner su-u-clearfix su-u-trim\">\n<p><span style=\"color: #993300;\"><strong>30 de Dezembro de 2022<\/strong><\/span><\/p>\n<p>&#8220;Alcan\u00e7amos muitas conquistas e superamos in\u00fameros desafios, que escrevem as linhas da nossa hist\u00f3ria, na qual temos a honra e o privil\u00e9gio de contar com V. Exa. como Associado(a), sin\u00f3nimo de confian\u00e7a na AICCOPN e nos nossos Servi\u00e7os.<\/p>\n<p>Acreditando que o Associativismo \u00e9 motivo de uni\u00e3o, de for\u00e7a e de orgulho, e com a nossa miss\u00e3o de defesa intransigente do Setor e das Empresas que representamos, assente nos valores fundamentais do rigor, da qualidade e da mestria, \u00e9 com elevada satisfa\u00e7\u00e3o que remetemos a V. Exa. este Diploma de Prest\u00edgio.<\/p>\n<p>Na certeza de que JUNTOS continuaremos a CONSTRUIR no FUTURO o #mundoaiccopn!&#8221;<\/p>\n<p style=\"text-align: justify;\"><\/div><\/div> <div class=\"su-column su-column-size-1-2\"><div class=\"su-column-inner su-u-clearfix su-u-trim\">\n<p style=\"text-align: justify;\"><img loading=\"lazy\" decoding=\"async\" class=\"alignleft size-full wp-image-3524\" src=\"http:\/\/www.jcssterraplanagenslda.pt\/wp-content\/uploads\/2023\/02\/unnamed-1-scaled.jpg\" alt=\"\" width=\"2560\" height=\"1707\" srcset=\"https:\/\/www.jcssterraplanagenslda.pt\/wp-content\/uploads\/2023\/02\/unnamed-1-scaled.jpg 2560w, https:\/\/www.jcssterraplanagenslda.pt\/wp-content\/uploads\/2023\/02\/unnamed-1-300x200.jpg 300w, https:\/\/www.jcssterraplanagenslda.pt\/wp-content\/uploads\/2023\/02\/unnamed-1-1024x683.jpg 1024w, https:\/\/www.jcssterraplanagenslda.pt\/wp-content\/uploads\/2023\/02\/unnamed-1-768x512.jpg 768w, https:\/\/www.jcssterraplanagenslda.pt\/wp-content\/uploads\/2023\/02\/unnamed-1-1536x1024.jpg 1536w, https:\/\/www.jcssterraplanagenslda.pt\/wp-content\/uploads\/2023\/02\/unnamed-1-2048x1365.jpg 2048w\" sizes=\"auto, (max-width: 2560px) 100vw, 2560px\" \/><\/p>\n<p style=\"text-align: justify;\"><\/div><\/div><\/div>\n","protected":false},"excerpt":{"rendered":"<p>Alcan\u00e7amos muitas conquistas e superamos in\u00fameros desafios, que escrevem as linhas da nossa hist\u00f3ria, na qual temos a honra e o privil\u00e9gio de contar com V. Exa. como Associado(a), sin\u00f3nimo de confian\u00e7a na AICCOPN e nos nossos Servi\u00e7os.<\/p>\n","protected":false},"author":1,"featured_media":3524,"parent":0,"menu_order":0,"comment_status":"closed","ping_status":"closed","template":"","meta":{"footnotes":""},"tags":[93],"class_list":["post-3523","page","type-page","status-publish","has-post-thumbnail","hentry","tag-j"],"aioseo_notices":[],"_links":{"self":[{"href":"https:\/\/www.jcssterraplanagenslda.pt\/index.php?rest_route=\/wp\/v2\/pages\/3523","targetHints":{"allow":["GET"]}}],"collection":[{"href":"https:\/\/www.jcssterraplanagenslda.pt\/index.php?rest_route=\/wp\/v2\/pages"}],"about":[{"href":"https:\/\/www.jcssterraplanagenslda.pt\/index.php?rest_route=\/wp\/v2\/types\/page"}],"author":[{"embeddable":true,"href":"https:\/\/www.jcssterraplanagenslda.pt\/index.php?rest_route=\/wp\/v2\/users\/1"}],"replies":[{"embeddable":true,"href":"https:\/\/www.jcssterraplanagenslda.pt\/index.php?rest_route=%2Fwp%2Fv2%2Fcomments&post=3523"}],"version-history":[{"count":1,"href":"https:\/\/www.jcssterraplanagenslda.pt\/index.php?rest_route=\/wp\/v2\/pages\/3523\/revisions"}],"predecessor-version":[{"id":3525,"href":"https:\/\/www.jcssterraplanagenslda.pt\/index.php?rest_route=\/wp\/v2\/pages\/3523\/revisions\/3525"}],"wp:featuredmedia":[{"embeddable":true,"href":"https:\/\/www.jcssterraplanagenslda.pt\/index.php?rest_route=\/wp\/v2\/media\/3524"}],"wp:attachment":[{"href":"https:\/\/www.jcssterraplanagenslda.pt\/index.php?rest_route=%2Fwp%2Fv2%2Fmedia&parent=3523"}],"wp:term":[{"taxonomy":"post_tag","embeddable":true,"href":"https:\/\/www.jcssterraplanagenslda.pt\/index.php?rest_route=%2Fwp%2Fv2%2Ftags&post=3523"}],"curies":[{"name":"wp","href":"https:\/\/api.w.org\/{rel}","templated":true}]}}