{"id":350,"date":"2015-04-29T08:45:46","date_gmt":"2015-04-29T07:45:46","guid":{"rendered":"http:\/\/teste12345.site90.com\/wordpress\/?page_id=350"},"modified":"2021-01-06T00:37:32","modified_gmt":"2021-01-05T23:37:32","slug":"multimedia","status":"publish","type":"page","link":"https:\/\/www.jcssterraplanagenslda.pt\/?page_id=350","title":{"rendered":"Multim\u00e9dia"},"content":{"rendered":"<div class=\"su-spacer\" style=\"height:40px\"><\/div><div class=\"su-row\"><div class=\"su-column su-column-size-1-2\"><div class=\"su-column-inner su-u-clearfix su-u-trim\">\n<h3>Projeto urban\u00edstico + Mercadona em Guimar\u00e3es<\/h3>\n<p><iframe loading=\"lazy\" src=\"https:\/\/www.facebook.com\/plugins\/video.php?href=https%3A%2F%2Fwww.facebook.com%2FJCSSTerraplanagensSA%2Fvideos%2F2764432683885736%2F&#038;show_text=0&#038;width=560\" width=\"560\" height=\"315\" style=\"border:none;overflow:hidden\" scrolling=\"no\" frameborder=\"0\" allowfullscreen=\"true\" allow=\"autoplay; clipboard-write; encrypted-media; picture-in-picture; web-share\" allowFullScreen=\"true\"><\/iframe><\/div><\/div><div class=\"su-column su-column-size-1-2\"><div class=\"su-column-inner su-u-clearfix su-u-trim\">\n<h3>Escava\u00e7\u00e3o no parque das Cardosas<\/h3>\n<p><iframe loading=\"lazy\" src=\"https:\/\/www.youtube-nocookie.com\/embed\/gr_njTZ9SdE?rel=0&amp;showinfo=0\" width=\"500\" height=\"281\" frameborder=\"0\" allowfullscreen=\"allowfullscreen\"><\/iframe><\/div><\/div><\/div>\n<div class=\"su-row\"><div class=\"su-column su-column-size-1-2\"><div class=\"su-column-inner su-u-clearfix su-u-trim\">\n<h3>Triagem e reciclagem de res\u00edduos provenientes de demoli\u00e7\u00e3o<\/h3>\n<div style=\"width: 720px;\" class=\"wp-video\"><video class=\"wp-video-shortcode\" id=\"video-350-1\" width=\"720\" height=\"405\" preload=\"metadata\" controls=\"controls\"><source type=\"video\/mp4\" src=\"http:\/\/www.jcssterraplanagenslda.pt\/wp-content\/uploads\/2015\/07\/VID_20150721_112933.mp4?_=1\" \/><a href=\"http:\/\/www.jcssterraplanagenslda.pt\/wp-content\/uploads\/2015\/07\/VID_20150721_112933.mp4\">http:\/\/www.jcssterraplanagenslda.pt\/wp-content\/uploads\/2015\/07\/VID_20150721_112933.mp4<\/a><\/video><\/div>\n<\/div><\/div><div class=\"su-column su-column-size-1-2\"><div class=\"su-column-inner su-u-clearfix su-u-trim\">\n<h3>Demoli\u00e7\u00e3o de habita\u00e7\u00e3o unifamiliar &#8211; Avenida da Boavista &#8211; Porto<\/h3>\n<div style=\"width: 720px;\" class=\"wp-video\"><video class=\"wp-video-shortcode\" id=\"video-350-2\" width=\"720\" height=\"405\" preload=\"metadata\" controls=\"controls\"><source type=\"video\/mp4\" src=\"http:\/\/www.jcssterraplanagenslda.pt\/wp-content\/uploads\/2015\/04\/VID_20150514_150653.mp4?_=2\" \/><a href=\"http:\/\/www.jcssterraplanagenslda.pt\/wp-content\/uploads\/2015\/04\/VID_20150514_150653.mp4\">http:\/\/www.jcssterraplanagenslda.pt\/wp-content\/uploads\/2015\/04\/VID_20150514_150653.mp4<\/a><\/video><\/div>\n<\/div><\/div><\/div>\n<div class=\"su-row\"><div class=\"su-column su-column-size-1-2\"><div class=\"su-column-inner su-u-clearfix su-u-trim\">\n<h3>Demoli\u00e7\u00e3o de Cobertura &#8211; Hotel CROWNE PLAZA, situado na Av. da Boavista, Porto.<\/h3>\n<div id=\"fb-root\"><\/div>\n<p><script>(function(d, s, id) {  var js, fjs = d.getElementsByTagName(s)[0];  if (d.getElementById(id)) return;  js = d.createElement(s); js.id = id;  js.src = 'https:\/\/connect.facebook.net\/pt_PT\/sdk.js#xfbml=1&version=v2.11';  fjs.parentNode.insertBefore(js, fjs);}(document, 'script', 'facebook-jssdk'));<\/script><\/p>\n<div class=\"fb-video\" data-href=\"https:\/\/www.facebook.com\/JCSSlda\/videos\/783313091772568\/\" data-width=\"720\">\n<blockquote cite=\"https:\/\/www.facebook.com\/JCSSlda\/videos\/783313091772568\/\" class=\"fb-xfbml-parse-ignore\"><p><a href=\"https:\/\/www.facebook.com\/JCSSlda\/videos\/783313091772568\/\">Demoli\u00e7\u00e3o de Cobertura &#8211; HOTEL CROWNE PLAZA &#8211; Av. da Boavista &#8230;<\/a><\/p>\n<p>Demoli\u00e7\u00e3o de Cobertura &#8211; Hotel CROWNE PLAZA, situado na Av. da Boavista, Porto.Equipamento utilizado: KOMATSU PC290 c\/ esmagador TREVI BENNE 3v FR 200RD<\/p>\n<p>Publicado por <a href=\"https:\/\/www.facebook.com\/JCSSlda\/\">JCSS &#8211; Terraplanagens, Lda<\/a> em Sexta-feira, 4 de Mar\u00e7o de 2016<\/p><\/blockquote>\n<\/div>\n<\/div><\/div><div class=\"su-column su-column-size-1-2\"><div class=\"su-column-inner su-u-clearfix su-u-trim\">\n<h3>Futuro Parque Desportivo de Balasar<\/h3>\n<p>&nbsp;<\/p>\n<div id=\"fb-root\"><\/div>\n<p><script>(function(d, s, id) {  var js, fjs = d.getElementsByTagName(s)[0];  if (d.getElementById(id)) return;  js = d.createElement(s); js.id = id;  js.src = 'https:\/\/connect.facebook.net\/pt_PT\/sdk.js#xfbml=1&version=v2.11';  fjs.parentNode.insertBefore(js, fjs);}(document, 'script', 'facebook-jssdk'));<\/script><\/p>\n<div class=\"fb-video\" data-href=\"https:\/\/www.facebook.com\/JCSSlda\/videos\/938500439587165\/\" data-width=\"720\">\n<blockquote cite=\"https:\/\/www.facebook.com\/JCSSlda\/videos\/938500439587165\/\" class=\"fb-xfbml-parse-ignore\"><p><a href=\"https:\/\/www.facebook.com\/JCSSlda\/videos\/938500439587165\/\">Futuro Parque Desportivo de Balasar<\/a><\/p>\n<p>Futuro Parque Desportivo de Balasar &#8211; Movimento de Terras(Imagens captadas por: NSDrone &#8211; Fotografia e V\u00eddeo a\u00e9reo)<\/p>\n<p>Publicado por <a href=\"https:\/\/www.facebook.com\/JCSSlda\/\">JCSS &#8211; Terraplanagens, Lda<\/a> em Ter\u00e7a-feira, 15 de Novembro de 2016<\/p><\/blockquote>\n<\/div>\n<\/div><\/div><\/div>\n<div class=\"su-row\"><div class=\"su-column su-column-size-1-2\"><div class=\"su-column-inner su-u-clearfix su-u-trim\">\n<h3>Desmobiliza\u00e7\u00e3o de equipamento &#8211; Hotel na S\u00e9, Porto<\/h3>\n<p><iframe loading=\"lazy\" src=\"https:\/\/www.facebook.com\/plugins\/video.php?height=314&#038;href=https%3A%2F%2Fwww.facebook.com%2FJCSSTerraplanagensSA%2Fvideos%2F1295595157211023%2F&#038;show_text=false&#038;width=560\" width=\"560\" height=\"314\" style=\"border:none;overflow:hidden\" scrolling=\"no\" frameborder=\"0\" allowfullscreen=\"true\" allow=\"autoplay; clipboard-write; encrypted-media; picture-in-picture; web-share\" allowFullScreen=\"true\"><\/iframe><\/p>\n<\/div><\/div><div class=\"su-column su-column-size-1-2\"><div class=\"su-column-inner su-u-clearfix su-u-trim\">\n<h3>Hotel Casa Pl\u00e1tano<\/h3>\n<div id=\"fb-root\"><\/div>\n<p><script>(function(d, s, id) {  var js, fjs = d.getElementsByTagName(s)[0];  if (d.getElementById(id)) return;  js = d.createElement(s); js.id = id;  js.src = 'https:\/\/connect.facebook.net\/pt_PT\/sdk.js#xfbml=1&version=v2.11';  fjs.parentNode.insertBefore(js, fjs);}(document, 'script', 'facebook-jssdk'));<\/script><\/p>\n<div class=\"fb-video\" data-href=\"https:\/\/www.facebook.com\/JCSSlda\/videos\/695698947200650\/\" data-width=\"720\">\n<blockquote cite=\"https:\/\/www.facebook.com\/JCSSlda\/videos\/695698947200650\/\" class=\"fb-xfbml-parse-ignore\"><p><a href=\"https:\/\/www.facebook.com\/JCSSlda\/videos\/695698947200650\/\">HOTEL CASA PL\u00c1TANO<\/a><\/p>\n<p>Escava\u00e7\u00e3oGirat\u00f3ria KOMASTU PC 240Girat\u00f3ria KOMATSU PC 350 c\/ martelo<\/p>\n<p>Publicado por <a href=\"https:\/\/www.facebook.com\/JCSSlda\/\">JCSS &#8211; Terraplanagens, Lda<\/a> em Quinta-feira, 23 de Julho de 2015<\/p><\/blockquote>\n<\/div>\n<\/div><\/div><\/div>\n","protected":false},"excerpt":{"rendered":"","protected":false},"author":1,"featured_media":0,"parent":0,"menu_order":4,"comment_status":"closed","ping_status":"closed","template":"","meta":{"footnotes":""},"tags":[],"class_list":["post-350","page","type-page","status-publish","hentry"],"aioseo_notices":[],"_links":{"self":[{"href":"https:\/\/www.jcssterraplanagenslda.pt\/index.php?rest_route=\/wp\/v2\/pages\/350","targetHints":{"allow":["GET"]}}],"collection":[{"href":"https:\/\/www.jcssterraplanagenslda.pt\/index.php?rest_route=\/wp\/v2\/pages"}],"about":[{"href":"https:\/\/www.jcssterraplanagenslda.pt\/index.php?rest_route=\/wp\/v2\/types\/page"}],"author":[{"embeddable":true,"href":"https:\/\/www.jcssterraplanagenslda.pt\/index.php?rest_route=\/wp\/v2\/users\/1"}],"replies":[{"embeddable":true,"href":"https:\/\/www.jcssterraplanagenslda.pt\/index.php?rest_route=%2Fwp%2Fv2%2Fcomments&post=350"}],"version-history":[{"count":19,"href":"https:\/\/www.jcssterraplanagenslda.pt\/index.php?rest_route=\/wp\/v2\/pages\/350\/revisions"}],"predecessor-version":[{"id":3100,"href":"https:\/\/www.jcssterraplanagenslda.pt\/index.php?rest_route=\/wp\/v2\/pages\/350\/revisions\/3100"}],"wp:attachment":[{"href":"https:\/\/www.jcssterraplanagenslda.pt\/index.php?rest_route=%2Fwp%2Fv2%2Fmedia&parent=350"}],"wp:term":[{"taxonomy":"post_tag","embeddable":true,"href":"https:\/\/www.jcssterraplanagenslda.pt\/index.php?rest_route=%2Fwp%2Fv2%2Ftags&post=350"}],"curies":[{"name":"wp","href":"https:\/\/api.w.org\/{rel}","templated":true}]}}