{"id":3419,"date":"2022-05-30T22:57:22","date_gmt":"2022-05-30T21:57:22","guid":{"rendered":"http:\/\/www.jcssterraplanagenslda.pt\/?page_id=3419"},"modified":"2022-05-30T22:57:22","modified_gmt":"2022-05-30T21:57:22","slug":"obra-adjudicada-pavilhao-municipal-de-santa-marinha","status":"publish","type":"page","link":"https:\/\/www.jcssterraplanagenslda.pt\/?page_id=3419","title":{"rendered":"Obra Adjudicada &#8211; Pavilh\u00e3o Municipal de Santa Marinha"},"content":{"rendered":"<h3><\/h3>\n<h3>Obra Adjudicada &#8211; Pavilh\u00e3o Municipal de Santa Marinha<\/h3>\n<div class=\"su-row\"><div class=\"su-column su-column-size-1-2\"><div class=\"su-column-inner su-u-clearfix su-u-trim\">\n<p style=\"text-align: justify;\"><span style=\"color: #993300;\"><strong>20 de Maio de 2022<\/strong><\/span><\/p>\n<div class=\"h_30h1wb8n3 o_30h1wf6sk clearfix\">\n<div class=\"clearfix j_30h1wbac4\">\n<div class=\"clearfix _42ef\">\n<div class=\"h_30h1wbac3\">\n<div class=\"_6a _5u5j\">\n<div class=\"_6a _5u5j _6b\">\n<div id=\"feed_subtitle_124890244281526;1393692890734582;;9\" class=\"_5pcp _5lel _2jyu _232_\" data-testid=\"story-subtitle\">\n<p style=\"text-align: justify;\">&#8220;Este pavilh\u00e3o servir\u00e1 o desporto escolar durante o hor\u00e1rio letivo, dando resposta \u00e0s necessidades da EB 2\/3 de Santa Marinha no \u00e2mbito da forma\u00e7\u00e3o e dos seus valores sociais, educativos, desportivos e culturais.<\/p>\n<p style=\"text-align: justify;\">\n\u201cEste investimento cumpre o compromisso assumido com a comunidade escolar e um desejo de h\u00e1 duas d\u00e9cadas. Com esta obra, queremos valorizar a escola, que, sendo uma EB 2\/3, n\u00e3o disp\u00f5e de um espa\u00e7o coberto para a educa\u00e7\u00e3o f\u00edsica e para o desporto de forma\u00e7\u00e3o\u201d, afirmou o presidente da C\u00e2mara Municipal de Gaia, Eduardo Rodrigues.<\/p>\n<p style=\"text-align: justify;\">\nAp\u00f3s o hor\u00e1rio escolar e aos fins de semana, ser\u00e1 utilizado pela comunidade associativa e, gra\u00e7as \u00e0 centralidade do equipamento, admite-se, ainda, a possibilidade de clubes do concelho usufru\u00edrem do mesmo.&#8221;<\/p>\n<\/div>\n<\/div>\n<\/div>\n<\/div>\n<\/div>\n<\/div>\n<\/div>\n<p style=\"text-align: justify;\">Fonte: construcaomagazine.pt<\/p>\n<\/div><\/div><div class=\"su-column su-column-size-1-2\"><div class=\"su-column-inner su-u-clearfix su-u-trim\"><img loading=\"lazy\" decoding=\"async\" class=\"alignleft size-full wp-image-3420\" src=\"http:\/\/www.jcssterraplanagenslda.pt\/wp-content\/uploads\/2022\/05\/281451897_4758724700898034_8546942895395959092_n.jpg\" alt=\"\" width=\"975\" height=\"650\" srcset=\"https:\/\/www.jcssterraplanagenslda.pt\/wp-content\/uploads\/2022\/05\/281451897_4758724700898034_8546942895395959092_n.jpg 975w, https:\/\/www.jcssterraplanagenslda.pt\/wp-content\/uploads\/2022\/05\/281451897_4758724700898034_8546942895395959092_n-300x200.jpg 300w, https:\/\/www.jcssterraplanagenslda.pt\/wp-content\/uploads\/2022\/05\/281451897_4758724700898034_8546942895395959092_n-768x512.jpg 768w\" sizes=\"auto, (max-width: 975px) 100vw, 975px\" \/><br \/>\n<\/div><\/div><\/div>\n","protected":false},"excerpt":{"rendered":"<p>&#8220;Este pavilh\u00e3o servir\u00e1 o desporto escolar durante o hor\u00e1rio letivo, dando resposta \u00e0s necessidades da EB 2\/3 de Santa Marinha no \u00e2mbito da forma\u00e7\u00e3o e dos seus valores sociais, educativos, desportivos e culturais.<\/p>\n","protected":false},"author":1,"featured_media":3420,"parent":0,"menu_order":0,"comment_status":"closed","ping_status":"closed","template":"","meta":{"footnotes":""},"tags":[81],"class_list":["post-3419","page","type-page","status-publish","has-post-thumbnail","hentry","tag-q"],"aioseo_notices":[],"_links":{"self":[{"href":"https:\/\/www.jcssterraplanagenslda.pt\/index.php?rest_route=\/wp\/v2\/pages\/3419","targetHints":{"allow":["GET"]}}],"collection":[{"href":"https:\/\/www.jcssterraplanagenslda.pt\/index.php?rest_route=\/wp\/v2\/pages"}],"about":[{"href":"https:\/\/www.jcssterraplanagenslda.pt\/index.php?rest_route=\/wp\/v2\/types\/page"}],"author":[{"embeddable":true,"href":"https:\/\/www.jcssterraplanagenslda.pt\/index.php?rest_route=\/wp\/v2\/users\/1"}],"replies":[{"embeddable":true,"href":"https:\/\/www.jcssterraplanagenslda.pt\/index.php?rest_route=%2Fwp%2Fv2%2Fcomments&post=3419"}],"version-history":[{"count":1,"href":"https:\/\/www.jcssterraplanagenslda.pt\/index.php?rest_route=\/wp\/v2\/pages\/3419\/revisions"}],"predecessor-version":[{"id":3421,"href":"https:\/\/www.jcssterraplanagenslda.pt\/index.php?rest_route=\/wp\/v2\/pages\/3419\/revisions\/3421"}],"wp:featuredmedia":[{"embeddable":true,"href":"https:\/\/www.jcssterraplanagenslda.pt\/index.php?rest_route=\/wp\/v2\/media\/3420"}],"wp:attachment":[{"href":"https:\/\/www.jcssterraplanagenslda.pt\/index.php?rest_route=%2Fwp%2Fv2%2Fmedia&parent=3419"}],"wp:term":[{"taxonomy":"post_tag","embeddable":true,"href":"https:\/\/www.jcssterraplanagenslda.pt\/index.php?rest_route=%2Fwp%2Fv2%2Ftags&post=3419"}],"curies":[{"name":"wp","href":"https:\/\/api.w.org\/{rel}","templated":true}]}}