{"id":3298,"date":"2021-12-05T00:31:34","date_gmt":"2021-12-04T23:31:34","guid":{"rendered":"http:\/\/www.jcssterraplanagenslda.pt\/?page_id=3298"},"modified":"2021-12-07T00:37:39","modified_gmt":"2021-12-06T23:37:39","slug":"braga-novo-edificio-vai-reforcar-oferta-de-casas-no-centro-historico-obra-com-a-participacao-da-jcss","status":"publish","type":"page","link":"https:\/\/www.jcssterraplanagenslda.pt\/?page_id=3298","title":{"rendered":"Braga: novo edif\u00edcio vai refor\u00e7ar oferta de casas no centro hist\u00f3rico &#8211; Obra com a participa\u00e7\u00e3o da JCSS"},"content":{"rendered":"<h3><\/h3>\n<h3>Braga: novo edif\u00edcio vai refor\u00e7ar oferta de casas no centro hist\u00f3rico &#8211; Obra com a participa\u00e7\u00e3o da JCSS<\/h3>\n<div class=\"su-row\"><div class=\"su-column su-column-size-3-5\"><div class=\"su-column-inner su-u-clearfix su-u-trim\">\n<p style=\"text-align: justify;\"><span style=\"color: #993300;\"><strong>5 de Dezembro de 2021<\/strong><\/span><\/p>\n<p style=\"text-align: justify;\">Investimento de 20 milh\u00f5es \u00e9 levado a cabo pela OniRodrigues e inclui lojas e requalifica\u00e7\u00e3o do espa\u00e7o p\u00fablico.<\/p>\n<p style=\"text-align: justify;\">O centro hist\u00f3rico de Braga vai abra\u00e7ar um novo im\u00f3vel: o Edif\u00edcio Carvalhal, que vem aumentar a oferta de casas nesta cidade milenar. Mas n\u00e3o s\u00f3. Com um investimento total na ordem dos 20 milh\u00f5es de euros, o Grupo Onires vai tamb\u00e9m criar espa\u00e7os comerciais neste edif\u00edcio e ainda requalificar o espa\u00e7o p\u00fablico envolvente.<\/p>\n<p style=\"text-align: justify;\">O Edif\u00edcio Carvalhal trata-se, portanto, de um pr\u00e9dio que vai oferecer um total de 60 casas no centro de Braga, todas com lugares de estacionamento. E vai ainda destinar 10 fra\u00e7\u00f5es ao com\u00e9rcio e servi\u00e7os da cidade. Este im\u00f3vel conta com a assinatura do atelier Carvalho Ara\u00fajo e Big Arquitetura, sendo que as especialidades est\u00e3o a cargo da BO Associados, revelam em comunicado enviado \u00e0s reda\u00e7\u00f5es.<\/p>\n<p style=\"text-align: justify;\">Este \u00e9 um projeto levado a cabo pelo Grupo Onires, atrav\u00e9s da sua participada OniRodrigues, que representa um investimento de 20 milh\u00f5es de euros. Com este projeto urban\u00edstico, o grupo espera \u201cconsolidar a atual malha urbana na zona do Campo da Vinha\u201d e ainda \u201cpotenciar a revitaliza\u00e7\u00e3o e o rejuvenescimento do centro hist\u00f3rico\u201d de Braga.<\/p>\n<p>&nbsp;<\/p>\n<p><strong>Obras do novo edif\u00edcio j\u00e1 arrancaram<\/strong><\/p>\n<p style=\"text-align: justify;\">A verdade \u00e9 que as obras do Edif\u00edcio Carvalhal j\u00e1 arrancaram e na fase de constru\u00e7\u00e3o o grupo estima criar cerca de 400 empregos diretos. Note-se que os trabalhos de constru\u00e7\u00e3o englobam os terrenos com frente para o Campo da Vinha, para a rua do Carvalhal e para o caminho pedonal que liga o Campo da Vinha ao largo de S. Francisco, explicam no documento.<\/p>\n<p style=\"text-align: justify;\">O projeto contempla a &#8220;regenera\u00e7\u00e3o e a requalifica\u00e7\u00e3o do espa\u00e7o p\u00fablico envolvente\u201d e segundo Jo\u00e3o Rodrigues Serino, administrador do Grupo Onires, esta pode ser mesmo \u201ca maior obra de sempre ao n\u00edvel da reabilita\u00e7\u00e3o urbana da cidade de Braga\u201d.<\/p>\n<p style=\"text-align: justify;\">E acrescenta que \u201cesta obra constitui uma mais-valia que proporcionar\u00e1 a Braga, uma cidade cada vez mais cosmopolita, a fixar locais e n\u00e3o locais e que est\u00e1 perfeitamente alinhada com o conceito de viver no centro hist\u00f3rico\u201d. Na vis\u00e3o de Jo\u00e3o Serino, o Edif\u00edcio Carvalhal vai mesmo tornar-se \u201cnuma refer\u00eancia da arquitetura Bracarense\u201d e \u201cser\u00e1 um verdadeiro \u00edcone da cidade\u201d.<\/p>\n<p>&nbsp;<\/p>\n<p style=\"text-align: justify;\">Fonte: <a href=\"https:\/\/www.idealista.pt\/news\/imobiliario\/construcao\/2021\/12\/02\/49962-braga-novo-edificio-vai-reforcar-oferta-de-casas-no-centro-historico\">Idealista<\/a><\/div><\/div><div class=\"su-column su-column-size-2-5\"><div class=\"su-column-inner su-u-clearfix su-u-trim\">\n<p><img loading=\"lazy\" decoding=\"async\" class=\"alignleft size-full wp-image-3299\" src=\"http:\/\/www.jcssterraplanagenslda.pt\/wp-content\/uploads\/2021\/12\/publicacao_carvalhal17.jpg\" alt=\"\" width=\"744\" height=\"367\" srcset=\"https:\/\/www.jcssterraplanagenslda.pt\/wp-content\/uploads\/2021\/12\/publicacao_carvalhal17.jpg 744w, https:\/\/www.jcssterraplanagenslda.pt\/wp-content\/uploads\/2021\/12\/publicacao_carvalhal17-300x148.jpg 300w\" sizes=\"auto, (max-width: 744px) 100vw, 744px\" \/><\/p>\n<p><img loading=\"lazy\" decoding=\"async\" class=\"alignleft size-full wp-image-3301\" src=\"http:\/\/www.jcssterraplanagenslda.pt\/wp-content\/uploads\/2021\/12\/publicacao_carvalhal15.jpg\" alt=\"\" width=\"2000\" height=\"1415\" srcset=\"https:\/\/www.jcssterraplanagenslda.pt\/wp-content\/uploads\/2021\/12\/publicacao_carvalhal15.jpg 2000w, https:\/\/www.jcssterraplanagenslda.pt\/wp-content\/uploads\/2021\/12\/publicacao_carvalhal15-300x212.jpg 300w, https:\/\/www.jcssterraplanagenslda.pt\/wp-content\/uploads\/2021\/12\/publicacao_carvalhal15-1024x724.jpg 1024w, https:\/\/www.jcssterraplanagenslda.pt\/wp-content\/uploads\/2021\/12\/publicacao_carvalhal15-768x543.jpg 768w, https:\/\/www.jcssterraplanagenslda.pt\/wp-content\/uploads\/2021\/12\/publicacao_carvalhal15-1536x1087.jpg 1536w\" sizes=\"auto, (max-width: 2000px) 100vw, 2000px\" \/> <img loading=\"lazy\" decoding=\"async\" class=\"alignleft size-full wp-image-3300\" src=\"http:\/\/www.jcssterraplanagenslda.pt\/wp-content\/uploads\/2021\/12\/publicacao_carvalhal21.jpg\" alt=\"\" width=\"2000\" height=\"1415\" srcset=\"https:\/\/www.jcssterraplanagenslda.pt\/wp-content\/uploads\/2021\/12\/publicacao_carvalhal21.jpg 2000w, https:\/\/www.jcssterraplanagenslda.pt\/wp-content\/uploads\/2021\/12\/publicacao_carvalhal21-300x212.jpg 300w, https:\/\/www.jcssterraplanagenslda.pt\/wp-content\/uploads\/2021\/12\/publicacao_carvalhal21-1024x724.jpg 1024w, https:\/\/www.jcssterraplanagenslda.pt\/wp-content\/uploads\/2021\/12\/publicacao_carvalhal21-768x543.jpg 768w, https:\/\/www.jcssterraplanagenslda.pt\/wp-content\/uploads\/2021\/12\/publicacao_carvalhal21-1536x1087.jpg 1536w\" sizes=\"auto, (max-width: 2000px) 100vw, 2000px\" \/><\/p>\n<p style=\"text-align: justify;\"><\/div><\/div><\/div>\n","protected":false},"excerpt":{"rendered":"<p>Investimento de 20 milh\u00f5es \u00e9 levado a cabo pela OniRodrigues e inclui lojas e requalifica\u00e7\u00e3o do espa\u00e7o p\u00fablico.<\/p>\n","protected":false},"author":1,"featured_media":3301,"parent":0,"menu_order":0,"comment_status":"closed","ping_status":"closed","template":"","meta":{"footnotes":""},"tags":[81],"class_list":["post-3298","page","type-page","status-publish","has-post-thumbnail","hentry","tag-q"],"aioseo_notices":[],"_links":{"self":[{"href":"https:\/\/www.jcssterraplanagenslda.pt\/index.php?rest_route=\/wp\/v2\/pages\/3298","targetHints":{"allow":["GET"]}}],"collection":[{"href":"https:\/\/www.jcssterraplanagenslda.pt\/index.php?rest_route=\/wp\/v2\/pages"}],"about":[{"href":"https:\/\/www.jcssterraplanagenslda.pt\/index.php?rest_route=\/wp\/v2\/types\/page"}],"author":[{"embeddable":true,"href":"https:\/\/www.jcssterraplanagenslda.pt\/index.php?rest_route=\/wp\/v2\/users\/1"}],"replies":[{"embeddable":true,"href":"https:\/\/www.jcssterraplanagenslda.pt\/index.php?rest_route=%2Fwp%2Fv2%2Fcomments&post=3298"}],"version-history":[{"count":5,"href":"https:\/\/www.jcssterraplanagenslda.pt\/index.php?rest_route=\/wp\/v2\/pages\/3298\/revisions"}],"predecessor-version":[{"id":3306,"href":"https:\/\/www.jcssterraplanagenslda.pt\/index.php?rest_route=\/wp\/v2\/pages\/3298\/revisions\/3306"}],"wp:featuredmedia":[{"embeddable":true,"href":"https:\/\/www.jcssterraplanagenslda.pt\/index.php?rest_route=\/wp\/v2\/media\/3301"}],"wp:attachment":[{"href":"https:\/\/www.jcssterraplanagenslda.pt\/index.php?rest_route=%2Fwp%2Fv2%2Fmedia&parent=3298"}],"wp:term":[{"taxonomy":"post_tag","embeddable":true,"href":"https:\/\/www.jcssterraplanagenslda.pt\/index.php?rest_route=%2Fwp%2Fv2%2Ftags&post=3298"}],"curies":[{"name":"wp","href":"https:\/\/api.w.org\/{rel}","templated":true}]}}