{"id":3285,"date":"2021-11-18T13:23:22","date_gmt":"2021-11-18T12:23:22","guid":{"rendered":"http:\/\/www.jcssterraplanagenslda.pt\/?page_id=3285"},"modified":"2021-11-28T13:50:46","modified_gmt":"2021-11-28T12:50:46","slug":"descontaminacao-do-parque-quimico-de-estarreja-concluida-25-anos-depois-obra-com-participacao-da-jcss","status":"publish","type":"page","link":"https:\/\/www.jcssterraplanagenslda.pt\/?page_id=3285","title":{"rendered":"Descontamina\u00e7\u00e3o do Parque Qu\u00edmico de Estarreja conclu\u00edda 25 anos depois &#8211; Obra com participa\u00e7\u00e3o da JCSS"},"content":{"rendered":"<h3><\/h3>\n<h3>Descontamina\u00e7\u00e3o do Parque Qu\u00edmico de Estarreja conclu\u00edda 25 anos depois &#8211; Obra com participa\u00e7\u00e3o da JCSS<\/h3>\n<div class=\"su-row\"><div class=\"su-column su-column-size-3-5\"><div class=\"su-column-inner su-u-clearfix su-u-trim\">\n<p style=\"text-align: justify;\"><span style=\"color: #993300;\"><strong>18 de Novembro de 2021<\/strong><\/span><\/p>\n<p style=\"text-align: justify;\">Ficou conclu\u00edda ap\u00f3s remo\u00e7\u00e3o de lamas perigosas que estavam a c\u00e9u aberto.<\/p>\n<p style=\"text-align: justify;\">A descontamina\u00e7\u00e3o do passivo ambiental do Parque Qu\u00edmico de Estarreja ficou conclu\u00edda 25 anos depois.<\/p>\n<p style=\"text-align: justify;\">A \u00faltima obra do projeto resultou na remo\u00e7\u00e3o de lamas qu\u00edmicas acumuladas a c\u00e9u aberto numa vala hidr\u00e1ulica. Antes desta interven\u00e7\u00e3o, subst\u00e2ncias como o chumbo e ars\u00e9nio conviviam com a atividade agr\u00edcola.<\/p>\n<p style=\"text-align: justify;\">A obra financiada com fundos europeus custou quase seis milh\u00f5es de euros, abrangendo os v\u00e1rios segmentos da Vale de S\u00e3o Filipe numa extens\u00e3o de tr\u00eas quil\u00f3metros.<\/p>\n<p style=\"text-align: justify;\">Fonte: <a href=\"https:\/\/sicnoticias.pt\/pais\/2021-11-18-Descontaminacao-do-Parque-Quimico-de-Estarreja-concluida-25-anos-depois-139cebe5\">SIC NOT\u00cdCIAS<\/a><\/p>\n<\/div><\/div><div class=\"su-column su-column-size-2-5\"><div class=\"su-column-inner su-u-clearfix su-u-trim\"><a href=\"https:\/\/sicnoticias.pt\/pais\/2021-11-18-Descontaminacao-do-Parque-Quimico-de-Estarreja-concluida-25-anos-depois-139cebe5\"><img loading=\"lazy\" decoding=\"async\" class=\"alignleft size-full wp-image-3288\" src=\"http:\/\/www.jcssterraplanagenslda.pt\/wp-content\/uploads\/2021\/11\/SICN.png\" alt=\"\" width=\"1920\" height=\"1080\" srcset=\"https:\/\/www.jcssterraplanagenslda.pt\/wp-content\/uploads\/2021\/11\/SICN.png 1920w, https:\/\/www.jcssterraplanagenslda.pt\/wp-content\/uploads\/2021\/11\/SICN-300x169.png 300w, https:\/\/www.jcssterraplanagenslda.pt\/wp-content\/uploads\/2021\/11\/SICN-1024x576.png 1024w, https:\/\/www.jcssterraplanagenslda.pt\/wp-content\/uploads\/2021\/11\/SICN-768x432.png 768w, https:\/\/www.jcssterraplanagenslda.pt\/wp-content\/uploads\/2021\/11\/SICN-1536x864.png 1536w\" sizes=\"auto, (max-width: 1920px) 100vw, 1920px\" \/><\/a><br \/>\n<\/div><\/div><\/div>\n","protected":false},"excerpt":{"rendered":"<p>Ficou conclu\u00edda ap\u00f3s remo\u00e7\u00e3o de lamas perigosas que estavam a c\u00e9u aberto.<br \/>\nA descontamina\u00e7\u00e3o do passivo ambiental do Parque Qu\u00edmico de Estarreja ficou conclu\u00edda 25 anos depois.<\/p>\n","protected":false},"author":1,"featured_media":3288,"parent":0,"menu_order":0,"comment_status":"closed","ping_status":"closed","template":"","meta":{"footnotes":""},"tags":[81],"class_list":["post-3285","page","type-page","status-publish","has-post-thumbnail","hentry","tag-q"],"aioseo_notices":[],"_links":{"self":[{"href":"https:\/\/www.jcssterraplanagenslda.pt\/index.php?rest_route=\/wp\/v2\/pages\/3285","targetHints":{"allow":["GET"]}}],"collection":[{"href":"https:\/\/www.jcssterraplanagenslda.pt\/index.php?rest_route=\/wp\/v2\/pages"}],"about":[{"href":"https:\/\/www.jcssterraplanagenslda.pt\/index.php?rest_route=\/wp\/v2\/types\/page"}],"author":[{"embeddable":true,"href":"https:\/\/www.jcssterraplanagenslda.pt\/index.php?rest_route=\/wp\/v2\/users\/1"}],"replies":[{"embeddable":true,"href":"https:\/\/www.jcssterraplanagenslda.pt\/index.php?rest_route=%2Fwp%2Fv2%2Fcomments&post=3285"}],"version-history":[{"count":7,"href":"https:\/\/www.jcssterraplanagenslda.pt\/index.php?rest_route=\/wp\/v2\/pages\/3285\/revisions"}],"predecessor-version":[{"id":3293,"href":"https:\/\/www.jcssterraplanagenslda.pt\/index.php?rest_route=\/wp\/v2\/pages\/3285\/revisions\/3293"}],"wp:featuredmedia":[{"embeddable":true,"href":"https:\/\/www.jcssterraplanagenslda.pt\/index.php?rest_route=\/wp\/v2\/media\/3288"}],"wp:attachment":[{"href":"https:\/\/www.jcssterraplanagenslda.pt\/index.php?rest_route=%2Fwp%2Fv2%2Fmedia&parent=3285"}],"wp:term":[{"taxonomy":"post_tag","embeddable":true,"href":"https:\/\/www.jcssterraplanagenslda.pt\/index.php?rest_route=%2Fwp%2Fv2%2Ftags&post=3285"}],"curies":[{"name":"wp","href":"https:\/\/api.w.org\/{rel}","templated":true}]}}