{"id":3250,"date":"2021-11-14T11:19:35","date_gmt":"2021-11-14T10:19:35","guid":{"rendered":"http:\/\/www.jcssterraplanagenslda.pt\/?page_id=3250"},"modified":"2021-11-14T12:09:48","modified_gmt":"2021-11-14T11:09:48","slug":"jcss-no-top-5-melhores-pme-portugal-edicao-2021","status":"publish","type":"page","link":"https:\/\/www.jcssterraplanagenslda.pt\/?page_id=3250","title":{"rendered":"JCSS no TOP 5% melhores PME Portugal, edi\u00e7\u00e3o 2021"},"content":{"rendered":"<div class=\"su-row\"><div class=\"su-column su-column-size-1-2\"><div class=\"su-column-inner su-u-clearfix su-u-trim\">\n<p>&nbsp;<\/p>\n<p><strong>JCSS no TOP 5% MELHORES PME DE PORTUGAL \/ Edi\u00e7\u00e3o 2021<\/strong><\/p>\n<p>RENOVA\u00c7\u00c3O DA CERTIFICA\u00c7\u00c3O:<\/p>\n<p style=\"text-align: justify;\">\u00c9 com enorme orgulho que recebemos a not\u00edcia da renova\u00e7\u00e3o da Certifica\u00e7\u00e3o atribu\u00edda pela SCORING de que a JCSS \u00e9 uma das TOP 5% MELHORES PME DE PORTUGAL \/ Edi\u00e7\u00e3o 2021.<\/p>\n<p>Obrigado a todos.<br \/>\nJuntos continuamos ainda mais fortes!<\/p>\n<\/div><\/div><div class=\"su-column su-column-size-1-2\"><div class=\"su-column-inner su-u-clearfix su-u-trim\">\n<p><img loading=\"lazy\" decoding=\"async\" class=\"alignleft size-full wp-image-3251\" src=\"http:\/\/www.jcssterraplanagenslda.pt\/wp-content\/uploads\/2021\/11\/JOSE-CARLOS-SILVA-SOUSA-504335383-CERTIFICADO-TOP-5-2021-scaled.jpg\" alt=\"\" width=\"1810\" height=\"2560\" srcset=\"https:\/\/www.jcssterraplanagenslda.pt\/wp-content\/uploads\/2021\/11\/JOSE-CARLOS-SILVA-SOUSA-504335383-CERTIFICADO-TOP-5-2021-scaled.jpg 1810w, https:\/\/www.jcssterraplanagenslda.pt\/wp-content\/uploads\/2021\/11\/JOSE-CARLOS-SILVA-SOUSA-504335383-CERTIFICADO-TOP-5-2021-212x300.jpg 212w, https:\/\/www.jcssterraplanagenslda.pt\/wp-content\/uploads\/2021\/11\/JOSE-CARLOS-SILVA-SOUSA-504335383-CERTIFICADO-TOP-5-2021-724x1024.jpg 724w, https:\/\/www.jcssterraplanagenslda.pt\/wp-content\/uploads\/2021\/11\/JOSE-CARLOS-SILVA-SOUSA-504335383-CERTIFICADO-TOP-5-2021-768x1086.jpg 768w, https:\/\/www.jcssterraplanagenslda.pt\/wp-content\/uploads\/2021\/11\/JOSE-CARLOS-SILVA-SOUSA-504335383-CERTIFICADO-TOP-5-2021-1086x1536.jpg 1086w, https:\/\/www.jcssterraplanagenslda.pt\/wp-content\/uploads\/2021\/11\/JOSE-CARLOS-SILVA-SOUSA-504335383-CERTIFICADO-TOP-5-2021-1448x2048.jpg 1448w\" sizes=\"auto, (max-width: 1810px) 100vw, 1810px\" \/><\/p>\n<p>&nbsp;<\/p>\n<\/div><\/div><\/div>\n","protected":false},"excerpt":{"rendered":"<p>RENOVA\u00c7\u00c3O DA CERTIFICA\u00c7\u00c3O:<\/p>\n<p>\u00c9 com enorme orgulho que recebemos a not\u00edcia da renova\u00e7\u00e3o da Certifica\u00e7\u00e3o atribu\u00edda pela SCORING de que a JCSS \u00e9 uma das TOP 5% MELHORES PME DE PORTUGAL \/ Edi\u00e7\u00e3o 2021.<\/p>\n","protected":false},"author":1,"featured_media":3252,"parent":0,"menu_order":0,"comment_status":"closed","ping_status":"closed","template":"","meta":{"footnotes":""},"tags":[93],"class_list":["post-3250","page","type-page","status-publish","has-post-thumbnail","hentry","tag-j"],"aioseo_notices":[],"_links":{"self":[{"href":"https:\/\/www.jcssterraplanagenslda.pt\/index.php?rest_route=\/wp\/v2\/pages\/3250","targetHints":{"allow":["GET"]}}],"collection":[{"href":"https:\/\/www.jcssterraplanagenslda.pt\/index.php?rest_route=\/wp\/v2\/pages"}],"about":[{"href":"https:\/\/www.jcssterraplanagenslda.pt\/index.php?rest_route=\/wp\/v2\/types\/page"}],"author":[{"embeddable":true,"href":"https:\/\/www.jcssterraplanagenslda.pt\/index.php?rest_route=\/wp\/v2\/users\/1"}],"replies":[{"embeddable":true,"href":"https:\/\/www.jcssterraplanagenslda.pt\/index.php?rest_route=%2Fwp%2Fv2%2Fcomments&post=3250"}],"version-history":[{"count":3,"href":"https:\/\/www.jcssterraplanagenslda.pt\/index.php?rest_route=\/wp\/v2\/pages\/3250\/revisions"}],"predecessor-version":[{"id":3390,"href":"https:\/\/www.jcssterraplanagenslda.pt\/index.php?rest_route=\/wp\/v2\/pages\/3250\/revisions\/3390"}],"wp:featuredmedia":[{"embeddable":true,"href":"https:\/\/www.jcssterraplanagenslda.pt\/index.php?rest_route=\/wp\/v2\/media\/3252"}],"wp:attachment":[{"href":"https:\/\/www.jcssterraplanagenslda.pt\/index.php?rest_route=%2Fwp%2Fv2%2Fmedia&parent=3250"}],"wp:term":[{"taxonomy":"post_tag","embeddable":true,"href":"https:\/\/www.jcssterraplanagenslda.pt\/index.php?rest_route=%2Fwp%2Fv2%2Ftags&post=3250"}],"curies":[{"name":"wp","href":"https:\/\/api.w.org\/{rel}","templated":true}]}}