{"id":3214,"date":"2021-09-20T21:26:20","date_gmt":"2021-09-20T20:26:20","guid":{"rendered":"http:\/\/www.jcssterraplanagenslda.pt\/?page_id=3214"},"modified":"2021-09-21T21:32:46","modified_gmt":"2021-09-21T20:32:46","slug":"obra-com-participacao-da-jcss-abertura-hilton-porto-gaia","status":"publish","type":"page","link":"https:\/\/www.jcssterraplanagenslda.pt\/?page_id=3214","title":{"rendered":"Obra com participa\u00e7\u00e3o da JCSS &#8211; Abertura Hilton Porto Gaia"},"content":{"rendered":"<h3><\/h3>\n<h3>Obra com participa\u00e7\u00e3o da JCSS &#8211; Abertura Hilton Porto Gaia<\/h3>\n<div class=\"su-row\"><div class=\"su-column su-column-size-1-2\"><div class=\"su-column-inner su-u-clearfix su-u-trim\">\n<p style=\"text-align: justify;\"><span style=\"color: #993300;\"><strong>20 de Setembro de 2021<\/strong><\/span><\/p>\n<div class=\"h_30h1wb8n3 o_30h1wf6sk clearfix\">\n<div class=\"clearfix j_30h1wbac4\">\n<div class=\"clearfix _42ef\">\n<div class=\"h_30h1wbac3\">\n<div class=\"_6a _5u5j\">\n<div class=\"_6a _5u5j _6b\">\n<div id=\"feed_subtitle_124890244281526;1393692890734582;;9\" class=\"_5pcp _5lel _2jyu _232_\" data-testid=\"story-subtitle\">\n<p>No dia de abertura, recordamos com enorme satisfa\u00e7\u00e3o a nossa colabora\u00e7\u00e3o neste projeto gigante e magn\u00edfico, localizado em Vila Nova de Gaia.<\/p>\n<p>&#8220;O Hilton Porto Gaia vai abrir oficialmente as portas na pr\u00f3xima segunda-feira (dia 20 de setembro), ap\u00f3s a conclus\u00e3o de um investimento superior a 40 milh\u00f5es de euros da Sabersal, empresa do universo da ECS Capital.<\/p>\n<p>Este \u00e9 um projeto que j\u00e1 data do in\u00edcio de 2008, lan\u00e7ado na altura pelo empres\u00e1rio Carlos Saraiva, e que veio ocupar os antigos armaz\u00e9ns de vinho do Porto da Delaforce\/Gran Cruz, na zona hist\u00f3rica de Vila Nova de Gaia. A Sabersal vai gerir o hotel de cinco estrelas em sistema de franchising.<\/p>\n<p>A nova unidade, a segunda da marca Hilton em Portugal e a primeira numa cidade do pa\u00eds, ocupa uma \u00e1rea de 32 mil metros quadrados, divididos por oito pisos, e responde por uma oferta de 194 quartos e suites. Uma das grandes apostas do novo hotel \u00e9 o segmento MICE (turismo de neg\u00f3cios e eventos), disponibilizando para o efeito uma sala de congressos com capacidade para 600 pessoas e um audit\u00f3rio com 350 lugares.<\/p>\n<p>O hotel disp\u00f5e ainda de um espa\u00e7o de sa\u00fade e bem-estar, comummente designado de SPA, com 1.100 metros quadrados. Piscina interior aquecida, espelho de \u00e1gua e uma \u00e1rea de descanso e relaxamento, juntam-se a um gin\u00e1sio e um est\u00fadio de yoga e pilates, que se encontram a partir da pr\u00f3xima segunda-feira abertos ao p\u00fablico em geral. Dentro das \u00e1reas sociais, destacam-se ainda o restaurante e dois bares, um dos quais panor\u00e2mico.&#8221;<\/p>\n<\/div>\n<\/div>\n<\/div>\n<\/div>\n<\/div>\n<\/div>\n<\/div>\n<p style=\"text-align: justify;\">Fonte: dinheirovivo.pt<\/p>\n<\/div><\/div><div class=\"su-column su-column-size-1-2\"><div class=\"su-column-inner su-u-clearfix su-u-trim\">[URIS id=3215]\n<\/div><\/div><\/div>\n","protected":false},"excerpt":{"rendered":"<p>No dia de abertura, recordamos com enorme satisfa\u00e7\u00e3o a nossa colabora\u00e7\u00e3o neste projeto gigante e magn\u00edfico, localizado em Vila Nova de Gaia.<\/p>\n","protected":false},"author":1,"featured_media":3220,"parent":0,"menu_order":0,"comment_status":"closed","ping_status":"closed","template":"","meta":{"footnotes":""},"tags":[81],"class_list":["post-3214","page","type-page","status-publish","has-post-thumbnail","hentry","tag-q"],"aioseo_notices":[],"_links":{"self":[{"href":"https:\/\/www.jcssterraplanagenslda.pt\/index.php?rest_route=\/wp\/v2\/pages\/3214","targetHints":{"allow":["GET"]}}],"collection":[{"href":"https:\/\/www.jcssterraplanagenslda.pt\/index.php?rest_route=\/wp\/v2\/pages"}],"about":[{"href":"https:\/\/www.jcssterraplanagenslda.pt\/index.php?rest_route=\/wp\/v2\/types\/page"}],"author":[{"embeddable":true,"href":"https:\/\/www.jcssterraplanagenslda.pt\/index.php?rest_route=\/wp\/v2\/users\/1"}],"replies":[{"embeddable":true,"href":"https:\/\/www.jcssterraplanagenslda.pt\/index.php?rest_route=%2Fwp%2Fv2%2Fcomments&post=3214"}],"version-history":[{"count":1,"href":"https:\/\/www.jcssterraplanagenslda.pt\/index.php?rest_route=\/wp\/v2\/pages\/3214\/revisions"}],"predecessor-version":[{"id":3221,"href":"https:\/\/www.jcssterraplanagenslda.pt\/index.php?rest_route=\/wp\/v2\/pages\/3214\/revisions\/3221"}],"wp:featuredmedia":[{"embeddable":true,"href":"https:\/\/www.jcssterraplanagenslda.pt\/index.php?rest_route=\/wp\/v2\/media\/3220"}],"wp:attachment":[{"href":"https:\/\/www.jcssterraplanagenslda.pt\/index.php?rest_route=%2Fwp%2Fv2%2Fmedia&parent=3214"}],"wp:term":[{"taxonomy":"post_tag","embeddable":true,"href":"https:\/\/www.jcssterraplanagenslda.pt\/index.php?rest_route=%2Fwp%2Fv2%2Ftags&post=3214"}],"curies":[{"name":"wp","href":"https:\/\/api.w.org\/{rel}","templated":true}]}}