{"id":3135,"date":"2021-03-27T22:39:01","date_gmt":"2021-03-27T21:39:01","guid":{"rendered":"http:\/\/www.jcssterraplanagenslda.pt\/?page_id=3135"},"modified":"2021-03-31T22:48:17","modified_gmt":"2021-03-31T21:48:17","slug":"conheca-o-progresso-das-obras-do-mercado-do-bolhao","status":"publish","type":"page","link":"https:\/\/www.jcssterraplanagenslda.pt\/?page_id=3135","title":{"rendered":"Conhe\u00e7a o progresso das obras do Mercado do Bolh\u00e3o"},"content":{"rendered":"<h3><\/h3>\n<h3>Obra com interven\u00e7\u00e3o da JCSS: Conhe\u00e7a o progresso das obras do Mercado do Bolh\u00e3o<\/h3>\n<div class=\"su-row\"><div class=\"su-column su-column-size-1-3\"><div class=\"su-column-inner su-u-clearfix su-u-trim\">\n<p style=\"text-align: justify;\"><span style=\"color: #993300;\"><strong>27 de Mar\u00e7o de 2021<\/strong><\/span><\/p>\n<div id=\"NewsSummary\">\n<p style=\"text-align: justify;\">FA obra de relojoaria do Mercado do Bolh\u00e3o prossegue com todos os ponteiros acertados para a sua reabertura na segunda metade do ano. T\u00fanel constru\u00eddo, fachadas restauradas, remodela\u00e7\u00e3o integral da cobertura conclu\u00edda e uma cave em fase de execu\u00e7\u00e3o. Cerca de 120 trabalhadores dedicados \u00e0 empreitada que vai devolver o hist\u00f3rico equipamento \u00e0 cidade, tornando todo o quarteir\u00e3o numa refer\u00eancia alimentar n\u00e3o s\u00f3 para o Porto como para toda a Regi\u00e3o Norte.<\/p>\n<\/div>\n<p style=\"text-align: justify;\">Fonte: <a href=\"https:\/\/www.porto.pt\/pt\/video\/conheca-o-progresso-das-obras-do-mercado-do-bolhao\">Porto.pt<\/a><\/p>\n<\/div><\/div><div class=\"su-column su-column-size-2-3\"><div class=\"su-column-inner su-u-clearfix su-u-trim\">\n<p><iframe loading=\"lazy\" title=\"Conhe\u00e7a o progresso das obras do Mercado do Bolh\u00e3o\" width=\"720\" height=\"405\" src=\"https:\/\/www.youtube.com\/embed\/sq-TquzaAt8?feature=oembed\" frameborder=\"0\" allow=\"accelerometer; autoplay; clipboard-write; encrypted-media; gyroscope; picture-in-picture\" allowfullscreen><\/iframe><\/p>\n\n<\/div><\/div><\/div>\n","protected":false},"excerpt":{"rendered":"<p>A obra de relojoaria do Mercado do Bolh\u00e3o prossegue com todos os ponteiros acertados para a sua reabertura na segunda metade do ano.<\/p>\n","protected":false},"author":1,"featured_media":3138,"parent":0,"menu_order":0,"comment_status":"closed","ping_status":"closed","template":"","meta":{"footnotes":""},"tags":[81],"class_list":["post-3135","page","type-page","status-publish","has-post-thumbnail","hentry","tag-q"],"aioseo_notices":[],"_links":{"self":[{"href":"https:\/\/www.jcssterraplanagenslda.pt\/index.php?rest_route=\/wp\/v2\/pages\/3135","targetHints":{"allow":["GET"]}}],"collection":[{"href":"https:\/\/www.jcssterraplanagenslda.pt\/index.php?rest_route=\/wp\/v2\/pages"}],"about":[{"href":"https:\/\/www.jcssterraplanagenslda.pt\/index.php?rest_route=\/wp\/v2\/types\/page"}],"author":[{"embeddable":true,"href":"https:\/\/www.jcssterraplanagenslda.pt\/index.php?rest_route=\/wp\/v2\/users\/1"}],"replies":[{"embeddable":true,"href":"https:\/\/www.jcssterraplanagenslda.pt\/index.php?rest_route=%2Fwp%2Fv2%2Fcomments&post=3135"}],"version-history":[{"count":2,"href":"https:\/\/www.jcssterraplanagenslda.pt\/index.php?rest_route=\/wp\/v2\/pages\/3135\/revisions"}],"predecessor-version":[{"id":3140,"href":"https:\/\/www.jcssterraplanagenslda.pt\/index.php?rest_route=\/wp\/v2\/pages\/3135\/revisions\/3140"}],"wp:featuredmedia":[{"embeddable":true,"href":"https:\/\/www.jcssterraplanagenslda.pt\/index.php?rest_route=\/wp\/v2\/media\/3138"}],"wp:attachment":[{"href":"https:\/\/www.jcssterraplanagenslda.pt\/index.php?rest_route=%2Fwp%2Fv2%2Fmedia&parent=3135"}],"wp:term":[{"taxonomy":"post_tag","embeddable":true,"href":"https:\/\/www.jcssterraplanagenslda.pt\/index.php?rest_route=%2Fwp%2Fv2%2Ftags&post=3135"}],"curies":[{"name":"wp","href":"https:\/\/api.w.org\/{rel}","templated":true}]}}