{"id":3105,"date":"2021-02-12T20:44:13","date_gmt":"2021-02-12T19:44:13","guid":{"rendered":"http:\/\/www.jcssterraplanagenslda.pt\/?page_id=3105"},"modified":"2021-02-13T20:54:04","modified_gmt":"2021-02-13T19:54:04","slug":"jcss-no-top-5-melhores-pme-de-portugal-edicao-2020","status":"publish","type":"page","link":"https:\/\/www.jcssterraplanagenslda.pt\/?page_id=3105","title":{"rendered":"JCSS no TOP 5% MELHORES PME DE PORTUGAL \/ Edi\u00e7\u00e3o 2020"},"content":{"rendered":"<div class=\"su-row\"><div class=\"su-column su-column-size-1-2\"><div class=\"su-column-inner su-u-clearfix su-u-trim\">\n<p>&nbsp;<\/p>\n<p><strong>JCSS no TOP 5% MELHORES PME DE PORTUGAL \/ Edi\u00e7\u00e3o 2020<\/strong><\/p>\n<p style=\"text-align: justify;\">E 2021 n\u00e3o podia come\u00e7ar de melhor maneira\u2026<\/p>\n<p style=\"text-align: justify;\">\u00c9 com enorme orgulho que recebemos a not\u00edcia da Certifica\u00e7\u00e3o atribu\u00edda pela SCORING de que a JCSS \u00e9 uma das TOP 5% MELHORES PME DE PORTUGAL \/ Edi\u00e7\u00e3o 2020.<\/p>\n<p style=\"text-align: justify;\">Citando:<\/p>\n<p style=\"text-align: justify;\">&#8220;Estar entre as melhores, na capacidade de gerar resultados e solidez financeira, s\u00f3 est\u00e1 ao alcance de 5% das empresas nacionais.<\/p>\n<p style=\"text-align: justify;\">Por isso, e muito justamente, a JOS\u00c9 CARLOS SILVA SOUSA TERRAPLANAGENS SA \u00e9 uma das TOP 5% MELHORES PME DE PORTUGAL \/ 2020\u201d.<\/p>\n<p style=\"text-align: justify;\">Partilhar esta distin\u00e7\u00e3o, refor\u00e7a a reputa\u00e7\u00e3o da empresa, a confian\u00e7a dos clientes e a excel\u00eancia da equipa e da gest\u00e3o.<\/p>\n<p style=\"text-align: justify;\">Esta classifica\u00e7\u00e3o:<\/p>\n<p style=\"text-align: justify;\">1. \u00c9 independente das empresas porque os dados s\u00e3o provenientes da IES;<\/p>\n<p style=\"text-align: justify;\">2. Est\u00e1 conforme a teoria de gest\u00e3o e o modelo tem aptid\u00e3o explicativa, conforme parecer de docentes do ensino superior doutorados em gest\u00e3o;<\/p>\n<p style=\"text-align: justify;\">3. \u00c9 aplicado de forma rigorosa e isenta, conforme auditoria independente BUREAU VERITAS;<\/p>\n<p style=\"text-align: justify;\">4. A integridade das classifica\u00e7\u00f5es \u00e9 assegurada com o registo das mesmas na ASSOFT.<\/p>\n<p style=\"text-align: justify;\">A empresa simultaneamente:<\/p>\n<p style=\"text-align: justify;\">&gt; cumpre os requisitos de acesso \u00e0 certifica\u00e7\u00e3o (dimens\u00e3o, transpar\u00eancia das contas, etc) e obt\u00e9m um \u00cdndice de Desempenho e Solidez financeira (IDS) superior a 80%, Nota\u00e7\u00e3o 5 &#8211; Excelente (calculado a partir dos indicadores econ\u00f3mico-financeiros provenientes da \u00faltima IES).<\/p>\n<p style=\"text-align: justify;\">Nota: para mais detalhes por favor consulte o site da SCORING (https:\/\/www.scoring.pt\/top5).&#8221;<\/p>\n<p>&nbsp;<\/p>\n<\/div><\/div><div class=\"su-column su-column-size-1-2\"><div class=\"su-column-inner su-u-clearfix su-u-trim\">\n<p><img loading=\"lazy\" decoding=\"async\" class=\"alignleft size-full wp-image-3107\" src=\"http:\/\/www.jcssterraplanagenslda.pt\/wp-content\/uploads\/2021\/02\/JOSE-CARLOS-SILVA-SOUSA-504335383-Selo-TOP5-2020.png\" alt=\"\" width=\"690\" height=\"430\" srcset=\"https:\/\/www.jcssterraplanagenslda.pt\/wp-content\/uploads\/2021\/02\/JOSE-CARLOS-SILVA-SOUSA-504335383-Selo-TOP5-2020.png 690w, https:\/\/www.jcssterraplanagenslda.pt\/wp-content\/uploads\/2021\/02\/JOSE-CARLOS-SILVA-SOUSA-504335383-Selo-TOP5-2020-300x187.png 300w\" sizes=\"auto, (max-width: 690px) 100vw, 690px\" \/><\/p>\n<p><img loading=\"lazy\" decoding=\"async\" class=\"alignleft size-full wp-image-3106\" src=\"http:\/\/www.jcssterraplanagenslda.pt\/wp-content\/uploads\/2021\/02\/JOSE-CARLOS-SILVA-SOUSA-504335383-CERTIFICADO-TOP-5-2020-scaled.jpg\" alt=\"\" width=\"1810\" height=\"2560\" srcset=\"https:\/\/www.jcssterraplanagenslda.pt\/wp-content\/uploads\/2021\/02\/JOSE-CARLOS-SILVA-SOUSA-504335383-CERTIFICADO-TOP-5-2020-scaled.jpg 1810w, https:\/\/www.jcssterraplanagenslda.pt\/wp-content\/uploads\/2021\/02\/JOSE-CARLOS-SILVA-SOUSA-504335383-CERTIFICADO-TOP-5-2020-212x300.jpg 212w, https:\/\/www.jcssterraplanagenslda.pt\/wp-content\/uploads\/2021\/02\/JOSE-CARLOS-SILVA-SOUSA-504335383-CERTIFICADO-TOP-5-2020-724x1024.jpg 724w, https:\/\/www.jcssterraplanagenslda.pt\/wp-content\/uploads\/2021\/02\/JOSE-CARLOS-SILVA-SOUSA-504335383-CERTIFICADO-TOP-5-2020-768x1086.jpg 768w, https:\/\/www.jcssterraplanagenslda.pt\/wp-content\/uploads\/2021\/02\/JOSE-CARLOS-SILVA-SOUSA-504335383-CERTIFICADO-TOP-5-2020-1086x1536.jpg 1086w, https:\/\/www.jcssterraplanagenslda.pt\/wp-content\/uploads\/2021\/02\/JOSE-CARLOS-SILVA-SOUSA-504335383-CERTIFICADO-TOP-5-2020-1448x2048.jpg 1448w\" sizes=\"auto, (max-width: 1810px) 100vw, 1810px\" \/><\/p>\n<\/div><\/div><\/div>\n","protected":false},"excerpt":{"rendered":"<p>E 2021 n\u00e3o podia come\u00e7ar de melhor maneira\u2026<\/p>\n<p>\u00c9 com enorme orgulho que recebemos a not\u00edcia da Certifica\u00e7\u00e3o atribu\u00edda pela SCORING de que a JCSS \u00e9 uma das TOP 5% MELHORES PME DE PORTUGAL \/ Edi\u00e7\u00e3o 2020.<\/p>\n","protected":false},"author":1,"featured_media":3107,"parent":0,"menu_order":0,"comment_status":"closed","ping_status":"closed","template":"","meta":{"footnotes":""},"tags":[93],"class_list":["post-3105","page","type-page","status-publish","has-post-thumbnail","hentry","tag-j"],"aioseo_notices":[],"_links":{"self":[{"href":"https:\/\/www.jcssterraplanagenslda.pt\/index.php?rest_route=\/wp\/v2\/pages\/3105","targetHints":{"allow":["GET"]}}],"collection":[{"href":"https:\/\/www.jcssterraplanagenslda.pt\/index.php?rest_route=\/wp\/v2\/pages"}],"about":[{"href":"https:\/\/www.jcssterraplanagenslda.pt\/index.php?rest_route=\/wp\/v2\/types\/page"}],"author":[{"embeddable":true,"href":"https:\/\/www.jcssterraplanagenslda.pt\/index.php?rest_route=\/wp\/v2\/users\/1"}],"replies":[{"embeddable":true,"href":"https:\/\/www.jcssterraplanagenslda.pt\/index.php?rest_route=%2Fwp%2Fv2%2Fcomments&post=3105"}],"version-history":[{"count":6,"href":"https:\/\/www.jcssterraplanagenslda.pt\/index.php?rest_route=\/wp\/v2\/pages\/3105\/revisions"}],"predecessor-version":[{"id":3113,"href":"https:\/\/www.jcssterraplanagenslda.pt\/index.php?rest_route=\/wp\/v2\/pages\/3105\/revisions\/3113"}],"wp:featuredmedia":[{"embeddable":true,"href":"https:\/\/www.jcssterraplanagenslda.pt\/index.php?rest_route=\/wp\/v2\/media\/3107"}],"wp:attachment":[{"href":"https:\/\/www.jcssterraplanagenslda.pt\/index.php?rest_route=%2Fwp%2Fv2%2Fmedia&parent=3105"}],"wp:term":[{"taxonomy":"post_tag","embeddable":true,"href":"https:\/\/www.jcssterraplanagenslda.pt\/index.php?rest_route=%2Fwp%2Fv2%2Ftags&post=3105"}],"curies":[{"name":"wp","href":"https:\/\/api.w.org\/{rel}","templated":true}]}}