{"id":3095,"date":"2021-01-06T00:14:04","date_gmt":"2021-01-05T23:14:04","guid":{"rendered":"http:\/\/www.jcssterraplanagenslda.pt\/?page_id=3095"},"modified":"2021-01-06T00:19:05","modified_gmt":"2021-01-05T23:19:05","slug":"renovacao-do-sistema-de-gestao-da-qualidade","status":"publish","type":"page","link":"https:\/\/www.jcssterraplanagenslda.pt\/?page_id=3095","title":{"rendered":"Renova\u00e7\u00e3o da certifica\u00e7\u00e3o do Sistema de gest\u00e3o da Qualidade"},"content":{"rendered":"<div class=\"su-row\"><div class=\"su-column su-column-size-3-5\"><div class=\"su-column-inner su-u-clearfix su-u-trim\">\n<p>&nbsp;<\/p>\n<p><strong>Renova\u00e7\u00e3o da certifica\u00e7\u00e3o do Sistema de gest\u00e3o da Qualidade<\/strong><\/p>\n<p style=\"text-align: justify;\">E 2021 n\u00e3o podia come\u00e7ar de melhor maneira&#8230;<\/p>\n<p style=\"text-align: justify;\">\u00c9 com enorme orgulho que recebemos a not\u00edcia da renova\u00e7\u00e3o da certifica\u00e7\u00e3o (at\u00e9 2023), do nosso Sistema implementado de Gest\u00e3o e Qualidade.<\/p>\n<p style=\"text-align: justify;\">Estamos profundamente gratos pelo esfor\u00e7o e dedica\u00e7\u00e3o de todos os envolvidos neste processo.<\/p>\n<p style=\"text-align: justify;\">O sistema de gest\u00e3o da qualidade implementado pela<strong> JCSS &#8211; Jos\u00e9 Carlos Silva Sousa Terraplanagens, SA<\/strong>\u00a0cumpre os requisitos especificados na norma <strong>NP EN\u00a0ISO 9001:2015<\/strong> para a atividade de trabalhos preparativos para a constru\u00e7\u00e3o civil e demoli\u00e7\u00f5es com uso de equipamentos mec\u00e2nicos.<\/p>\n<p>&nbsp;<\/p>\n<p><strong>Vis\u00e3o<\/strong><\/p>\n<p>Empresa sustent\u00e1vel e reconhecida a n\u00edvel nacional<\/p>\n<p><b>Miss\u00e3o<\/b><\/p>\n<p>Desempenho r\u00e1pido e eficaz, satisfazendo as necessidades de cada obra<\/p>\n<p><strong>Valores<\/strong><\/p>\n<ul>\n<li>Rigor<\/li>\n<li>Compet\u00eancia<\/li>\n<li>Profissionalismo<\/li>\n<\/ul>\n<p><b>Pol\u00edtica da qualidade<\/b><\/p>\n<p style=\"text-align: justify;\">A ger\u00eancia, consciente de que o mercado em que se insere \u00e9 cada vez mais exigente e competitivo, considera que a orienta\u00e7\u00e3o dos esfor\u00e7os de todos \u00e9 fundamental para a sustentabilidade e melhoria cont\u00ednua da efic\u00e1cia da organiza\u00e7\u00e3o, assegurando a satisfa\u00e7\u00e3o dos clientes, a produtividade e execu\u00e7\u00e3o do servi\u00e7o \u00e0 primeira, assim como, o cumprimento dos prazos e dos requistios dos clientes, legais e outros.<\/p>\n<\/div><\/div><div class=\"su-column su-column-size-2-5\"><div class=\"su-column-inner su-u-clearfix su-u-trim\">\n<p>&nbsp;<\/p>\n<p>&nbsp;<\/p>\n<p><img loading=\"lazy\" decoding=\"async\" class=\"alignleft wp-image-2772 size-full\" src=\"http:\/\/www.jcssterraplanagenslda.pt\/wp-content\/uploads\/2017\/12\/eic-e1519344428901.png\" alt=\"\" width=\"100\" height=\"108\" \/><\/p>\n<p><img loading=\"lazy\" decoding=\"async\" class=\"alignleft size-full wp-image-3057\" src=\"http:\/\/www.jcssterraplanagenslda.pt\/wp-content\/uploads\/2021\/01\/JCSS-E-5546-scaled.jpg\" alt=\"\" width=\"1810\" height=\"2560\" srcset=\"https:\/\/www.jcssterraplanagenslda.pt\/wp-content\/uploads\/2021\/01\/JCSS-E-5546-scaled.jpg 1810w, https:\/\/www.jcssterraplanagenslda.pt\/wp-content\/uploads\/2021\/01\/JCSS-E-5546-212x300.jpg 212w, https:\/\/www.jcssterraplanagenslda.pt\/wp-content\/uploads\/2021\/01\/JCSS-E-5546-724x1024.jpg 724w, https:\/\/www.jcssterraplanagenslda.pt\/wp-content\/uploads\/2021\/01\/JCSS-E-5546-768x1086.jpg 768w, https:\/\/www.jcssterraplanagenslda.pt\/wp-content\/uploads\/2021\/01\/JCSS-E-5546-1086x1536.jpg 1086w, https:\/\/www.jcssterraplanagenslda.pt\/wp-content\/uploads\/2021\/01\/JCSS-E-5546-1448x2048.jpg 1448w\" sizes=\"auto, (max-width: 1810px) 100vw, 1810px\" \/><br \/>\n<\/div><\/div><\/div>\n","protected":false},"excerpt":{"rendered":"<p>E 2021 n\u00e3o podia come\u00e7ar de melhor maneira&#8230;<br \/>\n\u00c9 com enorme orgulho que recebemos a not\u00edcia da renova\u00e7\u00e3o da certifica\u00e7\u00e3o (at\u00e9 2023), do nosso Sistema implementado de Gest\u00e3o e Qualidade.<\/p>\n","protected":false},"author":1,"featured_media":3057,"parent":0,"menu_order":0,"comment_status":"closed","ping_status":"closed","template":"","meta":{"footnotes":""},"tags":[93],"class_list":["post-3095","page","type-page","status-publish","has-post-thumbnail","hentry","tag-j"],"aioseo_notices":[],"_links":{"self":[{"href":"https:\/\/www.jcssterraplanagenslda.pt\/index.php?rest_route=\/wp\/v2\/pages\/3095","targetHints":{"allow":["GET"]}}],"collection":[{"href":"https:\/\/www.jcssterraplanagenslda.pt\/index.php?rest_route=\/wp\/v2\/pages"}],"about":[{"href":"https:\/\/www.jcssterraplanagenslda.pt\/index.php?rest_route=\/wp\/v2\/types\/page"}],"author":[{"embeddable":true,"href":"https:\/\/www.jcssterraplanagenslda.pt\/index.php?rest_route=\/wp\/v2\/users\/1"}],"replies":[{"embeddable":true,"href":"https:\/\/www.jcssterraplanagenslda.pt\/index.php?rest_route=%2Fwp%2Fv2%2Fcomments&post=3095"}],"version-history":[{"count":2,"href":"https:\/\/www.jcssterraplanagenslda.pt\/index.php?rest_route=\/wp\/v2\/pages\/3095\/revisions"}],"predecessor-version":[{"id":3097,"href":"https:\/\/www.jcssterraplanagenslda.pt\/index.php?rest_route=\/wp\/v2\/pages\/3095\/revisions\/3097"}],"wp:featuredmedia":[{"embeddable":true,"href":"https:\/\/www.jcssterraplanagenslda.pt\/index.php?rest_route=\/wp\/v2\/media\/3057"}],"wp:attachment":[{"href":"https:\/\/www.jcssterraplanagenslda.pt\/index.php?rest_route=%2Fwp%2Fv2%2Fmedia&parent=3095"}],"wp:term":[{"taxonomy":"post_tag","embeddable":true,"href":"https:\/\/www.jcssterraplanagenslda.pt\/index.php?rest_route=%2Fwp%2Fv2%2Ftags&post=3095"}],"curies":[{"name":"wp","href":"https:\/\/api.w.org\/{rel}","templated":true}]}}