{"id":2993,"date":"2020-11-28T15:25:31","date_gmt":"2020-11-28T14:25:31","guid":{"rendered":"http:\/\/www.jcssterraplanagenslda.pt\/?page_id=2993"},"modified":"2020-12-08T15:34:59","modified_gmt":"2020-12-08T14:34:59","slug":"obra-adjudicada-cedros-lux-design","status":"publish","type":"page","link":"https:\/\/www.jcssterraplanagenslda.pt\/?page_id=2993","title":{"rendered":"Obra adjudicada &#8211; CEDROS LUX DESIGN"},"content":{"rendered":"<h3><\/h3>\n<h3>Obra adjudicada &#8211; CEDROS LUX DESIGN<\/h3>\n<div class=\"su-row\"><div class=\"su-column su-column-size-1-2\"><div class=\"su-column-inner su-u-clearfix su-u-trim\">\n<p style=\"text-align: justify;\"><span style=\"color: #993300;\"><strong>28 de Novembro de 2020<\/strong><\/span><\/p>\n<div class=\"h_30h1wb8n3 o_30h1wf6sk clearfix\">\n<div class=\"clearfix j_30h1wbac4\">\n<div class=\"clearfix _42ef\">\n<div class=\"h_30h1wbac3\">\n<div class=\"_6a _5u5j\">\n<div class=\"_6a _5u5j _6b\">\n<div id=\"feed_subtitle_124890244281526;1393692890734582;;9\" class=\"_5pcp _5lel _2jyu _232_\" data-testid=\"story-subtitle\">\n<p style=\"text-align: justify;\">No centro do Porto, na Rua dos Cedros, perpendicular \u00e0 Avenida Dr. Antunes Guimar\u00e3es, vai nascer o CEDROS LUX DESIGN, um empreendimento que promete ser um \u00edcone da cidade.<\/p>\n<p style=\"text-align: justify;\">Disp\u00f5e de \u00e1reas exterior generosas, acabamentos de requinte e design moderno.<\/p>\n<p style=\"text-align: justify;\">A sua localiza\u00e7\u00e3o \u00e9 bastante central, encontrando-se a poucos metros de uma \u00e1rea rica em servi\u00e7os, restaura\u00e7\u00e3o, com\u00e9rcio, supermercados e transportes p\u00fablicos, proporcionando desta forma uma f\u00e1cil mobilidade e qualidade de vida para os seus moradores.<\/p>\n<\/div>\n<\/div>\n<\/div>\n<\/div>\n<\/div>\n<\/div>\n<\/div>\n<p style=\"text-align: justify;\">Fonte: sllash.com e idealista.pt<\/p>\n<\/div><\/div><div class=\"su-column su-column-size-1-2\"><div class=\"su-column-inner su-u-clearfix su-u-trim\"><img loading=\"lazy\" decoding=\"async\" class=\"alignleft size-full wp-image-2994\" src=\"http:\/\/www.jcssterraplanagenslda.pt\/wp-content\/uploads\/2020\/12\/128067909_3198453870258466_871849390025779863_o.jpg\" alt=\"\" width=\"960\" height=\"960\" srcset=\"https:\/\/www.jcssterraplanagenslda.pt\/wp-content\/uploads\/2020\/12\/128067909_3198453870258466_871849390025779863_o.jpg 960w, https:\/\/www.jcssterraplanagenslda.pt\/wp-content\/uploads\/2020\/12\/128067909_3198453870258466_871849390025779863_o-300x300.jpg 300w, https:\/\/www.jcssterraplanagenslda.pt\/wp-content\/uploads\/2020\/12\/128067909_3198453870258466_871849390025779863_o-150x150.jpg 150w, https:\/\/www.jcssterraplanagenslda.pt\/wp-content\/uploads\/2020\/12\/128067909_3198453870258466_871849390025779863_o-768x768.jpg 768w, https:\/\/www.jcssterraplanagenslda.pt\/wp-content\/uploads\/2020\/12\/128067909_3198453870258466_871849390025779863_o-230x230.jpg 230w, https:\/\/www.jcssterraplanagenslda.pt\/wp-content\/uploads\/2020\/12\/128067909_3198453870258466_871849390025779863_o-365x365.jpg 365w, https:\/\/www.jcssterraplanagenslda.pt\/wp-content\/uploads\/2020\/12\/128067909_3198453870258466_871849390025779863_o-45x45.jpg 45w\" sizes=\"auto, (max-width: 960px) 100vw, 960px\" \/><br \/>\n<\/div><\/div><\/div>\n","protected":false},"excerpt":{"rendered":"<p>No centro do Porto, na Rua dos Cedros, perpendicular \u00e0 Avenida Dr. Antunes Guimar\u00e3es, vai nascer o CEDROS LUX DESIGN, um empreendimento que promete ser um \u00edcone da cidade.<\/p>\n","protected":false},"author":1,"featured_media":2994,"parent":0,"menu_order":0,"comment_status":"closed","ping_status":"closed","template":"","meta":{"footnotes":""},"tags":[81],"class_list":["post-2993","page","type-page","status-publish","has-post-thumbnail","hentry","tag-q"],"aioseo_notices":[],"_links":{"self":[{"href":"https:\/\/www.jcssterraplanagenslda.pt\/index.php?rest_route=\/wp\/v2\/pages\/2993","targetHints":{"allow":["GET"]}}],"collection":[{"href":"https:\/\/www.jcssterraplanagenslda.pt\/index.php?rest_route=\/wp\/v2\/pages"}],"about":[{"href":"https:\/\/www.jcssterraplanagenslda.pt\/index.php?rest_route=\/wp\/v2\/types\/page"}],"author":[{"embeddable":true,"href":"https:\/\/www.jcssterraplanagenslda.pt\/index.php?rest_route=\/wp\/v2\/users\/1"}],"replies":[{"embeddable":true,"href":"https:\/\/www.jcssterraplanagenslda.pt\/index.php?rest_route=%2Fwp%2Fv2%2Fcomments&post=2993"}],"version-history":[{"count":4,"href":"https:\/\/www.jcssterraplanagenslda.pt\/index.php?rest_route=\/wp\/v2\/pages\/2993\/revisions"}],"predecessor-version":[{"id":2998,"href":"https:\/\/www.jcssterraplanagenslda.pt\/index.php?rest_route=\/wp\/v2\/pages\/2993\/revisions\/2998"}],"wp:featuredmedia":[{"embeddable":true,"href":"https:\/\/www.jcssterraplanagenslda.pt\/index.php?rest_route=\/wp\/v2\/media\/2994"}],"wp:attachment":[{"href":"https:\/\/www.jcssterraplanagenslda.pt\/index.php?rest_route=%2Fwp%2Fv2%2Fmedia&parent=2993"}],"wp:term":[{"taxonomy":"post_tag","embeddable":true,"href":"https:\/\/www.jcssterraplanagenslda.pt\/index.php?rest_route=%2Fwp%2Fv2%2Ftags&post=2993"}],"curies":[{"name":"wp","href":"https:\/\/api.w.org\/{rel}","templated":true}]}}