{"id":2989,"date":"2020-11-13T14:47:34","date_gmt":"2020-11-13T13:47:34","guid":{"rendered":"http:\/\/www.jcssterraplanagenslda.pt\/?page_id=2989"},"modified":"2020-12-08T15:35:44","modified_gmt":"2020-12-08T14:35:44","slug":"obra-adjudicada-ampliacao-do-continente-de-vila-real","status":"publish","type":"page","link":"https:\/\/www.jcssterraplanagenslda.pt\/?page_id=2989","title":{"rendered":"Obra adjudicada &#8211; Amplia\u00e7\u00e3o do continente de Vila Real"},"content":{"rendered":"<h3><\/h3>\n<h3>Obra adjudicada &#8211; Amplia\u00e7\u00e3o do continente de Vila Real<\/h3>\n<div class=\"su-row\"><div class=\"su-column su-column-size-1-2\"><div class=\"su-column-inner su-u-clearfix su-u-trim\">\n<p style=\"text-align: justify;\"><span style=\"color: #993300;\"><strong>13 de Novembro de 2020<\/strong><\/span><\/p>\n<div class=\"h_30h1wb8n3 o_30h1wf6sk clearfix\">\n<div class=\"clearfix j_30h1wbac4\">\n<div class=\"clearfix _42ef\">\n<div class=\"h_30h1wbac3\">\n<div class=\"_6a _5u5j\">\n<div class=\"_6a _5u5j _6b\">\n<div id=\"feed_subtitle_124890244281526;1393692890734582;;9\" class=\"_5pcp _5lel _2jyu _232_\" data-testid=\"story-subtitle\">\n<p style=\"text-align: justify;\">&#8220;Sonae vai ampliar Continente de Vila Real e criar mais 124 empregos.<\/p>\n<p style=\"text-align: justify;\">O grupo Sonae vai investir 1,5 milh\u00f5es de euros na amplia\u00e7\u00e3o do complexo comercial do Continente de Vila Real, empreendimento que dever\u00e1 aumentar o seu quadro laboral de 257 para 381 trabalhadores.<\/p>\n<p style=\"text-align: justify;\">O objectivo principal do projecto \u00e9 aumentar a \u00e1rea bruta loc\u00e1vel em mais de quatro mil metros quadrados, o que representa um acr\u00e9scimo de quase 50% \u00e0 actual dimens\u00e3o comercial do empreendimento.<\/p>\n<p style=\"text-align: justify;\">O projecto de amplia\u00e7\u00e3o, a concluir durante o pr\u00f3ximo ano, contempla ainda o aumento da \u00e1rea de estacionamento em 150 lugares, passando a dispor de 556 lugares.&#8221;<\/p>\n<\/div>\n<\/div>\n<\/div>\n<\/div>\n<\/div>\n<\/div>\n<\/div>\n<p style=\"text-align: justify;\">Fonte:<\/p>\n<p>Jornal de Neg\u00f3cios e Not\u00edcias de Vila Real<\/p>\n<\/div><\/div><div class=\"su-column su-column-size-1-2\"><div class=\"su-column-inner su-u-clearfix su-u-trim\"><img loading=\"lazy\" decoding=\"async\" class=\"alignleft size-full wp-image-2990\" src=\"http:\/\/www.jcssterraplanagenslda.pt\/wp-content\/uploads\/2020\/11\/125387656_3158290290941491_5243252912285039074_o.jpg\" alt=\"\" width=\"1024\" height=\"493\" srcset=\"https:\/\/www.jcssterraplanagenslda.pt\/wp-content\/uploads\/2020\/11\/125387656_3158290290941491_5243252912285039074_o.jpg 1024w, https:\/\/www.jcssterraplanagenslda.pt\/wp-content\/uploads\/2020\/11\/125387656_3158290290941491_5243252912285039074_o-300x144.jpg 300w, https:\/\/www.jcssterraplanagenslda.pt\/wp-content\/uploads\/2020\/11\/125387656_3158290290941491_5243252912285039074_o-768x370.jpg 768w\" sizes=\"auto, (max-width: 1024px) 100vw, 1024px\" \/><br \/>\n<\/div><\/div><\/div>\n","protected":false},"excerpt":{"rendered":"<p>&#8220;Sonae vai ampliar Continente de Vila Real e criar mais 124 empregos.<br \/>\nO grupo Sonae vai investir 1,5 milh\u00f5es de euros na amplia\u00e7\u00e3o do complexo comercial do Continente de Vila Real, empreendimento que dever\u00e1 aumentar o seu quadro laboral de 257 para 381 trabalhadores.<\/p>\n","protected":false},"author":1,"featured_media":2990,"parent":0,"menu_order":0,"comment_status":"closed","ping_status":"closed","template":"","meta":{"footnotes":""},"tags":[81],"class_list":["post-2989","page","type-page","status-publish","has-post-thumbnail","hentry","tag-q"],"aioseo_notices":[],"_links":{"self":[{"href":"https:\/\/www.jcssterraplanagenslda.pt\/index.php?rest_route=\/wp\/v2\/pages\/2989","targetHints":{"allow":["GET"]}}],"collection":[{"href":"https:\/\/www.jcssterraplanagenslda.pt\/index.php?rest_route=\/wp\/v2\/pages"}],"about":[{"href":"https:\/\/www.jcssterraplanagenslda.pt\/index.php?rest_route=\/wp\/v2\/types\/page"}],"author":[{"embeddable":true,"href":"https:\/\/www.jcssterraplanagenslda.pt\/index.php?rest_route=\/wp\/v2\/users\/1"}],"replies":[{"embeddable":true,"href":"https:\/\/www.jcssterraplanagenslda.pt\/index.php?rest_route=%2Fwp%2Fv2%2Fcomments&post=2989"}],"version-history":[{"count":2,"href":"https:\/\/www.jcssterraplanagenslda.pt\/index.php?rest_route=\/wp\/v2\/pages\/2989\/revisions"}],"predecessor-version":[{"id":2999,"href":"https:\/\/www.jcssterraplanagenslda.pt\/index.php?rest_route=\/wp\/v2\/pages\/2989\/revisions\/2999"}],"wp:featuredmedia":[{"embeddable":true,"href":"https:\/\/www.jcssterraplanagenslda.pt\/index.php?rest_route=\/wp\/v2\/media\/2990"}],"wp:attachment":[{"href":"https:\/\/www.jcssterraplanagenslda.pt\/index.php?rest_route=%2Fwp%2Fv2%2Fmedia&parent=2989"}],"wp:term":[{"taxonomy":"post_tag","embeddable":true,"href":"https:\/\/www.jcssterraplanagenslda.pt\/index.php?rest_route=%2Fwp%2Fv2%2Ftags&post=2989"}],"curies":[{"name":"wp","href":"https:\/\/api.w.org\/{rel}","templated":true}]}}