{"id":2974,"date":"2020-10-13T23:03:41","date_gmt":"2020-10-13T22:03:41","guid":{"rendered":"http:\/\/www.jcssterraplanagenslda.pt\/?page_id=2974"},"modified":"2020-10-15T23:06:14","modified_gmt":"2020-10-15T22:06:14","slug":"12-anos-consecutivos-pme-lider-2009-2020","status":"publish","type":"page","link":"https:\/\/www.jcssterraplanagenslda.pt\/?page_id=2974","title":{"rendered":"12 anos consecutivos PME L\u00edder (2009-2020)"},"content":{"rendered":"<h3><\/h3>\n<h3>12 anos PME L\u00edder (2009-2020)<\/h3>\n<div class=\"su-row\"><div class=\"su-column su-column-size-1-2\"><div class=\"su-column-inner su-u-clearfix su-u-trim\">\n<p><span style=\"color: #993300;\"><strong>13 de Outubro de 2020<\/strong><\/span><\/p>\n<p style=\"text-align: justify;\">E mais uma vez, \u00e9 com agrado que informamos que o IAPMEI renovou \u00e0 empresa Jos\u00e9 Carlos Silva Sousa &#8211; Terraplanagens, Lda., o Estatuto de PME L\u00edder, em 2020, na sequ\u00eancia da qualidade do nosso desempenho e perfil de risco.<\/p>\n<p>&#8220;\u00c9 com imenso prazer que comunicamos a atribui\u00e7\u00e3o \u00e0 vossa Empresa do Estatuto de PME L\u00edder 2020, na sequ\u00eancia da qualidade do vosso desempenho e perfil de risco.<br \/>\nQueremos felicit\u00e1-los pela manuten\u00e7\u00e3o desta distin\u00e7\u00e3o, criada pelo IAPMEI, numa parceria com o Turismo de Portugal, a Banca e as Sociedades de Garantia M\u00fatua, para sinalizar as PME com desempenhos superiores, sendo uma satisfa\u00e7\u00e3o poder reconhecer publicamente o sucesso da vossa estrat\u00e9gia empresarial e a import\u00e2ncia do vosso contributo para a economia nacional.<br \/>\nAtrav\u00e9s do Estatuto PME L\u00edder, renovado anualmente, podem beneficiar de uma notoriedade acrescida junto do mercado, bem como de condi\u00e7\u00f5es especiais no acesso a financiamento e a servi\u00e7os disponibilizados pela nossa rede de parcerias.&#8221;<\/p>\n<p style=\"text-align: justify;\"><\/div><\/div> <div class=\"su-column su-column-size-1-2\"><div class=\"su-column-inner su-u-clearfix su-u-trim\">\n<p style=\"text-align: justify;\"><img loading=\"lazy\" decoding=\"async\" class=\"alignleft size-full wp-image-2976\" src=\"http:\/\/www.jcssterraplanagenslda.pt\/wp-content\/uploads\/2020\/10\/PMElider20.png\" alt=\"\" width=\"744\" height=\"526\" srcset=\"https:\/\/www.jcssterraplanagenslda.pt\/wp-content\/uploads\/2020\/10\/PMElider20.png 744w, https:\/\/www.jcssterraplanagenslda.pt\/wp-content\/uploads\/2020\/10\/PMElider20-300x212.png 300w\" sizes=\"auto, (max-width: 744px) 100vw, 744px\" \/><\/p>\n<p style=\"text-align: justify;\"><\/div><\/div><\/div>\n","protected":false},"excerpt":{"rendered":"<p>E mais uma vez, \u00e9 com agrado que informamos que o IAPMEI renovou \u00e0 empresa Jos\u00e9 Carlos Silva Sousa &#8211; Terraplanagens, Lda., o Estatuto de PME L\u00edder, em 2020, na sequ\u00eancia da qualidade do nosso desempenho e perfil de risco.<\/p>\n","protected":false},"author":1,"featured_media":2977,"parent":0,"menu_order":0,"comment_status":"closed","ping_status":"closed","template":"","meta":{"footnotes":""},"tags":[93],"class_list":["post-2974","page","type-page","status-publish","has-post-thumbnail","hentry","tag-j"],"aioseo_notices":[],"_links":{"self":[{"href":"https:\/\/www.jcssterraplanagenslda.pt\/index.php?rest_route=\/wp\/v2\/pages\/2974","targetHints":{"allow":["GET"]}}],"collection":[{"href":"https:\/\/www.jcssterraplanagenslda.pt\/index.php?rest_route=\/wp\/v2\/pages"}],"about":[{"href":"https:\/\/www.jcssterraplanagenslda.pt\/index.php?rest_route=\/wp\/v2\/types\/page"}],"author":[{"embeddable":true,"href":"https:\/\/www.jcssterraplanagenslda.pt\/index.php?rest_route=\/wp\/v2\/users\/1"}],"replies":[{"embeddable":true,"href":"https:\/\/www.jcssterraplanagenslda.pt\/index.php?rest_route=%2Fwp%2Fv2%2Fcomments&post=2974"}],"version-history":[{"count":1,"href":"https:\/\/www.jcssterraplanagenslda.pt\/index.php?rest_route=\/wp\/v2\/pages\/2974\/revisions"}],"predecessor-version":[{"id":2978,"href":"https:\/\/www.jcssterraplanagenslda.pt\/index.php?rest_route=\/wp\/v2\/pages\/2974\/revisions\/2978"}],"wp:featuredmedia":[{"embeddable":true,"href":"https:\/\/www.jcssterraplanagenslda.pt\/index.php?rest_route=\/wp\/v2\/media\/2977"}],"wp:attachment":[{"href":"https:\/\/www.jcssterraplanagenslda.pt\/index.php?rest_route=%2Fwp%2Fv2%2Fmedia&parent=2974"}],"wp:term":[{"taxonomy":"post_tag","embeddable":true,"href":"https:\/\/www.jcssterraplanagenslda.pt\/index.php?rest_route=%2Fwp%2Fv2%2Ftags&post=2974"}],"curies":[{"name":"wp","href":"https:\/\/api.w.org\/{rel}","templated":true}]}}