{"id":2967,"date":"2020-04-15T12:20:41","date_gmt":"2020-04-15T11:20:41","guid":{"rendered":"http:\/\/www.jcssterraplanagenslda.pt\/?page_id=2967"},"modified":"2020-04-22T12:36:54","modified_gmt":"2020-04-22T11:36:54","slug":"selo-de-2020-para-o-certificado-ecolub","status":"publish","type":"page","link":"https:\/\/www.jcssterraplanagenslda.pt\/?page_id=2967","title":{"rendered":"Selo de 2020 para o certificado Ecolub"},"content":{"rendered":"<h3><\/h3>\n<h3>Selo de 2020 para o certificado Ecolub<\/h3>\n<div class=\"su-row\"><div class=\"su-column su-column-size-1-2\"><div class=\"su-column-inner su-u-clearfix su-u-trim\">\n<p><span style=\"color: #993300;\"><strong>15 de Abril de 2020<\/strong><\/span><\/p>\n<p style=\"text-align: justify;\">\u00c9 com agrado que recebemos o selo de 2020 para o certificado Ecolub, atribu\u00eddo \u00e0s empresas que entregaram os \u00f3leos usados ao SIGOU (Sistema Integrado de Gest\u00e3o de \u00d3leos Usados) durante o ano 2019.<\/p>\n<p style=\"text-align: justify;\">Este selo, prova e transmite a quem o visualiza, que os \u00f3leos lubrificantes usados s\u00e3o correctamente encaminhados para destinos finais legalmente autorizados.<\/p>\n<p style=\"text-align: justify;\"><\/div><\/div> <div class=\"su-column su-column-size-1-2\"><div class=\"su-column-inner su-u-clearfix su-u-trim\">\n<p style=\"text-align: justify;\"><img loading=\"lazy\" decoding=\"async\" class=\"alignleft size-full wp-image-2968\" src=\"http:\/\/www.jcssterraplanagenslda.pt\/wp-content\/uploads\/2020\/04\/CCE20042020.jpg\" alt=\"\" width=\"785\" height=\"1115\" srcset=\"https:\/\/www.jcssterraplanagenslda.pt\/wp-content\/uploads\/2020\/04\/CCE20042020.jpg 785w, https:\/\/www.jcssterraplanagenslda.pt\/wp-content\/uploads\/2020\/04\/CCE20042020-211x300.jpg 211w, https:\/\/www.jcssterraplanagenslda.pt\/wp-content\/uploads\/2020\/04\/CCE20042020-768x1091.jpg 768w, https:\/\/www.jcssterraplanagenslda.pt\/wp-content\/uploads\/2020\/04\/CCE20042020-721x1024.jpg 721w, https:\/\/www.jcssterraplanagenslda.pt\/wp-content\/uploads\/2020\/04\/CCE20042020-500x710.jpg 500w\" sizes=\"auto, (max-width: 785px) 100vw, 785px\" \/><\/p>\n<p style=\"text-align: justify;\"><\/div><\/div><\/div>\n","protected":false},"excerpt":{"rendered":"<p>\u00c9 com agrado que recebemos o selo de 2020 para o certificado Ecolub, atribu\u00eddo \u00e0s empresas que entregaram os \u00f3leos usados ao SIGOU (Sistema Integrado de Gest\u00e3o de \u00d3leos Usados) durante o ano 2019.<\/p>\n","protected":false},"author":1,"featured_media":2969,"parent":0,"menu_order":0,"comment_status":"closed","ping_status":"closed","template":"","meta":{"footnotes":""},"tags":[93],"class_list":["post-2967","page","type-page","status-publish","has-post-thumbnail","hentry","tag-j"],"aioseo_notices":[],"_links":{"self":[{"href":"https:\/\/www.jcssterraplanagenslda.pt\/index.php?rest_route=\/wp\/v2\/pages\/2967","targetHints":{"allow":["GET"]}}],"collection":[{"href":"https:\/\/www.jcssterraplanagenslda.pt\/index.php?rest_route=\/wp\/v2\/pages"}],"about":[{"href":"https:\/\/www.jcssterraplanagenslda.pt\/index.php?rest_route=\/wp\/v2\/types\/page"}],"author":[{"embeddable":true,"href":"https:\/\/www.jcssterraplanagenslda.pt\/index.php?rest_route=\/wp\/v2\/users\/1"}],"replies":[{"embeddable":true,"href":"https:\/\/www.jcssterraplanagenslda.pt\/index.php?rest_route=%2Fwp%2Fv2%2Fcomments&post=2967"}],"version-history":[{"count":2,"href":"https:\/\/www.jcssterraplanagenslda.pt\/index.php?rest_route=\/wp\/v2\/pages\/2967\/revisions"}],"predecessor-version":[{"id":2972,"href":"https:\/\/www.jcssterraplanagenslda.pt\/index.php?rest_route=\/wp\/v2\/pages\/2967\/revisions\/2972"}],"wp:featuredmedia":[{"embeddable":true,"href":"https:\/\/www.jcssterraplanagenslda.pt\/index.php?rest_route=\/wp\/v2\/media\/2969"}],"wp:attachment":[{"href":"https:\/\/www.jcssterraplanagenslda.pt\/index.php?rest_route=%2Fwp%2Fv2%2Fmedia&parent=2967"}],"wp:term":[{"taxonomy":"post_tag","embeddable":true,"href":"https:\/\/www.jcssterraplanagenslda.pt\/index.php?rest_route=%2Fwp%2Fv2%2Ftags&post=2967"}],"curies":[{"name":"wp","href":"https:\/\/api.w.org\/{rel}","templated":true}]}}