{"id":2959,"date":"2020-03-20T22:48:00","date_gmt":"2020-03-20T21:48:00","guid":{"rendered":"http:\/\/www.jcssterraplanagenslda.pt\/?page_id=2959"},"modified":"2020-03-20T22:48:00","modified_gmt":"2020-03-20T21:48:00","slug":"diploma-compromisso-pagamento-pontual-2020","status":"publish","type":"page","link":"https:\/\/www.jcssterraplanagenslda.pt\/?page_id=2959","title":{"rendered":"Diploma Compromisso Pagamento Pontual 2020"},"content":{"rendered":"<h3><\/h3>\n<h3>Diploma Compromisso Pagamento Pontual 2020<\/h3>\n<div class=\"su-row\"><div class=\"su-column su-column-size-1-2\"><div class=\"su-column-inner su-u-clearfix su-u-trim\">\n<p><span style=\"color: #993300;\"><strong>15 de Janeiro de 2020<\/strong><\/span><\/p>\n<p style=\"text-align: justify;\">\u00c9 com a maior alegria e satisfa\u00e7\u00e3o que, por indica\u00e7\u00e3o dos presidentes da ACEGE, IAPMEI, CIP e APIFARMA recebemos o\u00a0<b>diploma de membro do Compromisso de Pagamento Pontual 2020.<\/b><\/p>\n<p>Por aderirmos ao Compromisso de Pagamento Pontual a fornecedores, tormamos-nos parte activa deste movimento de responsabilidade social na promo\u00e7\u00e3o de uma cultura de pagamento pontual e da competitividade da economia<br \/>\nportuguesa.<\/p>\n<p style=\"text-align: justify;\"><a href=\"http:\/\/www.ver.pt\/compromisso-pagamento-pontual\/\">Mais informa\u00e7\u00f5es sobre o programa<\/a>.<\/p>\n<p style=\"text-align: justify;\"><\/div><\/div> <div class=\"su-column su-column-size-1-2\"><div class=\"su-column-inner su-u-clearfix su-u-trim\">\n<p style=\"text-align: justify;\"><img loading=\"lazy\" decoding=\"async\" class=\"alignleft size-full wp-image-2960\" src=\"http:\/\/www.jcssterraplanagenslda.pt\/wp-content\/uploads\/2020\/03\/compromisso-pagamento-pontual-2020.jpg\" alt=\"\" width=\"1040\" height=\"720\" srcset=\"https:\/\/www.jcssterraplanagenslda.pt\/wp-content\/uploads\/2020\/03\/compromisso-pagamento-pontual-2020.jpg 1040w, https:\/\/www.jcssterraplanagenslda.pt\/wp-content\/uploads\/2020\/03\/compromisso-pagamento-pontual-2020-300x208.jpg 300w, https:\/\/www.jcssterraplanagenslda.pt\/wp-content\/uploads\/2020\/03\/compromisso-pagamento-pontual-2020-768x532.jpg 768w, https:\/\/www.jcssterraplanagenslda.pt\/wp-content\/uploads\/2020\/03\/compromisso-pagamento-pontual-2020-1024x709.jpg 1024w, https:\/\/www.jcssterraplanagenslda.pt\/wp-content\/uploads\/2020\/03\/compromisso-pagamento-pontual-2020-500x346.jpg 500w\" sizes=\"auto, (max-width: 1040px) 100vw, 1040px\" \/><\/p>\n<p style=\"text-align: justify;\"><\/div><\/div><\/div>\n","protected":false},"excerpt":{"rendered":"<p>\u00c9 com a maior alegria e satisfa\u00e7\u00e3o que, por indica\u00e7\u00e3o dos presidentes da ACEGE, IAPMEI, CIP e APIFARMA recebemos o\u00a0diploma de membro do Compromisso de Pagamento Pontual 2020.<\/p>\n","protected":false},"author":1,"featured_media":2792,"parent":0,"menu_order":0,"comment_status":"closed","ping_status":"closed","template":"","meta":{"footnotes":""},"tags":[93],"class_list":["post-2959","page","type-page","status-publish","has-post-thumbnail","hentry","tag-j"],"aioseo_notices":[],"_links":{"self":[{"href":"https:\/\/www.jcssterraplanagenslda.pt\/index.php?rest_route=\/wp\/v2\/pages\/2959","targetHints":{"allow":["GET"]}}],"collection":[{"href":"https:\/\/www.jcssterraplanagenslda.pt\/index.php?rest_route=\/wp\/v2\/pages"}],"about":[{"href":"https:\/\/www.jcssterraplanagenslda.pt\/index.php?rest_route=\/wp\/v2\/types\/page"}],"author":[{"embeddable":true,"href":"https:\/\/www.jcssterraplanagenslda.pt\/index.php?rest_route=\/wp\/v2\/users\/1"}],"replies":[{"embeddable":true,"href":"https:\/\/www.jcssterraplanagenslda.pt\/index.php?rest_route=%2Fwp%2Fv2%2Fcomments&post=2959"}],"version-history":[{"count":2,"href":"https:\/\/www.jcssterraplanagenslda.pt\/index.php?rest_route=\/wp\/v2\/pages\/2959\/revisions"}],"predecessor-version":[{"id":3377,"href":"https:\/\/www.jcssterraplanagenslda.pt\/index.php?rest_route=\/wp\/v2\/pages\/2959\/revisions\/3377"}],"wp:featuredmedia":[{"embeddable":true,"href":"https:\/\/www.jcssterraplanagenslda.pt\/index.php?rest_route=\/wp\/v2\/media\/2792"}],"wp:attachment":[{"href":"https:\/\/www.jcssterraplanagenslda.pt\/index.php?rest_route=%2Fwp%2Fv2%2Fmedia&parent=2959"}],"wp:term":[{"taxonomy":"post_tag","embeddable":true,"href":"https:\/\/www.jcssterraplanagenslda.pt\/index.php?rest_route=%2Fwp%2Fv2%2Ftags&post=2959"}],"curies":[{"name":"wp","href":"https:\/\/api.w.org\/{rel}","templated":true}]}}