{"id":2953,"date":"2020-03-17T22:31:45","date_gmt":"2020-03-17T21:31:45","guid":{"rendered":"http:\/\/www.jcssterraplanagenslda.pt\/?page_id=2953"},"modified":"2020-03-20T22:36:39","modified_gmt":"2020-03-20T21:36:39","slug":"cliente-aplauso-2020","status":"publish","type":"page","link":"https:\/\/www.jcssterraplanagenslda.pt\/?page_id=2953","title":{"rendered":"Cliente Aplauso 2020"},"content":{"rendered":"<h3><\/h3>\n<h3>Cliente Aplauso 2020<\/h3>\n<div class=\"su-row\"><div class=\"su-column su-column-size-1-2\"><div class=\"su-column-inner su-u-clearfix su-u-trim\">\n<p style=\"text-align: justify;\"><span style=\"color: #993300;\"><strong>17 de Mar\u00e7o de 2020<\/strong><\/span><\/p>\n<p style=\"text-align: justify;\">Em 2020 voltamos a ser premiados com o estatuto de \u201cCLIENTE APLAUSO\u201d atribu\u00eddo pelo Millennium BCP.<\/p>\n<p style=\"text-align: justify;\">&#8220;Ser Aplauso Empresas, \u00e9 ter acesso a um conjunto de benef\u00edcios e parcerias \u00fanicas e exclusivas, que simbolizam o compromisso e aposta do Millennium para com os seus melhores Clientes Empresariais&#8221;<\/p>\n<p style=\"text-align: justify;\">Aplaudimos os empreendedores portugueses!<br \/>\n<\/div><\/div> <div class=\"su-column su-column-size-1-2\"><div class=\"su-column-inner su-u-clearfix su-u-trim\">\n<img loading=\"lazy\" decoding=\"async\" class=\"alignleft size-full wp-image-2954\" src=\"http:\/\/www.jcssterraplanagenslda.pt\/wp-content\/uploads\/2020\/03\/diploma_aplauso.jpg\" alt=\"\" width=\"1123\" height=\"794\" srcset=\"https:\/\/www.jcssterraplanagenslda.pt\/wp-content\/uploads\/2020\/03\/diploma_aplauso.jpg 1123w, https:\/\/www.jcssterraplanagenslda.pt\/wp-content\/uploads\/2020\/03\/diploma_aplauso-300x212.jpg 300w, https:\/\/www.jcssterraplanagenslda.pt\/wp-content\/uploads\/2020\/03\/diploma_aplauso-768x543.jpg 768w, https:\/\/www.jcssterraplanagenslda.pt\/wp-content\/uploads\/2020\/03\/diploma_aplauso-1024x724.jpg 1024w, https:\/\/www.jcssterraplanagenslda.pt\/wp-content\/uploads\/2020\/03\/diploma_aplauso-500x354.jpg 500w\" sizes=\"auto, (max-width: 1123px) 100vw, 1123px\" \/><\/div><\/div><\/div>\n","protected":false},"excerpt":{"rendered":"<p>Em 2020 voltamos a ser premiados com o estatuto de \u201cCLIENTE APLAUSO\u201d atribu\u00eddo pelo Millennium BCP.<\/p>\n","protected":false},"author":1,"featured_media":2956,"parent":0,"menu_order":0,"comment_status":"closed","ping_status":"closed","template":"","meta":{"footnotes":""},"tags":[93],"class_list":["post-2953","page","type-page","status-publish","has-post-thumbnail","hentry","tag-j"],"aioseo_notices":[],"_links":{"self":[{"href":"https:\/\/www.jcssterraplanagenslda.pt\/index.php?rest_route=\/wp\/v2\/pages\/2953","targetHints":{"allow":["GET"]}}],"collection":[{"href":"https:\/\/www.jcssterraplanagenslda.pt\/index.php?rest_route=\/wp\/v2\/pages"}],"about":[{"href":"https:\/\/www.jcssterraplanagenslda.pt\/index.php?rest_route=\/wp\/v2\/types\/page"}],"author":[{"embeddable":true,"href":"https:\/\/www.jcssterraplanagenslda.pt\/index.php?rest_route=\/wp\/v2\/users\/1"}],"replies":[{"embeddable":true,"href":"https:\/\/www.jcssterraplanagenslda.pt\/index.php?rest_route=%2Fwp%2Fv2%2Fcomments&post=2953"}],"version-history":[{"count":1,"href":"https:\/\/www.jcssterraplanagenslda.pt\/index.php?rest_route=\/wp\/v2\/pages\/2953\/revisions"}],"predecessor-version":[{"id":2957,"href":"https:\/\/www.jcssterraplanagenslda.pt\/index.php?rest_route=\/wp\/v2\/pages\/2953\/revisions\/2957"}],"wp:featuredmedia":[{"embeddable":true,"href":"https:\/\/www.jcssterraplanagenslda.pt\/index.php?rest_route=\/wp\/v2\/media\/2956"}],"wp:attachment":[{"href":"https:\/\/www.jcssterraplanagenslda.pt\/index.php?rest_route=%2Fwp%2Fv2%2Fmedia&parent=2953"}],"wp:term":[{"taxonomy":"post_tag","embeddable":true,"href":"https:\/\/www.jcssterraplanagenslda.pt\/index.php?rest_route=%2Fwp%2Fv2%2Ftags&post=2953"}],"curies":[{"name":"wp","href":"https:\/\/api.w.org\/{rel}","templated":true}]}}