{"id":2923,"date":"2019-11-14T22:13:34","date_gmt":"2019-11-14T21:13:34","guid":{"rendered":"http:\/\/www.jcssterraplanagenslda.pt\/?page_id=2923"},"modified":"2019-11-25T23:05:14","modified_gmt":"2019-11-25T22:05:14","slug":"11-anos-consecutivos-pme-lider-2009-2019","status":"publish","type":"page","link":"https:\/\/www.jcssterraplanagenslda.pt\/?page_id=2923","title":{"rendered":"11 anos consecutivos PME L\u00edder (2009-2019)"},"content":{"rendered":"<h3><\/h3>\n<h3>11 anos PME L\u00edder (2009-2019)<\/h3>\n<div class=\"su-row\"><div class=\"su-column su-column-size-1-2\"><div class=\"su-column-inner su-u-clearfix su-u-trim\">\n<p><span style=\"color: #993300;\"><strong>14 de Novembro de 2019<\/strong><\/span><\/p>\n<p style=\"text-align: justify;\">E mais uma vez, \u00e9 com agrado que informamos que o IAPMEI renovou \u00e0 empresa Jos\u00e9 Carlos Silva Sousa &#8211; Terraplanagens, S.A., o Estatuto de PME L\u00edder, em 2019, na sequ\u00eancia da qualidade do nosso desempenho e perfil de risco.<\/p>\n<p>&#8220;\u00c9 com imenso prazer que comunicamos a atribui\u00e7\u00e3o \u00e0 vossa Empresa do Estatuto de PME L\u00edder 2019, na sequ\u00eancia da qualidade do vosso desempenho e perfil de risco.<\/p>\n<p>Queremos felicit\u00e1-los pela manuten\u00e7\u00e3o desta distin\u00e7\u00e3o, criada pelo IAPMEI, numa parceria com o Turismo de Portugal, a Banca e as Sociedades de Garantia M\u00fatua, para sinalizar as PME com desempenhos superiores, sendo uma satisfa\u00e7\u00e3o poder reconhecer publicamente o sucesso da vossa estrat\u00e9gia empresarial e a import\u00e2ncia do vosso contributo para a economia nacional.<\/p>\n<p>Atrav\u00e9s do Estatuto PME L\u00edder, renovado anualmente, podem beneficiar de uma notoriedade acrescida junto do mercado, bem como de condi\u00e7\u00f5es especiais no acesso a financiamento e a servi\u00e7os disponibilizados pela nossa rede de parcerias.&#8221;<\/p>\n<p style=\"text-align: justify;\"><\/div><\/div> <div class=\"su-column su-column-size-1-2\"><div class=\"su-column-inner su-u-clearfix su-u-trim\">\n<p style=\"text-align: justify;\"><img loading=\"lazy\" decoding=\"async\" class=\"aligncenter size-full wp-image-2924\" src=\"http:\/\/www.jcssterraplanagenslda.pt\/wp-content\/uploads\/2019\/11\/PME19-diploma.jpg\" alt=\"\" width=\"854\" height=\"607\" srcset=\"https:\/\/www.jcssterraplanagenslda.pt\/wp-content\/uploads\/2019\/11\/PME19-diploma.jpg 854w, https:\/\/www.jcssterraplanagenslda.pt\/wp-content\/uploads\/2019\/11\/PME19-diploma-300x213.jpg 300w, https:\/\/www.jcssterraplanagenslda.pt\/wp-content\/uploads\/2019\/11\/PME19-diploma-768x546.jpg 768w, https:\/\/www.jcssterraplanagenslda.pt\/wp-content\/uploads\/2019\/11\/PME19-diploma-500x355.jpg 500w\" sizes=\"auto, (max-width: 854px) 100vw, 854px\" \/><\/p>\n<p style=\"text-align: justify;\"><\/div><\/div><\/div>\n","protected":false},"excerpt":{"rendered":"<p>E mais uma vez, \u00e9 com agrado que informamos que o IAPMEI renovou \u00e0 empresa Jos\u00e9 Carlos Silva Sousa &#8211; Terraplanagens, S.A., o Estatuto de PME L\u00edder, em 2019, na sequ\u00eancia da qualidade do nosso desempenho e perfil de risco.<\/p>\n","protected":false},"author":1,"featured_media":2924,"parent":0,"menu_order":0,"comment_status":"closed","ping_status":"closed","template":"","meta":{"footnotes":""},"tags":[93],"class_list":["post-2923","page","type-page","status-publish","has-post-thumbnail","hentry","tag-j"],"aioseo_notices":[],"_links":{"self":[{"href":"https:\/\/www.jcssterraplanagenslda.pt\/index.php?rest_route=\/wp\/v2\/pages\/2923","targetHints":{"allow":["GET"]}}],"collection":[{"href":"https:\/\/www.jcssterraplanagenslda.pt\/index.php?rest_route=\/wp\/v2\/pages"}],"about":[{"href":"https:\/\/www.jcssterraplanagenslda.pt\/index.php?rest_route=\/wp\/v2\/types\/page"}],"author":[{"embeddable":true,"href":"https:\/\/www.jcssterraplanagenslda.pt\/index.php?rest_route=\/wp\/v2\/users\/1"}],"replies":[{"embeddable":true,"href":"https:\/\/www.jcssterraplanagenslda.pt\/index.php?rest_route=%2Fwp%2Fv2%2Fcomments&post=2923"}],"version-history":[{"count":3,"href":"https:\/\/www.jcssterraplanagenslda.pt\/index.php?rest_route=\/wp\/v2\/pages\/2923\/revisions"}],"predecessor-version":[{"id":2928,"href":"https:\/\/www.jcssterraplanagenslda.pt\/index.php?rest_route=\/wp\/v2\/pages\/2923\/revisions\/2928"}],"wp:featuredmedia":[{"embeddable":true,"href":"https:\/\/www.jcssterraplanagenslda.pt\/index.php?rest_route=\/wp\/v2\/media\/2924"}],"wp:attachment":[{"href":"https:\/\/www.jcssterraplanagenslda.pt\/index.php?rest_route=%2Fwp%2Fv2%2Fmedia&parent=2923"}],"wp:term":[{"taxonomy":"post_tag","embeddable":true,"href":"https:\/\/www.jcssterraplanagenslda.pt\/index.php?rest_route=%2Fwp%2Fv2%2Ftags&post=2923"}],"curies":[{"name":"wp","href":"https:\/\/api.w.org\/{rel}","templated":true}]}}