{"id":2912,"date":"2019-02-16T14:41:06","date_gmt":"2019-02-16T13:41:06","guid":{"rendered":"http:\/\/www.jcssterraplanagenslda.pt\/?page_id=2912"},"modified":"2019-02-18T14:45:59","modified_gmt":"2019-02-18T13:45:59","slug":"grupo-violas-ferreira-investe-forte-no-imobiliario-do-porto","status":"publish","type":"page","link":"https:\/\/www.jcssterraplanagenslda.pt\/?page_id=2912","title":{"rendered":"Grupo Violas Ferreira investe forte no imobili\u00e1rio do Porto"},"content":{"rendered":"<h3><\/h3>\n<h3>Grupo Violas Ferreira investe forte no imobili\u00e1rio do Porto<\/h3>\n<div class=\"su-row\"><div class=\"su-column su-column-size-3-5\"><div class=\"su-column-inner su-u-clearfix su-u-trim\">\n<p style=\"text-align: justify;\"><span style=\"color: #993300;\"><strong>16 de Fevereiro de 2019<\/strong><\/span><\/p>\n<p><strong>Projecto com a partipa\u00e7\u00e3o da JCSS-Terraplanagens, SA.<\/strong><br \/>\n<strong>Habita\u00e7\u00e3o topo de gama na antiga Faculdade de Farm\u00e1cia<\/strong><\/p>\n<p>&#8220;A holding Violas Ferreira comprou o edif\u00edcio da antiga Faculdade de Farm\u00e1cia, no Porto, aos grupos Habitat Invest e Ferreira, sendo que o objectivo \u00e9 avan\u00e7ar com o projecto de habita\u00e7\u00e3o previsto e destinado a uma gama de clientes alta.<\/p>\n<p>Tiago Ferreira confirma o avan\u00e7o da reconvers\u00e3o do projecto de habita\u00e7\u00e3o, constitu\u00eddo por 45 apartamentos, com \u00e1reas entre os 120 m2 e 210 m2, distribu\u00eddo por tipologias T1+1 e T2+1, embora, nesta altura, \u201co projecto de arquitetura ainda n\u00e3o esteja fechado\u201d.<\/p>\n<p>O empreendimento vai ficar dotado de estacionamento \u2013 que, neste momento, se encontra em fase de escava\u00e7\u00f5es -, e depois ser\u00e1 feita a reabilita\u00e7\u00e3o do edif\u00edcio.<\/p>\n<p>Os anteriores propriet\u00e1rios &#8211; que compraram o edif\u00edcio \u00e0 Universidade do Porto -, j\u00e1 tinham lan\u00e7ado a brochura de comercializa\u00e7\u00e3o do edif\u00edcio Pharmacia, localizado na Rua de An\u00edbal Cunha. \u201cAl\u00e9m do edif\u00edcio existente, que manter\u00e1 a sua tra\u00e7a e estilo originais, existe uma nova constru\u00e7\u00e3o geminada \u00e0 estrutura principal, com uma linguagem arquitect\u00f3nica contempor\u00e2nea que marca um propositado contraste entre ambos\u201d, descreve.&#8221;<\/p>\n<p style=\"text-align: justify;\">Fonte: Di\u00e1rio imobili\u00e1rio<\/p>\n<\/div><\/div><div class=\"su-column su-column-size-2-5\"><div class=\"su-column-inner su-u-clearfix su-u-trim\"><img loading=\"lazy\" decoding=\"async\" class=\"aligncenter size-full wp-image-2913\" src=\"http:\/\/www.jcssterraplanagenslda.pt\/wp-content\/uploads\/2019\/02\/Grupo-Violas-Ferreira-promove-projecto-habitacional-no-edificio-da-antiga-faculdade-de-Farmacia-em-Cedofeita-02_fullview.jpg\" alt=\"\" width=\"620\" height=\"400\" srcset=\"https:\/\/www.jcssterraplanagenslda.pt\/wp-content\/uploads\/2019\/02\/Grupo-Violas-Ferreira-promove-projecto-habitacional-no-edificio-da-antiga-faculdade-de-Farmacia-em-Cedofeita-02_fullview.jpg 620w, https:\/\/www.jcssterraplanagenslda.pt\/wp-content\/uploads\/2019\/02\/Grupo-Violas-Ferreira-promove-projecto-habitacional-no-edificio-da-antiga-faculdade-de-Farmacia-em-Cedofeita-02_fullview-300x194.jpg 300w, https:\/\/www.jcssterraplanagenslda.pt\/wp-content\/uploads\/2019\/02\/Grupo-Violas-Ferreira-promove-projecto-habitacional-no-edificio-da-antiga-faculdade-de-Farmacia-em-Cedofeita-02_fullview-500x323.jpg 500w\" sizes=\"auto, (max-width: 620px) 100vw, 620px\" \/> <\/div><\/div><\/div>\n","protected":false},"excerpt":{"rendered":"<p>&#8220;A holding Violas Ferreira comprou o edif\u00edcio da antiga Faculdade de Farm\u00e1cia, no Porto, aos grupos Habitat Invest e Ferreira, sendo que o objectivo \u00e9 avan\u00e7ar com o projecto de habita\u00e7\u00e3o previsto e destinado a uma gama de clientes alta.<\/p>\n","protected":false},"author":1,"featured_media":2913,"parent":0,"menu_order":0,"comment_status":"closed","ping_status":"closed","template":"","meta":{"footnotes":""},"tags":[81],"class_list":["post-2912","page","type-page","status-publish","has-post-thumbnail","hentry","tag-q"],"aioseo_notices":[],"_links":{"self":[{"href":"https:\/\/www.jcssterraplanagenslda.pt\/index.php?rest_route=\/wp\/v2\/pages\/2912","targetHints":{"allow":["GET"]}}],"collection":[{"href":"https:\/\/www.jcssterraplanagenslda.pt\/index.php?rest_route=\/wp\/v2\/pages"}],"about":[{"href":"https:\/\/www.jcssterraplanagenslda.pt\/index.php?rest_route=\/wp\/v2\/types\/page"}],"author":[{"embeddable":true,"href":"https:\/\/www.jcssterraplanagenslda.pt\/index.php?rest_route=\/wp\/v2\/users\/1"}],"replies":[{"embeddable":true,"href":"https:\/\/www.jcssterraplanagenslda.pt\/index.php?rest_route=%2Fwp%2Fv2%2Fcomments&post=2912"}],"version-history":[{"count":2,"href":"https:\/\/www.jcssterraplanagenslda.pt\/index.php?rest_route=\/wp\/v2\/pages\/2912\/revisions"}],"predecessor-version":[{"id":2917,"href":"https:\/\/www.jcssterraplanagenslda.pt\/index.php?rest_route=\/wp\/v2\/pages\/2912\/revisions\/2917"}],"wp:featuredmedia":[{"embeddable":true,"href":"https:\/\/www.jcssterraplanagenslda.pt\/index.php?rest_route=\/wp\/v2\/media\/2913"}],"wp:attachment":[{"href":"https:\/\/www.jcssterraplanagenslda.pt\/index.php?rest_route=%2Fwp%2Fv2%2Fmedia&parent=2912"}],"wp:term":[{"taxonomy":"post_tag","embeddable":true,"href":"https:\/\/www.jcssterraplanagenslda.pt\/index.php?rest_route=%2Fwp%2Fv2%2Ftags&post=2912"}],"curies":[{"name":"wp","href":"https:\/\/api.w.org\/{rel}","templated":true}]}}