{"id":2896,"date":"2018-12-25T16:12:05","date_gmt":"2018-12-25T15:12:05","guid":{"rendered":"http:\/\/www.jcssterraplanagenslda.pt\/?page_id=2896"},"modified":"2018-12-25T16:12:05","modified_gmt":"2018-12-25T15:12:05","slug":"hotelar-texteis-faz-renascer-a-historica-fabrica-do-rio-vizela","status":"publish","type":"page","link":"https:\/\/www.jcssterraplanagenslda.pt\/?page_id=2896","title":{"rendered":"HOTELAR T\u00caXTEIS FAZ RENASCER A HIST\u00d3RICA F\u00c1BRICA DO RIO VIZELA"},"content":{"rendered":"<h3><\/h3>\n<h3>HOTELAR T\u00caXTEIS FAZ RENASCER A HIST\u00d3RICA F\u00c1BRICA DO RIO VIZELA<\/h3>\n<div class=\"su-row\"><div class=\"su-column su-column-size-3-5\"><div class=\"su-column-inner su-u-clearfix su-u-trim\">\n<p style=\"text-align: justify;\"><span style=\"color: #993300;\"><strong>18 de Dezembro de 2018<\/strong><\/span><\/p>\n<p>A primeira f\u00e1brica de fia\u00e7\u00e3o do pa\u00eds, a antiga F\u00e1brica de Fia\u00e7\u00e3o e Tecidos do Rio Vizela, fundada em 1845, vai renascer da ru\u00edna pela m\u00e3o da Hotelar T\u00eaxteis, que ali vai criar o seu novo centro de log\u00edstica e distribui\u00e7\u00e3o. O projecto de recupera\u00e7\u00e3o \u00e9 da responsabilidade da Ad Quadratum Arquitectos, cuja proposta passa por preservar e valorizar a relev\u00e2ncia hist\u00f3rica e aquitet\u00f3nica do centen\u00e1rio complexo que integra a Rota do Patrim\u00f3nio Industrial.<\/p>\n<p>A Hotelar \u00e9 l\u00edder de mercado em Portugal no fornecimento de t\u00eaxteis para o sector hoteleiro, gin\u00e1sios, spa e restaura\u00e7\u00e3o, tendo no ano passado equipado cerca de metade das novas unidades que abriram portas no nosso pa\u00eds. A empresa foi fundada em 1995 e nasceu com o objectivo de consolidar a experi\u00eancia de outras marcas e empresas, conjugando a tradi\u00e7\u00e3o e conhecimento acumulados desde meados do s\u00e9culo passado.<\/p>\n<p>Com o foco na especializa\u00e7\u00e3o nos t\u00eaxteis para o sector do turismo, tornou-se nestas duas d\u00e9cadas na maior e mais completa da Pen\u00ednsula Ib\u00e9rica nesta \u00e1rea, gra\u00e7as \u00e0\u00a0qualidade e diferencia\u00e7\u00e3o dos produtos, prazos de entrega sem concorr\u00eancia e tamb\u00e9m pre\u00e7os competitivos.<\/p>\n<p>Roupa de banho, com grande variedade de felpos, roup\u00f5es e chinelos, roupas de mesa com colec\u00e7\u00f5es \u00fanicas em artigos de linho e as mais diversas solu\u00e7\u00f5es em roupas de cama est\u00e3o armazenados para entrega imediata no actual centro de log\u00edstica e distribui\u00e7\u00e3o da Hotelar, que tamb\u00e9m recuperou uma velha unidade fabril na outra margem do rio Ave, em Oliveira Santa Maria, Famalic\u00e3o. Todos os artigos s\u00e3o tamb\u00e9m produzidos segundo especifica\u00e7\u00f5es dos clientes.<\/p>\n<p>Quanto \u00e0s instala\u00e7\u00f5es da Rio Vizela, \u00e9 preciso recuar quase dois s\u00e9culos at\u00e9 \u00e0 abertura da\u00a0 \u201cSociedade de Fia\u00e7\u00e3o de Visella\u201d, em Setembro de 1845, em Negrelos, Santo Tirso, junto ao rio Vizela j\u00e1 na zona de conflu\u00eancia com o Ave. Em meados do s\u00e9culo passado chegou a ter uma \u00e1rea superior a 9 km2 e mais de 3 mil oper\u00e1rios, alimentando 31.624 fusos e cerca de 1.200 teares em funcionamento. A sua actividade chegou a alargar-se \u00e0s antigas col\u00f3nias, com feitoria em Angola e contactos em Mo\u00e7ambique, e foi uma da mais emblem\u00e1ticas da hist\u00f3ria da t\u00eaxtil nacional e respons\u00e1vel pela chegada do caminho de ferro at\u00e9 Negrelos.<\/p>\n<p style=\"text-align: justify;\">Fonte: JORNAL T<\/p>\n<\/div><\/div><div class=\"su-column su-column-size-2-5\"><div class=\"su-column-inner su-u-clearfix su-u-trim\">[URIS id=2898]\n\n<\/div><\/div><\/div>\n","protected":false},"excerpt":{"rendered":"<p>A primeira f\u00e1brica de fia\u00e7\u00e3o do pa\u00eds, a antiga F\u00e1brica de Fia\u00e7\u00e3o e Tecidos do Rio Vizela, fundada em 1845, vai renascer da ru\u00edna pela m\u00e3o da Hotelar T\u00eaxteis, que ali vai criar o seu novo centro de log\u00edstica e distribui\u00e7\u00e3o. O projecto de recupera\u00e7\u00e3o \u00e9 da responsabilidade da Ad Quadratum Arquitectos, cuja proposta passa por preservar e valorizar a relev\u00e2ncia hist\u00f3rica e aquitet\u00f3nica do centen\u00e1rio complexo que integra a Rota do Patrim\u00f3nio Industrial.<\/p>\n","protected":false},"author":1,"featured_media":2897,"parent":0,"menu_order":0,"comment_status":"closed","ping_status":"closed","template":"","meta":{"footnotes":""},"tags":[81],"class_list":["post-2896","page","type-page","status-publish","has-post-thumbnail","hentry","tag-q"],"aioseo_notices":[],"_links":{"self":[{"href":"https:\/\/www.jcssterraplanagenslda.pt\/index.php?rest_route=\/wp\/v2\/pages\/2896","targetHints":{"allow":["GET"]}}],"collection":[{"href":"https:\/\/www.jcssterraplanagenslda.pt\/index.php?rest_route=\/wp\/v2\/pages"}],"about":[{"href":"https:\/\/www.jcssterraplanagenslda.pt\/index.php?rest_route=\/wp\/v2\/types\/page"}],"author":[{"embeddable":true,"href":"https:\/\/www.jcssterraplanagenslda.pt\/index.php?rest_route=\/wp\/v2\/users\/1"}],"replies":[{"embeddable":true,"href":"https:\/\/www.jcssterraplanagenslda.pt\/index.php?rest_route=%2Fwp%2Fv2%2Fcomments&post=2896"}],"version-history":[{"count":1,"href":"https:\/\/www.jcssterraplanagenslda.pt\/index.php?rest_route=\/wp\/v2\/pages\/2896\/revisions"}],"predecessor-version":[{"id":2903,"href":"https:\/\/www.jcssterraplanagenslda.pt\/index.php?rest_route=\/wp\/v2\/pages\/2896\/revisions\/2903"}],"wp:featuredmedia":[{"embeddable":true,"href":"https:\/\/www.jcssterraplanagenslda.pt\/index.php?rest_route=\/wp\/v2\/media\/2897"}],"wp:attachment":[{"href":"https:\/\/www.jcssterraplanagenslda.pt\/index.php?rest_route=%2Fwp%2Fv2%2Fmedia&parent=2896"}],"wp:term":[{"taxonomy":"post_tag","embeddable":true,"href":"https:\/\/www.jcssterraplanagenslda.pt\/index.php?rest_route=%2Fwp%2Fv2%2Ftags&post=2896"}],"curies":[{"name":"wp","href":"https:\/\/api.w.org\/{rel}","templated":true}]}}