{"id":2883,"date":"2018-03-15T00:00:30","date_gmt":"2018-03-14T23:00:30","guid":{"rendered":"http:\/\/www.jcssterraplanagenslda.pt\/?page_id=2883"},"modified":"2018-10-27T19:44:47","modified_gmt":"2018-10-27T18:44:47","slug":"conheca-o-novo-norteshopping","status":"publish","type":"page","link":"https:\/\/www.jcssterraplanagenslda.pt\/?page_id=2883","title":{"rendered":"Conhe\u00e7a o \u201cnovo\u201d Norteshopping"},"content":{"rendered":"<h3><\/h3>\n<h3>Conhe\u00e7a o \u201cnovo\u201d Norteshopping<\/h3>\n<div class=\"su-row\"><div class=\"su-column su-column-size-3-5\"><div class=\"su-column-inner su-u-clearfix su-u-trim\">\n<p style=\"text-align: justify;\"><span style=\"color: #993300;\"><strong>15 de Mar\u00e7o de 2018<\/strong><\/span><\/p>\n<div class=\"h_30h1wb8n3 o_30h1wf6sk clearfix\">\n<div class=\"clearfix j_30h1wbac4\">\n<div class=\"clearfix _42ef\">\n<div class=\"h_30h1wbac3\">\n<div>\n<div class=\"_6a _5u5j\">\n<div class=\"_6a _5u5j _6b\">\n<div id=\"feed_subtitle_124890244281526;1393692890734582;;9\" class=\"_5pcp _5lel _2jyu _232_\" data-testid=\"story-subtitle\">&#8220;O Norteshopping vai tornar-se maior em 2018, quando comemorar o seu 20.\u00ba anivers\u00e1rio.<\/div>\n<\/div>\n<\/div>\n<\/div>\n<\/div>\n<\/div>\n<\/div>\n<\/div>\n<div id=\"js_4q0\" class=\"_5pbx userContent _3576\" data-ad-preview=\"message\" data-ft=\"{&quot;tn&quot;:&quot;K&quot;}\">\n<div id=\"id_5bd4b1729ac725c11965677\" class=\"text_exposed_root text_exposed\">\n<p>Numa primeira etapa ser\u00e3o realizadas as obras associadas ao estacionamento e, de seguida, ser\u00e1 intervencionada a \u00e1rea comercial.<\/p>\n<p>Esta amplia\u00e7\u00e3o, para sul do actual empreendimento, destina-se a com\u00e9rcio, servi\u00e7os, restaura\u00e7\u00e3o e actividades complementares pr\u00f3prias de um centro comercial. Neste \u00faltimo segmento incluem-se os cinemas, que ser\u00e3o transferidos para a cobertura do Norteshopping.<\/p>\n<div class=\"text_exposed_show\">\n<p>O projecto prev\u00ea tamb\u00e9m a expans\u00e3o do estacionamento, em tr\u00eas pisos abaixo da actual soleira e na cobertura do edif\u00edcio ampliado.&#8221;<\/p>\n<\/div>\n<\/div>\n<\/div>\n<p style=\"text-align: justify;\">Fonte: Jornal de neg\u00f3cios<\/p>\n<p>Ler mais:\u00a0<a href=\"https:\/\/www.jornaldenegocios.pt\/empresas\/comercio\/detalhe\/conheca_o_novo_norteshopping\">https:\/\/www.jornaldenegocios.pt\/empresas\/comercio\/detalhe\/conheca_o_novo_norteshopping<\/a><\/p>\n<\/div><\/div><div class=\"su-column su-column-size-2-5\"><div class=\"su-column-inner su-u-clearfix su-u-trim\"><img loading=\"lazy\" decoding=\"async\" class=\"aligncenter size-full wp-image-2885\" src=\"http:\/\/www.jcssterraplanagenslda.pt\/wp-content\/uploads\/2018\/10\/29570995_1393680740735797_3650997457934278634_n.jpg\" alt=\"\" width=\"817\" height=\"460\" srcset=\"https:\/\/www.jcssterraplanagenslda.pt\/wp-content\/uploads\/2018\/10\/29570995_1393680740735797_3650997457934278634_n.jpg 817w, https:\/\/www.jcssterraplanagenslda.pt\/wp-content\/uploads\/2018\/10\/29570995_1393680740735797_3650997457934278634_n-300x169.jpg 300w, https:\/\/www.jcssterraplanagenslda.pt\/wp-content\/uploads\/2018\/10\/29570995_1393680740735797_3650997457934278634_n-768x432.jpg 768w, https:\/\/www.jcssterraplanagenslda.pt\/wp-content\/uploads\/2018\/10\/29570995_1393680740735797_3650997457934278634_n-500x282.jpg 500w\" sizes=\"auto, (max-width: 817px) 100vw, 817px\" \/><img loading=\"lazy\" decoding=\"async\" class=\"aligncenter size-full wp-image-2884\" src=\"http:\/\/www.jcssterraplanagenslda.pt\/wp-content\/uploads\/2018\/10\/29542088_1393680417402496_493058448666242862_n.jpg\" alt=\"\" width=\"960\" height=\"720\" srcset=\"https:\/\/www.jcssterraplanagenslda.pt\/wp-content\/uploads\/2018\/10\/29542088_1393680417402496_493058448666242862_n.jpg 960w, https:\/\/www.jcssterraplanagenslda.pt\/wp-content\/uploads\/2018\/10\/29542088_1393680417402496_493058448666242862_n-300x225.jpg 300w, https:\/\/www.jcssterraplanagenslda.pt\/wp-content\/uploads\/2018\/10\/29542088_1393680417402496_493058448666242862_n-768x576.jpg 768w, https:\/\/www.jcssterraplanagenslda.pt\/wp-content\/uploads\/2018\/10\/29542088_1393680417402496_493058448666242862_n-500x375.jpg 500w\" sizes=\"auto, (max-width: 960px) 100vw, 960px\" \/><br \/>\n<\/div><\/div><\/div>\n","protected":false},"excerpt":{"rendered":"<p>O Norteshopping vai tornar-se maior em 2018, quando comemorar o seu 20.\u00ba anivers\u00e1rio.<\/p>\n","protected":false},"author":1,"featured_media":2885,"parent":0,"menu_order":0,"comment_status":"closed","ping_status":"closed","template":"","meta":{"footnotes":""},"tags":[81],"class_list":["post-2883","page","type-page","status-publish","has-post-thumbnail","hentry","tag-q"],"aioseo_notices":[],"_links":{"self":[{"href":"https:\/\/www.jcssterraplanagenslda.pt\/index.php?rest_route=\/wp\/v2\/pages\/2883","targetHints":{"allow":["GET"]}}],"collection":[{"href":"https:\/\/www.jcssterraplanagenslda.pt\/index.php?rest_route=\/wp\/v2\/pages"}],"about":[{"href":"https:\/\/www.jcssterraplanagenslda.pt\/index.php?rest_route=\/wp\/v2\/types\/page"}],"author":[{"embeddable":true,"href":"https:\/\/www.jcssterraplanagenslda.pt\/index.php?rest_route=\/wp\/v2\/users\/1"}],"replies":[{"embeddable":true,"href":"https:\/\/www.jcssterraplanagenslda.pt\/index.php?rest_route=%2Fwp%2Fv2%2Fcomments&post=2883"}],"version-history":[{"count":1,"href":"https:\/\/www.jcssterraplanagenslda.pt\/index.php?rest_route=\/wp\/v2\/pages\/2883\/revisions"}],"predecessor-version":[{"id":2886,"href":"https:\/\/www.jcssterraplanagenslda.pt\/index.php?rest_route=\/wp\/v2\/pages\/2883\/revisions\/2886"}],"wp:featuredmedia":[{"embeddable":true,"href":"https:\/\/www.jcssterraplanagenslda.pt\/index.php?rest_route=\/wp\/v2\/media\/2885"}],"wp:attachment":[{"href":"https:\/\/www.jcssterraplanagenslda.pt\/index.php?rest_route=%2Fwp%2Fv2%2Fmedia&parent=2883"}],"wp:term":[{"taxonomy":"post_tag","embeddable":true,"href":"https:\/\/www.jcssterraplanagenslda.pt\/index.php?rest_route=%2Fwp%2Fv2%2Ftags&post=2883"}],"curies":[{"name":"wp","href":"https:\/\/api.w.org\/{rel}","templated":true}]}}