{"id":2851,"date":"2018-10-15T00:00:09","date_gmt":"2018-10-14T23:00:09","guid":{"rendered":"http:\/\/www.jcssterraplanagenslda.pt\/?page_id=2851"},"modified":"2018-10-27T19:13:50","modified_gmt":"2018-10-27T18:13:50","slug":"ja-esta-benzida-a-primeira-pedra-do-santuario-em-balasar","status":"publish","type":"page","link":"https:\/\/www.jcssterraplanagenslda.pt\/?page_id=2851","title":{"rendered":"J\u00e1 est\u00e1 benzida a primeira pedra do Santu\u00e1rio em Balasar"},"content":{"rendered":"<h3><\/h3>\n<h3>\u00abJ\u00e1 est\u00e1 benzida a primeira pedra do Santu\u00e1rio em Balasar\u00bb<\/h3>\n<div class=\"su-row\"><div class=\"su-column su-column-size-3-5\"><div class=\"su-column-inner su-u-clearfix su-u-trim\">\n<p style=\"text-align: justify;\"><span style=\"color: #993300;\"><strong>15 de Outubro de 2018<\/strong><\/span><\/p>\n<p>Na manh\u00e3 deste s\u00e1bado, 13 de outubro, foi\u00a0realizada a cerim\u00f3nia da ben\u00e7\u00e3o da primeira pedra rumo \u00e0 constru\u00e7\u00e3o do santu\u00e1rio eucar\u00edstico em honra da Beata Alexandrina, que ser\u00e1 constru\u00eddo nos terrenos do atual campo de futebol e adjacentes.<\/p>\n<p>Nesta fase da obra ser\u00e1 feita a terraplanagem, demoli\u00e7\u00f5es e a prepara\u00e7\u00e3o do terreno de uma obra que ir\u00e1 demorar v\u00e1rios anos.<\/p>\n<p>A cerim\u00f3nia foi presidida por D. Jorge Ortiga, Arcebispo Primaz de Braga, e na presen\u00e7a de Aires Pereira, presidente da C\u00e2mara da P\u00f3voa de Varzim, e restantes autoridades civis, religiosas e militares.<\/p>\n<p>O dia 13 de outubro assinala a passagem do 63\u00ba anivers\u00e1rio da morte de Alexandrina Maria da Costa, conhecida pela Beata Alexandrina de Balasar, e ao longo do dia a par\u00f3quia preparou diversos atos religiosos.<\/p>\n<p style=\"text-align: justify;\">Fonte: Mais Seman\u00e1rio<\/p>\n<p><strong>A JCSS &#8211; Terraplanagens, SA \u00e9 parceira e participou nas obras.<\/strong><\/p>\n<\/div><\/div><div class=\"su-column su-column-size-2-5\"><div class=\"su-column-inner su-u-clearfix su-u-trim\">[URIS id=2852]\n\n<\/div><\/div><\/div>\n","protected":false},"excerpt":{"rendered":"<p>Na manh\u00e3 deste s\u00e1bado, 13 de outubro, foi\u00a0realizada a cerim\u00f3nia da ben\u00e7\u00e3o da primeira pedra rumo \u00e0 constru\u00e7\u00e3o do santu\u00e1rio eucar\u00edstico em honra da Beata Alexandrina, que ser\u00e1 constru\u00eddo nos terrenos do atual campo de futebol e adjacentes.<\/p>\n","protected":false},"author":1,"featured_media":2857,"parent":0,"menu_order":0,"comment_status":"closed","ping_status":"closed","template":"","meta":{"footnotes":""},"tags":[81],"class_list":["post-2851","page","type-page","status-publish","has-post-thumbnail","hentry","tag-q"],"aioseo_notices":[],"_links":{"self":[{"href":"https:\/\/www.jcssterraplanagenslda.pt\/index.php?rest_route=\/wp\/v2\/pages\/2851","targetHints":{"allow":["GET"]}}],"collection":[{"href":"https:\/\/www.jcssterraplanagenslda.pt\/index.php?rest_route=\/wp\/v2\/pages"}],"about":[{"href":"https:\/\/www.jcssterraplanagenslda.pt\/index.php?rest_route=\/wp\/v2\/types\/page"}],"author":[{"embeddable":true,"href":"https:\/\/www.jcssterraplanagenslda.pt\/index.php?rest_route=\/wp\/v2\/users\/1"}],"replies":[{"embeddable":true,"href":"https:\/\/www.jcssterraplanagenslda.pt\/index.php?rest_route=%2Fwp%2Fv2%2Fcomments&post=2851"}],"version-history":[{"count":2,"href":"https:\/\/www.jcssterraplanagenslda.pt\/index.php?rest_route=\/wp\/v2\/pages\/2851\/revisions"}],"predecessor-version":[{"id":2874,"href":"https:\/\/www.jcssterraplanagenslda.pt\/index.php?rest_route=\/wp\/v2\/pages\/2851\/revisions\/2874"}],"wp:featuredmedia":[{"embeddable":true,"href":"https:\/\/www.jcssterraplanagenslda.pt\/index.php?rest_route=\/wp\/v2\/media\/2857"}],"wp:attachment":[{"href":"https:\/\/www.jcssterraplanagenslda.pt\/index.php?rest_route=%2Fwp%2Fv2%2Fmedia&parent=2851"}],"wp:term":[{"taxonomy":"post_tag","embeddable":true,"href":"https:\/\/www.jcssterraplanagenslda.pt\/index.php?rest_route=%2Fwp%2Fv2%2Ftags&post=2851"}],"curies":[{"name":"wp","href":"https:\/\/api.w.org\/{rel}","templated":true}]}}