{"id":2784,"date":"2018-03-28T00:00:21","date_gmt":"2018-03-27T23:00:21","guid":{"rendered":"http:\/\/www.jcssterraplanagenslda.pt\/?page_id=2784"},"modified":"2018-04-08T23:50:27","modified_gmt":"2018-04-08T22:50:27","slug":"selo-de-2018-para-o-certificado-ecolub","status":"publish","type":"page","link":"https:\/\/www.jcssterraplanagenslda.pt\/?page_id=2784","title":{"rendered":"Selo de 2018 para o certificado Ecolub"},"content":{"rendered":"<h3><\/h3>\n<h3>Selo de 2018 para o certificado Ecolub<\/h3>\n<div class=\"su-row\"><div class=\"su-column su-column-size-1-2\"><div class=\"su-column-inner su-u-clearfix su-u-trim\">\n<p><span style=\"color: #993300;\"><strong>29 de Mar\u00e7o de 2018<\/strong><\/span><\/p>\n<p style=\"text-align: justify;\">\u00c9 com agrado que recebemos o selo de 2018 para o certificado Ecolub, atribu\u00eddo \u00e0s empresas que entregaram os \u00f3leos usados ao SIGOU (Sistema Integrado de Gest\u00e3o de \u00d3leos Usados) durante o ano 2017.<\/p>\n<p style=\"text-align: justify;\">Este selo, prova e transmite a quem o visualiza, que os \u00f3leos lubrificantes usados s\u00e3o correctamente encaminhados para destinos finais legalmente autorizados.<\/p>\n<p style=\"text-align: justify;\"><\/div><\/div> <div class=\"su-column su-column-size-1-2\"><div class=\"su-column-inner su-u-clearfix su-u-trim\">\n<p style=\"text-align: justify;\"><img loading=\"lazy\" decoding=\"async\" class=\"aligncenter size-full wp-image-2785\" src=\"http:\/\/www.jcssterraplanagenslda.pt\/wp-content\/uploads\/2018\/04\/certificado_Ecolub.png\" alt=\"\" width=\"438\" height=\"625\" srcset=\"https:\/\/www.jcssterraplanagenslda.pt\/wp-content\/uploads\/2018\/04\/certificado_Ecolub.png 438w, https:\/\/www.jcssterraplanagenslda.pt\/wp-content\/uploads\/2018\/04\/certificado_Ecolub-210x300.png 210w\" sizes=\"auto, (max-width: 438px) 100vw, 438px\" \/><\/p>\n<p style=\"text-align: justify;\"><\/div><\/div><\/div>\n","protected":false},"excerpt":{"rendered":"<p>\u00c9 com agrado que recebemos o selo de 2018 para o certificado Ecolub, atribu\u00eddo \u00e0s empresas que entregaram os \u00f3leos usados ao SIGOU (Sistema Integrado de Gest\u00e3o de \u00d3leos Usados) durante o ano 2017.<\/p>\n","protected":false},"author":1,"featured_media":2786,"parent":0,"menu_order":0,"comment_status":"closed","ping_status":"closed","template":"","meta":{"footnotes":""},"tags":[93],"class_list":["post-2784","page","type-page","status-publish","has-post-thumbnail","hentry","tag-j"],"aioseo_notices":[],"_links":{"self":[{"href":"https:\/\/www.jcssterraplanagenslda.pt\/index.php?rest_route=\/wp\/v2\/pages\/2784","targetHints":{"allow":["GET"]}}],"collection":[{"href":"https:\/\/www.jcssterraplanagenslda.pt\/index.php?rest_route=\/wp\/v2\/pages"}],"about":[{"href":"https:\/\/www.jcssterraplanagenslda.pt\/index.php?rest_route=\/wp\/v2\/types\/page"}],"author":[{"embeddable":true,"href":"https:\/\/www.jcssterraplanagenslda.pt\/index.php?rest_route=\/wp\/v2\/users\/1"}],"replies":[{"embeddable":true,"href":"https:\/\/www.jcssterraplanagenslda.pt\/index.php?rest_route=%2Fwp%2Fv2%2Fcomments&post=2784"}],"version-history":[{"count":4,"href":"https:\/\/www.jcssterraplanagenslda.pt\/index.php?rest_route=\/wp\/v2\/pages\/2784\/revisions"}],"predecessor-version":[{"id":2934,"href":"https:\/\/www.jcssterraplanagenslda.pt\/index.php?rest_route=\/wp\/v2\/pages\/2784\/revisions\/2934"}],"wp:featuredmedia":[{"embeddable":true,"href":"https:\/\/www.jcssterraplanagenslda.pt\/index.php?rest_route=\/wp\/v2\/media\/2786"}],"wp:attachment":[{"href":"https:\/\/www.jcssterraplanagenslda.pt\/index.php?rest_route=%2Fwp%2Fv2%2Fmedia&parent=2784"}],"wp:term":[{"taxonomy":"post_tag","embeddable":true,"href":"https:\/\/www.jcssterraplanagenslda.pt\/index.php?rest_route=%2Fwp%2Fv2%2Ftags&post=2784"}],"curies":[{"name":"wp","href":"https:\/\/api.w.org\/{rel}","templated":true}]}}