{"id":2747,"date":"2018-01-10T00:00:52","date_gmt":"2018-01-09T23:00:52","guid":{"rendered":"http:\/\/www.jcssterraplanagenslda.pt\/?page_id=2747"},"modified":"2018-01-11T15:06:26","modified_gmt":"2018-01-11T14:06:26","slug":"grupo-dst-constroi-centro-de-logistica-bolama-supermercado-nas-antigas-instalacoes-da-fabrica-josim","status":"publish","type":"page","link":"https:\/\/www.jcssterraplanagenslda.pt\/?page_id=2747","title":{"rendered":"Grupo DST constr\u00f3i Centro de Log\u00edstica Bolama Supermercado nas antigas instala\u00e7\u00f5es da f\u00e1brica Josim"},"content":{"rendered":"<h3><\/h3>\n<h3>Grupo DST constr\u00f3i Centro de Log\u00edstica Bolama Supermercado nas antigas instala\u00e7\u00f5es da f\u00e1brica Josim<\/h3>\n<div class=\"su-row\"><div class=\"su-column su-column-size-3-5\"><div class=\"su-column-inner su-u-clearfix su-u-trim\">\n<p style=\"text-align: justify;\"><span style=\"color: #993300;\"><strong>10 de Janeiro de 2018<\/strong><\/span><\/p>\n<p style=\"text-align: justify;\">O grupo dst est\u00e1 a construir, em Guimar\u00e3es, o Centro de Log\u00edstica Bolama Supermercados, um entreposto que servir\u00e1 de base de controlo e distribui\u00e7\u00e3o para toda a cadeia de supermercados Bolama. A empreitada, avaliada em mais de dois milh\u00f5es de euros, envolve v\u00e1rias ins\u00edgnias do grupo dst, nomeadamente a construtora dst, sa, a dte &#8211; instala\u00e7\u00f5es especiais, a tconcrete e a tmodular.<\/p>\n<p style=\"text-align: justify;\">A obra nasce nas antigas instala\u00e7\u00f5es da f\u00e1brica Josim, em Ronfe, pelo que os trabalhos englobam a conserva\u00e7\u00e3o da fachada existente que ser\u00e1 a fachada principal da zona administrativa, onde existir\u00e1 uma \u00e1rea social, escrit\u00f3rios e salas de apoio. A restante interven\u00e7\u00e3o implica a constru\u00e7\u00e3o de um edif\u00edcio em estrutura de bet\u00e3o armado pr\u00e9-fabricado, com fachadas em painel e cobertura em &#8220;deck&#8221;.<\/p>\n<p style=\"text-align: justify;\">\u00c0 \u00e1rea de constru\u00e7\u00e3o de cerca de 6000 m2 soma-se ainda a \u00e1rea de 9926 m2 de arranjos exteriores, onde ser\u00e3o realizados trabalhos de pavimenta\u00e7\u00e3o e respetivos passeios.<\/p>\n<p><img loading=\"lazy\" decoding=\"async\" class=\"aligncenter size-full wp-image-2748\" src=\"http:\/\/www.jcssterraplanagenslda.pt\/wp-content\/uploads\/2018\/01\/render-2.jpg\" alt=\"\" width=\"570\" height=\"321\" srcset=\"https:\/\/www.jcssterraplanagenslda.pt\/wp-content\/uploads\/2018\/01\/render-2.jpg 570w, https:\/\/www.jcssterraplanagenslda.pt\/wp-content\/uploads\/2018\/01\/render-2-300x169.jpg 300w, https:\/\/www.jcssterraplanagenslda.pt\/wp-content\/uploads\/2018\/01\/render-2-500x282.jpg 500w\" sizes=\"auto, (max-width: 570px) 100vw, 570px\" \/><\/p>\n<p style=\"text-align: justify;\">A dst \u00e9 respons\u00e1vel pela execu\u00e7\u00e3o dos trabalhos de constru\u00e7\u00e3o civil, cabendo \u00e0 dte &#8211; instala\u00e7\u00f5es especiais, a execu\u00e7\u00e3o da especialidade de ITED e eletricidade. O bet\u00e3o pronto ser\u00e1 fabricado e fornecido pela tconcrete e o fabrico e instala\u00e7\u00e3o das carpintarias estar\u00e1 a cargo da tmodular.<\/p>\n<p style=\"text-align: justify;\">Esta parceria resulta \u201cda confian\u00e7a que a Supermercados Bolama deposita na capacidade t\u00e9cnica e financeira do grupo dst e na nossa vasta experi\u00eancia na implementa\u00e7\u00e3o de projetos chave-na-m\u00e3o na \u00e1rea da log\u00edstica, da distribui\u00e7\u00e3o e do retalho\u201d, sublinha Jos\u00e9 Teixeira, presidente do Conselho de Administra\u00e7\u00e3o do grupo dst. \u201cO recurso \u00e0s diferentes compet\u00eancias das v\u00e1rias empresas do grupo, num processo in-house tem sido um fator de diferencia\u00e7\u00e3o e um crit\u00e9rio francamente valorizado no momento da tomada de decis\u00e3o por parte dos nossos parceiros\u201d, destaca o respons\u00e1vel.<\/p>\n<p><img loading=\"lazy\" decoding=\"async\" class=\"aligncenter size-full wp-image-2749\" src=\"http:\/\/www.jcssterraplanagenslda.pt\/wp-content\/uploads\/2018\/01\/render-9.jpg\" alt=\"\" width=\"570\" height=\"321\" srcset=\"https:\/\/www.jcssterraplanagenslda.pt\/wp-content\/uploads\/2018\/01\/render-9.jpg 570w, https:\/\/www.jcssterraplanagenslda.pt\/wp-content\/uploads\/2018\/01\/render-9-300x169.jpg 300w, https:\/\/www.jcssterraplanagenslda.pt\/wp-content\/uploads\/2018\/01\/render-9-500x282.jpg 500w\" sizes=\"auto, (max-width: 570px) 100vw, 570px\" \/><\/p>\n<p style=\"text-align: justify;\">Jos\u00e9 Teixeira defende ainda que \u201ca consolida\u00e7\u00e3o do portf\u00f3lio se deve \u00e0 qualidade t\u00e9cnica das solu\u00e7\u00f5es apresentadas, mas tamb\u00e9m \u00e0s s\u00f3lidas rela\u00e7\u00f5es comerciais de confian\u00e7a que o grupo estabelece com os clientes, a maioria dos quais volta com novos projetos para serem executados sob a batuta, o conhecimento e a inova\u00e7\u00e3o das equipas do grupo dst.\u201d<\/p>\n<p style=\"text-align: justify;\">Fonte: <a href=\"http:\/\/www.engenhariaeconstrucao.com\/2018\/01\/centro-logistica-bolama.html\">ENGENHARIA E CONSTRU\u00c7\u00c3O<\/a><\/p>\n<\/div><\/div><div class=\"su-column su-column-size-2-5\"><div class=\"su-column-inner su-u-clearfix su-u-trim\"><strong>Participa\u00e7\u00e3o da JCSS no movimento de terras<\/strong><\/p>\n[URIS id=2752]\n\n<\/div><\/div><\/div>\n","protected":false},"excerpt":{"rendered":"<p>Grupo DST constr\u00f3i Centro de Log\u00edstica Bolama Supermercado nas antigas instala\u00e7\u00f5es da f\u00e1brica Josim<\/p>\n","protected":false},"author":1,"featured_media":2749,"parent":0,"menu_order":0,"comment_status":"closed","ping_status":"closed","template":"","meta":{"footnotes":""},"tags":[81],"class_list":["post-2747","page","type-page","status-publish","has-post-thumbnail","hentry","tag-q"],"aioseo_notices":[],"_links":{"self":[{"href":"https:\/\/www.jcssterraplanagenslda.pt\/index.php?rest_route=\/wp\/v2\/pages\/2747","targetHints":{"allow":["GET"]}}],"collection":[{"href":"https:\/\/www.jcssterraplanagenslda.pt\/index.php?rest_route=\/wp\/v2\/pages"}],"about":[{"href":"https:\/\/www.jcssterraplanagenslda.pt\/index.php?rest_route=\/wp\/v2\/types\/page"}],"author":[{"embeddable":true,"href":"https:\/\/www.jcssterraplanagenslda.pt\/index.php?rest_route=\/wp\/v2\/users\/1"}],"replies":[{"embeddable":true,"href":"https:\/\/www.jcssterraplanagenslda.pt\/index.php?rest_route=%2Fwp%2Fv2%2Fcomments&post=2747"}],"version-history":[{"count":9,"href":"https:\/\/www.jcssterraplanagenslda.pt\/index.php?rest_route=\/wp\/v2\/pages\/2747\/revisions"}],"predecessor-version":[{"id":2759,"href":"https:\/\/www.jcssterraplanagenslda.pt\/index.php?rest_route=\/wp\/v2\/pages\/2747\/revisions\/2759"}],"wp:featuredmedia":[{"embeddable":true,"href":"https:\/\/www.jcssterraplanagenslda.pt\/index.php?rest_route=\/wp\/v2\/media\/2749"}],"wp:attachment":[{"href":"https:\/\/www.jcssterraplanagenslda.pt\/index.php?rest_route=%2Fwp%2Fv2%2Fmedia&parent=2747"}],"wp:term":[{"taxonomy":"post_tag","embeddable":true,"href":"https:\/\/www.jcssterraplanagenslda.pt\/index.php?rest_route=%2Fwp%2Fv2%2Ftags&post=2747"}],"curies":[{"name":"wp","href":"https:\/\/api.w.org\/{rel}","templated":true}]}}