{"id":2586,"date":"2017-09-25T22:15:33","date_gmt":"2017-09-25T21:15:33","guid":{"rendered":"http:\/\/www.jcssterraplanagenslda.pt\/?page_id=2586"},"modified":"2018-04-08T23:55:42","modified_gmt":"2018-04-08T22:55:42","slug":"pme-lider-2017-9-anos-consecutivos-2009-2017","status":"publish","type":"page","link":"https:\/\/www.jcssterraplanagenslda.pt\/?page_id=2586","title":{"rendered":"PME L\u00edder 2017 &#8211; 9 anos consecutivos (2009-2017)"},"content":{"rendered":"<h3><\/h3>\n<h3>PME L\u00edder 2017 &#8211; 9\u00a0anos consecutivos (2009-2017)<\/h3>\n<div class=\"su-row\"><div class=\"su-column su-column-size-1-2\"><div class=\"su-column-inner su-u-clearfix su-u-trim\">\n<p><span style=\"color: #993300;\"><strong>25 de Setembro de 2017<\/strong><\/span><\/p>\n<p style=\"text-align: justify;\">E mais uma vez, \u00e9 com agrado que informamos que o IAPMEI renovou \u00e0 empresa Jos\u00e9 Carlos Silva Sousa &#8211; Terraplanagens, Lda., o Estatuto de PME L\u00edder, em 2017, na sequ\u00eancia da qualidade do nosso desempenho e perfil de risco.<\/p>\n<p style=\"text-align: justify;\">A manuten\u00e7\u00e3o desta distin\u00e7\u00e3o desde 2009, pelo IAPMEI, numa\u00a0parceria com a Banca e o Turismo de Portugal, sinaliza as PME com desempenhos\u00a0superiores, sendo um prazer poder reconhecer publicamente o sucesso da nossa estrat\u00e9gia\u00a0empresarial e a import\u00e2ncia do nosso contributo para a economia nacional.<\/p>\n<p style=\"text-align: justify;\"><\/div><\/div> <div class=\"su-column su-column-size-1-2\"><div class=\"su-column-inner su-u-clearfix su-u-trim\">\n<p style=\"text-align: justify;\"><img loading=\"lazy\" decoding=\"async\" class=\"aligncenter size-full wp-image-2587\" src=\"http:\/\/www.jcssterraplanagenslda.pt\/wp-content\/uploads\/2017\/10\/pme2017.png\" alt=\"\" width=\"839\" height=\"591\" srcset=\"https:\/\/www.jcssterraplanagenslda.pt\/wp-content\/uploads\/2017\/10\/pme2017.png 839w, https:\/\/www.jcssterraplanagenslda.pt\/wp-content\/uploads\/2017\/10\/pme2017-300x211.png 300w, https:\/\/www.jcssterraplanagenslda.pt\/wp-content\/uploads\/2017\/10\/pme2017-768x541.png 768w, https:\/\/www.jcssterraplanagenslda.pt\/wp-content\/uploads\/2017\/10\/pme2017-500x352.png 500w\" sizes=\"auto, (max-width: 839px) 100vw, 839px\" \/><\/p>\n<p style=\"text-align: justify;\"><\/div><\/div><\/div>\n","protected":false},"excerpt":{"rendered":"<p>E mais uma vez, \u00e9 com agrado que informamos que o IAPMEI renovou \u00e0 empresa Jos\u00e9 Carlos Silva Sousa &#8211; Terraplanagens, Lda., o Estatuto de PME L\u00edder, em 2017, na sequ\u00eancia da qualidade do nosso desempenho e perfil de risco.<\/p>\n","protected":false},"author":1,"featured_media":2793,"parent":0,"menu_order":0,"comment_status":"closed","ping_status":"closed","template":"","meta":{"footnotes":""},"tags":[93],"class_list":["post-2586","page","type-page","status-publish","has-post-thumbnail","hentry","tag-j"],"aioseo_notices":[],"_links":{"self":[{"href":"https:\/\/www.jcssterraplanagenslda.pt\/index.php?rest_route=\/wp\/v2\/pages\/2586","targetHints":{"allow":["GET"]}}],"collection":[{"href":"https:\/\/www.jcssterraplanagenslda.pt\/index.php?rest_route=\/wp\/v2\/pages"}],"about":[{"href":"https:\/\/www.jcssterraplanagenslda.pt\/index.php?rest_route=\/wp\/v2\/types\/page"}],"author":[{"embeddable":true,"href":"https:\/\/www.jcssterraplanagenslda.pt\/index.php?rest_route=\/wp\/v2\/users\/1"}],"replies":[{"embeddable":true,"href":"https:\/\/www.jcssterraplanagenslda.pt\/index.php?rest_route=%2Fwp%2Fv2%2Fcomments&post=2586"}],"version-history":[{"count":2,"href":"https:\/\/www.jcssterraplanagenslda.pt\/index.php?rest_route=\/wp\/v2\/pages\/2586\/revisions"}],"predecessor-version":[{"id":2589,"href":"https:\/\/www.jcssterraplanagenslda.pt\/index.php?rest_route=\/wp\/v2\/pages\/2586\/revisions\/2589"}],"wp:featuredmedia":[{"embeddable":true,"href":"https:\/\/www.jcssterraplanagenslda.pt\/index.php?rest_route=\/wp\/v2\/media\/2793"}],"wp:attachment":[{"href":"https:\/\/www.jcssterraplanagenslda.pt\/index.php?rest_route=%2Fwp%2Fv2%2Fmedia&parent=2586"}],"wp:term":[{"taxonomy":"post_tag","embeddable":true,"href":"https:\/\/www.jcssterraplanagenslda.pt\/index.php?rest_route=%2Fwp%2Fv2%2Ftags&post=2586"}],"curies":[{"name":"wp","href":"https:\/\/api.w.org\/{rel}","templated":true}]}}