{"id":2540,"date":"2017-01-16T18:32:30","date_gmt":"2017-01-16T17:32:30","guid":{"rendered":"http:\/\/www.jcssterraplanagenslda.pt\/?page_id=2540"},"modified":"2017-01-16T18:34:40","modified_gmt":"2017-01-16T17:34:40","slug":"garagem-linhares-ficara-pronta-no-inicio-de-2018","status":"publish","type":"page","link":"https:\/\/www.jcssterraplanagenslda.pt\/?page_id=2540","title":{"rendered":"Garagem Linhares ficar\u00e1 pronta no in\u00edcio de 2018"},"content":{"rendered":"<h3><\/h3>\n<h3>Garagem Linhares ficar\u00e1 pronta no in\u00edcio de 2018<\/h3>\n<div class=\"su-row\"><div class=\"su-column su-column-size-3-5\"><div class=\"su-column-inner su-u-clearfix su-u-trim\">\n<p style=\"text-align: justify;\"><span style=\"color: #993300;\"><strong>16 de Janeiro de 2017<\/strong><\/span><\/p>\n<p>O presidente Aires Pereira diz que a nova Garagem Linhares vai centralizar todos os servi\u00e7os de atendimento ao p\u00fablico do munic\u00edpio, ter\u00e1 uma Loja do Cidad\u00e3o, um caf\u00e9 e uma pequena biblioteca e vai mudar a forma de rela\u00e7\u00e3o com o munic\u00edpio, transformando a pr\u00f3pria Pra\u00e7a do Almada e a liga\u00e7\u00e3o ao metro, que passa a fazer-se por um corredor coberto, que ligar\u00e1 a Garagem Linhares \u00e0 atual esta\u00e7\u00e3o, evitando, assim, a sa\u00edda de passageiros diretamente para a movimentada EN13.<\/p>\n<p>Link: <a href=\"http:\/\/www.radioondaviva.pt\/index.php\/noticias\/8945-garagem-linhares-ficara-pronta-no-inicio-de-2018\">http:\/\/www.radioondaviva.pt\/index.php\/noticias\/8945-garagem-linhares-ficara-pronta-no-inicio-de-2018<\/a><\/p>\n<p>Fonte: Radio Ondaviva<\/p>\n<\/div><\/div><div class=\"su-column su-column-size-2-5\"><div class=\"su-column-inner su-u-clearfix su-u-trim\">[URIS id=2545]\n<p>&nbsp;<\/p>\n\n<\/div><\/div><\/div>\n","protected":false},"excerpt":{"rendered":"<p>O presidente Aires Pereira diz que a nova Garagem Linhares vai centralizar todos os servi\u00e7os de atendimento ao p\u00fablico do munic\u00edpio,<\/p>\n","protected":false},"author":1,"featured_media":2542,"parent":0,"menu_order":0,"comment_status":"closed","ping_status":"closed","template":"","meta":{"footnotes":""},"tags":[81],"class_list":["post-2540","page","type-page","status-publish","has-post-thumbnail","hentry","tag-q"],"aioseo_notices":[],"_links":{"self":[{"href":"https:\/\/www.jcssterraplanagenslda.pt\/index.php?rest_route=\/wp\/v2\/pages\/2540","targetHints":{"allow":["GET"]}}],"collection":[{"href":"https:\/\/www.jcssterraplanagenslda.pt\/index.php?rest_route=\/wp\/v2\/pages"}],"about":[{"href":"https:\/\/www.jcssterraplanagenslda.pt\/index.php?rest_route=\/wp\/v2\/types\/page"}],"author":[{"embeddable":true,"href":"https:\/\/www.jcssterraplanagenslda.pt\/index.php?rest_route=\/wp\/v2\/users\/1"}],"replies":[{"embeddable":true,"href":"https:\/\/www.jcssterraplanagenslda.pt\/index.php?rest_route=%2Fwp%2Fv2%2Fcomments&post=2540"}],"version-history":[{"count":2,"href":"https:\/\/www.jcssterraplanagenslda.pt\/index.php?rest_route=\/wp\/v2\/pages\/2540\/revisions"}],"predecessor-version":[{"id":2546,"href":"https:\/\/www.jcssterraplanagenslda.pt\/index.php?rest_route=\/wp\/v2\/pages\/2540\/revisions\/2546"}],"wp:featuredmedia":[{"embeddable":true,"href":"https:\/\/www.jcssterraplanagenslda.pt\/index.php?rest_route=\/wp\/v2\/media\/2542"}],"wp:attachment":[{"href":"https:\/\/www.jcssterraplanagenslda.pt\/index.php?rest_route=%2Fwp%2Fv2%2Fmedia&parent=2540"}],"wp:term":[{"taxonomy":"post_tag","embeddable":true,"href":"https:\/\/www.jcssterraplanagenslda.pt\/index.php?rest_route=%2Fwp%2Fv2%2Ftags&post=2540"}],"curies":[{"name":"wp","href":"https:\/\/api.w.org\/{rel}","templated":true}]}}