{"id":2425,"date":"2016-10-10T00:00:37","date_gmt":"2016-10-09T23:00:37","guid":{"rendered":"http:\/\/www.jcssterraplanagenslda.pt\/?page_id=2425"},"modified":"2016-10-10T16:46:53","modified_gmt":"2016-10-10T15:46:53","slug":"8-anos-de-pme-lider","status":"publish","type":"page","link":"https:\/\/www.jcssterraplanagenslda.pt\/?page_id=2425","title":{"rendered":"8 anos consecutivos PME L\u00edder (2009-2016)"},"content":{"rendered":"<h3><\/h3>\n<h3>8 anos consecutivos PME L\u00edder (2009-2016)<\/h3>\n<div class=\"su-row\"><div class=\"su-column su-column-size-1-2\"><div class=\"su-column-inner su-u-clearfix su-u-trim\">\n<p><span style=\"color: #993300;\"><strong>10\u00a0de Outubro de 2016<\/strong><\/span><\/p>\n<p style=\"text-align: justify;\">E mais uma vez, \u00e9 com agrado que informamos que o IAPMEI renovou \u00e0 empresa Jos\u00e9 Carlos Silva Sousa &#8211; Terraplanagens, Lda., o Estatuto de PME L\u00edder, em 2016, na sequ\u00eancia da qualidade do nosso desempenho e perfil de risco.<\/p>\n<p style=\"text-align: justify;\">A manuten\u00e7\u00e3o desta distin\u00e7\u00e3o desde 2009, pelo IAPMEI, numa\u00a0parceria com a Banca e o Turismo de Portugal, sinaliza as PME com desempenhos\u00a0superiores, sendo um prazer poder reconhecer publicamente o sucesso da nossa estrat\u00e9gia\u00a0empresarial e a import\u00e2ncia do nosso contributo para a economia nacional.<\/p>\n<p style=\"text-align: justify;\"><\/div><\/div> <div class=\"su-column su-column-size-1-2\"><div class=\"su-column-inner su-u-clearfix su-u-trim\">\n<p style=\"text-align: justify;\"><img loading=\"lazy\" decoding=\"async\" class=\"aligncenter wp-image-2483 size-full\" src=\"http:\/\/www.jcssterraplanagenslda.pt\/wordpress\/wp-content\/uploads\/2016\/05\/pme2016.png\" alt=\"pme2016\" width=\"896\" height=\"634\" srcset=\"https:\/\/www.jcssterraplanagenslda.pt\/wp-content\/uploads\/2016\/05\/pme2016.png 896w, https:\/\/www.jcssterraplanagenslda.pt\/wp-content\/uploads\/2016\/05\/pme2016-300x212.png 300w, https:\/\/www.jcssterraplanagenslda.pt\/wp-content\/uploads\/2016\/05\/pme2016-768x543.png 768w, https:\/\/www.jcssterraplanagenslda.pt\/wp-content\/uploads\/2016\/05\/pme2016-500x354.png 500w\" sizes=\"auto, (max-width: 896px) 100vw, 896px\" \/><\/p>\n<p style=\"text-align: justify;\"><\/div><\/div><\/div>\n","protected":false},"excerpt":{"rendered":"<p>E mais uma vez, \u00e9 com agrado que informamos que o IAPMEI renovou \u00e0 empresa Jos\u00e9 Carlos Silva Sousa &#8211; Terraplanagens, Lda., o Estatuto de PME L\u00edder, em 2016, na sequ\u00eancia da qualidade do nosso desempenho e perfil de risco.<\/p>\n","protected":false},"author":1,"featured_media":2483,"parent":0,"menu_order":0,"comment_status":"closed","ping_status":"closed","template":"","meta":{"footnotes":""},"tags":[93],"class_list":["post-2425","page","type-page","status-publish","has-post-thumbnail","hentry","tag-j"],"aioseo_notices":[],"_links":{"self":[{"href":"https:\/\/www.jcssterraplanagenslda.pt\/index.php?rest_route=\/wp\/v2\/pages\/2425","targetHints":{"allow":["GET"]}}],"collection":[{"href":"https:\/\/www.jcssterraplanagenslda.pt\/index.php?rest_route=\/wp\/v2\/pages"}],"about":[{"href":"https:\/\/www.jcssterraplanagenslda.pt\/index.php?rest_route=\/wp\/v2\/types\/page"}],"author":[{"embeddable":true,"href":"https:\/\/www.jcssterraplanagenslda.pt\/index.php?rest_route=\/wp\/v2\/users\/1"}],"replies":[{"embeddable":true,"href":"https:\/\/www.jcssterraplanagenslda.pt\/index.php?rest_route=%2Fwp%2Fv2%2Fcomments&post=2425"}],"version-history":[{"count":6,"href":"https:\/\/www.jcssterraplanagenslda.pt\/index.php?rest_route=\/wp\/v2\/pages\/2425\/revisions"}],"predecessor-version":[{"id":2825,"href":"https:\/\/www.jcssterraplanagenslda.pt\/index.php?rest_route=\/wp\/v2\/pages\/2425\/revisions\/2825"}],"wp:featuredmedia":[{"embeddable":true,"href":"https:\/\/www.jcssterraplanagenslda.pt\/index.php?rest_route=\/wp\/v2\/media\/2483"}],"wp:attachment":[{"href":"https:\/\/www.jcssterraplanagenslda.pt\/index.php?rest_route=%2Fwp%2Fv2%2Fmedia&parent=2425"}],"wp:term":[{"taxonomy":"post_tag","embeddable":true,"href":"https:\/\/www.jcssterraplanagenslda.pt\/index.php?rest_route=%2Fwp%2Fv2%2Ftags&post=2425"}],"curies":[{"name":"wp","href":"https:\/\/api.w.org\/{rel}","templated":true}]}}