{"id":2201,"date":"2016-02-13T12:24:37","date_gmt":"2016-02-13T11:24:37","guid":{"rendered":"http:\/\/www.jcssterraplanagenslda.pt\/?page_id=2201"},"modified":"2016-03-12T12:37:12","modified_gmt":"2016-03-12T11:37:12","slug":"predio-ruiu-e-cortou-estrada-nacional","status":"publish","type":"page","link":"https:\/\/www.jcssterraplanagenslda.pt\/?page_id=2201","title":{"rendered":"Pr\u00e9dio ruiu e cortou estrada nacional"},"content":{"rendered":"<h3><\/h3>\n<h3>Pr\u00e9dio ruiu e cortou estrada nacional<\/h3>\n<div class=\"su-row\"><div class=\"su-column su-column-size-3-5\"><div class=\"su-column-inner su-u-clearfix su-u-trim\">\n<p style=\"text-align: justify;\"><span style=\"color: #993300;\"><strong>13 de Fevereiro de 2016<\/strong><\/span><\/p>\n<p><iframe loading=\"lazy\" width=\"720\" height=\"405\" src=\"https:\/\/www.youtube.com\/embed\/HZq0t7RhLc8?feature=oembed\" frameborder=\"0\" allowfullscreen><\/iframe><\/p>\n<p style=\"text-align: justify;\">O pr\u00e9dio na esquina das ruas Gomes de Amorim \u2013 a Estrada Nacional 13 &#8211; e da Vila Velha teve de ser demolido ap\u00f3s ter ru\u00eddo uma parte ao final da chuvosa manh\u00e3 de s\u00e1bado. Esse n\u00famero 12 e a casa cont\u00edgua apresentavam sinais de degrada\u00e7\u00e3o evidente e estavam desabitadas.<\/p>\n<p style=\"text-align: justify;\">O primeiro desmoronamento sucedeu perto do meia-dia e chegou para assustar Filipa Gomes que estava na loja em frente. Face ao perigo de queda descontrolada das fachadas, a C\u00e2mara Municipal contactou os propriet\u00e1rio para fazerem uma interven\u00e7\u00e3o de urg\u00eancia como explicou o vice-presidente da autarquia.<\/p>\n<p style=\"text-align: justify;\">Quanto \u00e0s causas da ru\u00edna, Lu\u00eds Diamantino adiantou uma primeira an\u00e1lise dos t\u00e9cnicos embora com as devidas reservas. A demoli\u00e7\u00e3o dos pr\u00e9dios obrigou ao corte ao tr\u00e2nsito de parte da Rua Gomes de Amorim, entre a Avenida Mouzinho de Albuquerque e a rua Elias Garcia.<\/p>\n<p style=\"text-align: justify;\">A remo\u00e7\u00e3o do entulho est\u00e1 prevista para a pr\u00f3xima segunda-feira.<\/p>\n<p style=\"text-align: justify;\">Fonte:\u00a0R\u00c1DIO ONDA VIVA<\/p>\n<\/div><\/div><div class=\"su-column su-column-size-2-5\"><div class=\"su-column-inner su-u-clearfix su-u-trim\">\n\n<\/div><\/div><\/div>\n","protected":false},"excerpt":{"rendered":"<p>O pr\u00e9dio na esquina das ruas Gomes de Amorim \u2013 a Estrada Nacional 13 &#8211; e da Vila Velha teve de ser demolido ap\u00f3s ter ru\u00eddo uma parte ao final da chuvosa manh\u00e3 de s\u00e1bado. Esse n\u00famero 12 e a casa cont\u00edgua apresentavam sinais de degrada\u00e7\u00e3o evidente e estavam desabitadas.<\/p>\n","protected":false},"author":1,"featured_media":2202,"parent":0,"menu_order":0,"comment_status":"closed","ping_status":"closed","template":"","meta":{"footnotes":""},"tags":[81],"class_list":["post-2201","page","type-page","status-publish","has-post-thumbnail","hentry","tag-q"],"aioseo_notices":[],"_links":{"self":[{"href":"https:\/\/www.jcssterraplanagenslda.pt\/index.php?rest_route=\/wp\/v2\/pages\/2201","targetHints":{"allow":["GET"]}}],"collection":[{"href":"https:\/\/www.jcssterraplanagenslda.pt\/index.php?rest_route=\/wp\/v2\/pages"}],"about":[{"href":"https:\/\/www.jcssterraplanagenslda.pt\/index.php?rest_route=\/wp\/v2\/types\/page"}],"author":[{"embeddable":true,"href":"https:\/\/www.jcssterraplanagenslda.pt\/index.php?rest_route=\/wp\/v2\/users\/1"}],"replies":[{"embeddable":true,"href":"https:\/\/www.jcssterraplanagenslda.pt\/index.php?rest_route=%2Fwp%2Fv2%2Fcomments&post=2201"}],"version-history":[{"count":7,"href":"https:\/\/www.jcssterraplanagenslda.pt\/index.php?rest_route=\/wp\/v2\/pages\/2201\/revisions"}],"predecessor-version":[{"id":2209,"href":"https:\/\/www.jcssterraplanagenslda.pt\/index.php?rest_route=\/wp\/v2\/pages\/2201\/revisions\/2209"}],"wp:featuredmedia":[{"embeddable":true,"href":"https:\/\/www.jcssterraplanagenslda.pt\/index.php?rest_route=\/wp\/v2\/media\/2202"}],"wp:attachment":[{"href":"https:\/\/www.jcssterraplanagenslda.pt\/index.php?rest_route=%2Fwp%2Fv2%2Fmedia&parent=2201"}],"wp:term":[{"taxonomy":"post_tag","embeddable":true,"href":"https:\/\/www.jcssterraplanagenslda.pt\/index.php?rest_route=%2Fwp%2Fv2%2Ftags&post=2201"}],"curies":[{"name":"wp","href":"https:\/\/api.w.org\/{rel}","templated":true}]}}