{"id":2026,"date":"2015-08-31T15:22:24","date_gmt":"2015-08-31T14:22:24","guid":{"rendered":"http:\/\/www.jcssterraplanagenslda.pt\/?page_id=2026"},"modified":"2015-09-10T15:38:53","modified_gmt":"2015-09-10T14:38:53","slug":"baleia-da-a-costa-na-povoa-de-varzim","status":"publish","type":"page","link":"https:\/\/www.jcssterraplanagenslda.pt\/?page_id=2026","title":{"rendered":"Baleia d\u00e1 \u00e0 costa na P\u00f3voa de Varzim"},"content":{"rendered":"<h3><\/h3>\n<h3>Baleia d\u00e1 \u00e0 costa na P\u00f3voa de Varzim<\/h3>\n<div class=\"su-row\"><div class=\"su-column su-column-size-3-5\"><div class=\"su-column-inner su-u-clearfix su-u-trim\">\n<p style=\"text-align: justify;\"><span style=\"color: #993300;\"><strong>31 de Agosto de 2015<\/strong><\/span><\/p>\n<div style=\"width: 720px;\" class=\"wp-video\"><video class=\"wp-video-shortcode\" id=\"video-2026-1\" width=\"720\" height=\"576\" preload=\"metadata\" controls=\"controls\"><source type=\"video\/mp4\" src=\"http:\/\/www.jcssterraplanagenslda.pt\/wordpress\/wp-content\/uploads\/2015\/09\/55e464d40cf23e2fbed835a4-L-500k.mp4?_=1\" \/><a href=\"http:\/\/www.jcssterraplanagenslda.pt\/wordpress\/wp-content\/uploads\/2015\/09\/55e464d40cf23e2fbed835a4-L-500k.mp4\">http:\/\/www.jcssterraplanagenslda.pt\/wordpress\/wp-content\/uploads\/2015\/09\/55e464d40cf23e2fbed835a4-L-500k.mp4<\/a><\/video><\/div>\n<p style=\"text-align: justify;\">\n<p style=\"text-align: justify;\">Cet\u00e1ceo em decomposi\u00e7\u00e3o teve de ser removido com um caterp\u00edlar.<\/p>\n<p style=\"text-align: justify;\">Uma baleia em decomposi\u00e7\u00e3o deu \u00e0 costa na praia da P\u00f3voa de Varzim, nesta segunda-feira, confirmou a TVI24 junto das autoridades.<\/p>\n<p>O que restava do cet\u00e1ceo teve de ser removido do areal com recurso a um caterp\u00edlar.<\/p>\n<p>A praia n\u00e3o foi interditada mas foi hasteada a bandeira vermelha.<\/p>\n<p style=\"text-align: justify;\">Fonte:\u00a0TVI24<\/p>\n<\/div><\/div><div class=\"su-column su-column-size-2-5\"><div class=\"su-column-inner su-u-clearfix su-u-trim\">\n\n<\/div><\/div><\/div>\n","protected":false},"excerpt":{"rendered":"<p>Cet\u00e1ceo em decomposi\u00e7\u00e3o teve de ser removido com um caterp\u00edlar. Uma baleia em decomposi\u00e7\u00e3o deu \u00e0 costa na praia da P\u00f3voa de Varzim, nesta segunda-feira, confirmou a TVI24 junto das autoridades. <\/p>\n","protected":false},"author":1,"featured_media":2027,"parent":0,"menu_order":0,"comment_status":"closed","ping_status":"closed","template":"","meta":{"footnotes":""},"tags":[81],"class_list":["post-2026","page","type-page","status-publish","has-post-thumbnail","hentry","tag-q"],"aioseo_notices":[],"_links":{"self":[{"href":"https:\/\/www.jcssterraplanagenslda.pt\/index.php?rest_route=\/wp\/v2\/pages\/2026","targetHints":{"allow":["GET"]}}],"collection":[{"href":"https:\/\/www.jcssterraplanagenslda.pt\/index.php?rest_route=\/wp\/v2\/pages"}],"about":[{"href":"https:\/\/www.jcssterraplanagenslda.pt\/index.php?rest_route=\/wp\/v2\/types\/page"}],"author":[{"embeddable":true,"href":"https:\/\/www.jcssterraplanagenslda.pt\/index.php?rest_route=\/wp\/v2\/users\/1"}],"replies":[{"embeddable":true,"href":"https:\/\/www.jcssterraplanagenslda.pt\/index.php?rest_route=%2Fwp%2Fv2%2Fcomments&post=2026"}],"version-history":[{"count":7,"href":"https:\/\/www.jcssterraplanagenslda.pt\/index.php?rest_route=\/wp\/v2\/pages\/2026\/revisions"}],"predecessor-version":[{"id":2107,"href":"https:\/\/www.jcssterraplanagenslda.pt\/index.php?rest_route=\/wp\/v2\/pages\/2026\/revisions\/2107"}],"wp:featuredmedia":[{"embeddable":true,"href":"https:\/\/www.jcssterraplanagenslda.pt\/index.php?rest_route=\/wp\/v2\/media\/2027"}],"wp:attachment":[{"href":"https:\/\/www.jcssterraplanagenslda.pt\/index.php?rest_route=%2Fwp%2Fv2%2Fmedia&parent=2026"}],"wp:term":[{"taxonomy":"post_tag","embeddable":true,"href":"https:\/\/www.jcssterraplanagenslda.pt\/index.php?rest_route=%2Fwp%2Fv2%2Ftags&post=2026"}],"curies":[{"name":"wp","href":"https:\/\/api.w.org\/{rel}","templated":true}]}}