{"id":2006,"date":"2015-08-19T09:22:20","date_gmt":"2015-08-19T08:22:20","guid":{"rendered":"http:\/\/www.jcssterraplanagenslda.pt\/?page_id=2006"},"modified":"2015-08-19T09:23:47","modified_gmt":"2015-08-19T08:23:47","slug":"jcss-distinguida-como-pme-lider-pelo-7o-ano-consecutivo","status":"publish","type":"page","link":"https:\/\/www.jcssterraplanagenslda.pt\/?page_id=2006","title":{"rendered":"JCSS distinguida como PME L\u00edder pelo 7\u00ba ano consecutivo"},"content":{"rendered":"<h3><\/h3>\n<h3>JCSS distinguida como PME L\u00edder pelo 7\u00ba ano consecutivo<\/h3>\n<div class=\"su-row\"><div class=\"su-column su-column-size-1-2\"><div class=\"su-column-inner su-u-clearfix su-u-trim\">\n<p style=\"text-align: justify;\"><span style=\"color: #993300;\"><strong>18 de Agosto de 2015<\/strong><\/span><\/p>\n<p style=\"text-align: justify;\">\u00c9 com agrado que informamos que o IAPMEI renovou \u00e0 empresa Jos\u00e9 Carlos Silva Sousa &#8211; Terraplanagens, Lda., NIF 504335383, o Estatuto de PME L\u00edder, em 2015.<\/p>\n<p style=\"text-align: justify;\">A manuten\u00e7\u00e3o desta distin\u00e7\u00e3o desde 2009, pelo IAPMEI, numa\u00a0parceria com a Banca e o Turismo de Portugal, sinaliza as PME com desempenhos\u00a0superiores, sendo um prazer poder reconhecer publicamente o sucesso da nossa estrat\u00e9gia\u00a0empresarial e a import\u00e2ncia do nosso contributo para a economia nacional.<br \/>\n<\/div><\/div> <div class=\"su-column su-column-size-1-2\"><div class=\"su-column-inner su-u-clearfix su-u-trim\">\n<a href=\"http:\/\/www.jcssterraplanagenslda.pt\/wordpress\/wp-content\/uploads\/2015\/08\/PME_Lider_2015.png\"><img loading=\"lazy\" decoding=\"async\" class=\"alignleft wp-image-2016 size-full\" src=\"http:\/\/www.jcssterraplanagenslda.pt\/wordpress\/wp-content\/uploads\/2015\/08\/PME_Lider_2015.png\" alt=\"PME_L\u00edder_2015\" width=\"1168\" height=\"827\" srcset=\"https:\/\/www.jcssterraplanagenslda.pt\/wp-content\/uploads\/2015\/08\/PME_Lider_2015.png 1168w, https:\/\/www.jcssterraplanagenslda.pt\/wp-content\/uploads\/2015\/08\/PME_Lider_2015-300x212.png 300w, https:\/\/www.jcssterraplanagenslda.pt\/wp-content\/uploads\/2015\/08\/PME_Lider_2015-1024x725.png 1024w, https:\/\/www.jcssterraplanagenslda.pt\/wp-content\/uploads\/2015\/08\/PME_Lider_2015-500x354.png 500w\" sizes=\"auto, (max-width: 1168px) 100vw, 1168px\" \/><\/a><\/div><\/div><\/div>\n","protected":false},"excerpt":{"rendered":"<p>\u00c9 com agrado que informamos que o IAPMEI renovou \u00e0 empresa Jos\u00e9 Carlos Silva Sousa &#8211; Terraplanagens, Lda., NIF 504335383, o Estatuto de PME L\u00edder, em 2015.<\/p>\n","protected":false},"author":1,"featured_media":2016,"parent":0,"menu_order":0,"comment_status":"closed","ping_status":"closed","template":"","meta":{"footnotes":""},"tags":[93],"class_list":["post-2006","page","type-page","status-publish","has-post-thumbnail","hentry","tag-j"],"aioseo_notices":[],"_links":{"self":[{"href":"https:\/\/www.jcssterraplanagenslda.pt\/index.php?rest_route=\/wp\/v2\/pages\/2006","targetHints":{"allow":["GET"]}}],"collection":[{"href":"https:\/\/www.jcssterraplanagenslda.pt\/index.php?rest_route=\/wp\/v2\/pages"}],"about":[{"href":"https:\/\/www.jcssterraplanagenslda.pt\/index.php?rest_route=\/wp\/v2\/types\/page"}],"author":[{"embeddable":true,"href":"https:\/\/www.jcssterraplanagenslda.pt\/index.php?rest_route=\/wp\/v2\/users\/1"}],"replies":[{"embeddable":true,"href":"https:\/\/www.jcssterraplanagenslda.pt\/index.php?rest_route=%2Fwp%2Fv2%2Fcomments&post=2006"}],"version-history":[{"count":12,"href":"https:\/\/www.jcssterraplanagenslda.pt\/index.php?rest_route=\/wp\/v2\/pages\/2006\/revisions"}],"predecessor-version":[{"id":2023,"href":"https:\/\/www.jcssterraplanagenslda.pt\/index.php?rest_route=\/wp\/v2\/pages\/2006\/revisions\/2023"}],"wp:featuredmedia":[{"embeddable":true,"href":"https:\/\/www.jcssterraplanagenslda.pt\/index.php?rest_route=\/wp\/v2\/media\/2016"}],"wp:attachment":[{"href":"https:\/\/www.jcssterraplanagenslda.pt\/index.php?rest_route=%2Fwp%2Fv2%2Fmedia&parent=2006"}],"wp:term":[{"taxonomy":"post_tag","embeddable":true,"href":"https:\/\/www.jcssterraplanagenslda.pt\/index.php?rest_route=%2Fwp%2Fv2%2Ftags&post=2006"}],"curies":[{"name":"wp","href":"https:\/\/api.w.org\/{rel}","templated":true}]}}