{"id":1118,"date":"2012-03-15T14:01:49","date_gmt":"2012-03-15T13:01:49","guid":{"rendered":"http:\/\/www.jcss.simply-webspace.com.pt\/wordpress\/?page_id=1118"},"modified":"2015-05-21T09:35:49","modified_gmt":"2015-05-21T08:35:49","slug":"centro-de-reabilitacao-do-norte-pronto-em-junho","status":"publish","type":"page","link":"https:\/\/www.jcssterraplanagenslda.pt\/?page_id=1118","title":{"rendered":"Centro de Reabilita\u00e7\u00e3o do Norte pronto em Junho"},"content":{"rendered":"<h3><\/h3>\n<h3><strong>Centro de Reabilita\u00e7\u00e3o do Norte pronto em Junho<\/strong><\/h3>\n<div class=\"su-row\"><div class=\"su-column su-column-size-3-5\"><div class=\"su-column-inner su-u-clearfix su-u-trim\">\n<p style=\"text-align: justify;\"><span style=\"color: #993300;\"><strong>26 de Mar\u00e7o de 2012<\/strong><\/span><\/p>\n<p>O <strong>Centro de Reabilita\u00e7\u00e3o do Norte<\/strong>, instalado no ex-sanat\u00f3rio mar\u00edtimo de Gaia, estar\u00e1 conclu\u00eddo em Junho, tal como os concursos para fornecimento de equipamentos, assegurou s\u00e1bado \u00e0 ag\u00eancia Lusa a Administra\u00e7\u00e3o Regional de Sa\u00fade do Norte.<\/p>\n<p>\u201cA previs\u00e3o de conclus\u00e3o da obra \u00e9 para Junho, havendo um ligeiro desvio temporal (de Abril a Junho) devidamente justificado por algumas indefini\u00e7\u00f5es relacionados com outras entidades\u201d, referiu a ARS\/Norte.<\/p>\n<p>Esclareceu ainda que \u201crelativamente aos equipamentos, est\u00e3o a decorrer os concursos e prev\u00eaem-se estarem conclu\u00eddos tamb\u00e9m em Junho\u201d.<\/p>\n<p>A obra do novo Centro de Reabilita\u00e7\u00e3o do Norte (CRN) foi lan\u00e7ada em Junho de 2010 pela ent\u00e3o ministra da Sa\u00fade, Ana Jorge, para quem este espa\u00e7o iria preencher \u201cuma lacuna\u201d no \u00e2mbito da reabilita\u00e7\u00e3o em internamento e interven\u00e7\u00e3o terap\u00eautica na regi\u00e3o.<\/p>\n<p>A empreitada apresentava ent\u00e3o um custo previsto de cerca de 32 milh\u00f5es de euros e deveria estar conclu\u00edda em \u201c22 a 24 meses\u201d.<\/p>\n<p>O Centro de Reabilita\u00e7\u00e3o do Norte \u00e9 uma unidade que visa beneficiar os utentes portadores de d\u00e9fices, incapacidades e limita\u00e7\u00f5es, de programas de reabilita\u00e7\u00e3o validados cientificamente.<\/p>\n<p>Est\u00e1 a ser constru\u00eddo nos terrenos do antigo Sanat\u00f3rio de Gaia, com uma \u00e1rea de cerca de 50 mil metros quadrados e visa servir a \u00e1rea geogr\u00e1fica da Regi\u00e3o de Sa\u00fade do Norte, com uma popula\u00e7\u00e3o superior a 3700 mil pessoas.<\/p>\n<p>A lota\u00e7\u00e3o do internamento ser\u00e1 de 100 camas, prevendo-se a divis\u00e3o desta unidade em cinco \u00e1reas: reabilita\u00e7\u00e3o geral, reabilita\u00e7\u00e3o de les\u00f5es medulares, reabilita\u00e7\u00e3o de AVC e outros doentes neurol\u00f3gicos, reabilita\u00e7\u00e3o pedi\u00e1trica e reabilita\u00e7\u00e3o de traumatismo cr\u00e2nio-encef\u00e1lico.<\/p>\n<p>O CRN dispor\u00e1 de oito gabinetes de consulta e a possibilidade e efectuar cerca de 22 mil consultas por ano.<\/p>\n<p>A admiss\u00e3o dos utentes no CRN pode incluir diferentes proveni\u00eancias: consulta externa, transfer\u00eancia de outras unidades e referencia\u00e7\u00e3o segundo protocolos espec\u00edficos a estabelecer para cada programa de reabilita\u00e7\u00e3o.<\/p>\n<p style=\"text-align: justify;\">Fonte:\u00a0RCMPHARMA<\/p>\n<\/div><\/div><div class=\"su-column su-column-size-2-5\"><div class=\"su-column-inner su-u-clearfix su-u-trim\">[URIS id=1122]\n\n<\/div><\/div><\/div>\n","protected":false},"excerpt":{"rendered":"<p>O Centro de Reabilita\u00e7\u00e3o do Norte, instalado no ex-sanat\u00f3rio mar\u00edtimo de Gaia, estar\u00e1 conclu\u00eddo em Junho, tal como os concursos para fornecimento de equipamentos, assegurou s\u00e1bado \u00e0 ag\u00eancia Lusa a Administra\u00e7\u00e3o Regional de Sa\u00fade do Norte.<\/p>\n","protected":false},"author":1,"featured_media":1590,"parent":0,"menu_order":0,"comment_status":"closed","ping_status":"closed","template":"","meta":{"footnotes":""},"tags":[81],"class_list":["post-1118","page","type-page","status-publish","has-post-thumbnail","hentry","tag-q"],"aioseo_notices":[],"_links":{"self":[{"href":"https:\/\/www.jcssterraplanagenslda.pt\/index.php?rest_route=\/wp\/v2\/pages\/1118","targetHints":{"allow":["GET"]}}],"collection":[{"href":"https:\/\/www.jcssterraplanagenslda.pt\/index.php?rest_route=\/wp\/v2\/pages"}],"about":[{"href":"https:\/\/www.jcssterraplanagenslda.pt\/index.php?rest_route=\/wp\/v2\/types\/page"}],"author":[{"embeddable":true,"href":"https:\/\/www.jcssterraplanagenslda.pt\/index.php?rest_route=\/wp\/v2\/users\/1"}],"replies":[{"embeddable":true,"href":"https:\/\/www.jcssterraplanagenslda.pt\/index.php?rest_route=%2Fwp%2Fv2%2Fcomments&post=1118"}],"version-history":[{"count":3,"href":"https:\/\/www.jcssterraplanagenslda.pt\/index.php?rest_route=\/wp\/v2\/pages\/1118\/revisions"}],"predecessor-version":[{"id":1129,"href":"https:\/\/www.jcssterraplanagenslda.pt\/index.php?rest_route=\/wp\/v2\/pages\/1118\/revisions\/1129"}],"wp:featuredmedia":[{"embeddable":true,"href":"https:\/\/www.jcssterraplanagenslda.pt\/index.php?rest_route=\/wp\/v2\/media\/1590"}],"wp:attachment":[{"href":"https:\/\/www.jcssterraplanagenslda.pt\/index.php?rest_route=%2Fwp%2Fv2%2Fmedia&parent=1118"}],"wp:term":[{"taxonomy":"post_tag","embeddable":true,"href":"https:\/\/www.jcssterraplanagenslda.pt\/index.php?rest_route=%2Fwp%2Fv2%2Ftags&post=1118"}],"curies":[{"name":"wp","href":"https:\/\/api.w.org\/{rel}","templated":true}]}}