{"id":993,"date":"2014-05-24T16:36:11","date_gmt":"2014-05-24T15:36:11","guid":{"rendered":"http:\/\/www.jcss.simply-webspace.com.pt\/wordpress\/?page_id=993"},"modified":"2015-05-21T09:35:45","modified_gmt":"2015-05-21T08:35:45","slug":"db-schenker-inaugura-armazem-em-vila-do-conde","status":"publish","type":"page","link":"http:\/\/www.jcssterraplanagenslda.pt\/?page_id=993","title":{"rendered":"DB Schenker inaugura armaz\u00e9m em Vila do Conde"},"content":{"rendered":"<h3><\/h3>\n<h3><strong>DB Schenker inaugura armaz\u00e9m em Vila do Conde<\/strong><\/h3>\n<div class=\"su-row\"><div class=\"su-column su-column-size-3-5\"><div class=\"su-column-inner su-u-clearfix su-u-trim\">\n<p style=\"text-align: justify;\"><span style=\"color: #993300;\"><strong>16 de Maio de 2014<\/strong><\/span><\/p>\n<p style=\"text-align: justify;\">A <strong>DB SCHENKER<\/strong> inaugurou ontem o seu novo centro log\u00edstico em Vila do Conde, Porto, num investimento total de nove milh\u00f5es de euros. A nova infra-estrutura conta com uma \u00e1rea total de 14.000m2 e a obra decorreu ao longo dos \u00faltimos 10 meses.<\/p>\n<p style=\"text-align: justify;\">Para Frank Gutzeit, director-geral da DB Schenker Logistics em Portugal, \u201ceste centro tecnol\u00f3gica e ecologicamente muito avan\u00e7ado permite-nos oferecer solu\u00e7\u00f5es individuais em log\u00edstica integrada ainda a melhores pre\u00e7os, com maior flexibilidade e de forma mais c\u00e9lere\u201d.<\/p>\n<p style=\"text-align: justify;\">O novo centro est\u00e1 localizado nas proximidades do aeroporto internacional do Porto e do porto de Leix\u00f5es. Implantado num terreno de 27.000m2, o novo centro conta com 39 cais de recep\u00e7\u00e3o e redistribui\u00e7\u00e3o de mercadorias e um armaz\u00e9m de 8.000m2 com capacidade para armazenagem de 14.000 posi\u00e7\u00f5es de paletes e uma \u00e1rea de 3.300m2 para a actividade de cross docking. O centro tem 14m de altura.<\/p>\n<p style=\"text-align: justify;\">As novas instala\u00e7\u00f5es j\u00e1 est\u00e3o com uma taxa de ocupa\u00e7\u00e3o de 50%, prevendo-se que o centro atinja a sua capacidade m\u00e1xima nos pr\u00f3ximos dois anos. Entre os seus clientes encontram-se a Kenwood, Sika, Grohe, Lactol e Amcor, entre outros.<\/p>\n<p style=\"text-align: justify;\">As novas instala\u00e7\u00f5es v\u00eam substituir os tr\u00eas armaz\u00e9ns da empresa na Maia, mantendo-se na estrutura os 170 colaboradores dos armaz\u00e9ns. \u201cA vantagem do novo centro log\u00edstico est\u00e1 nas sinergias: a DB Schenker consegue centralizar todas as actividades log\u00edsticas do Norte num \u00fanico espa\u00e7o, o que garante a optimiza\u00e7\u00e3o dos recursos, dos processos e da organiza\u00e7\u00e3o\u201d.<\/p>\n<p style=\"text-align: justify;\">O centro log\u00edstico Norte mostra tamb\u00e9m uma forte aposta na sustentabilidade, sendo que 20% da \u00e1rea do telhado \u00e9 transparente, permitindo a entrada da luz natural e a redu\u00e7\u00e3o dos consumos de electricidade. As \u00e1guas s\u00e3o tamb\u00e9m aquecidas com energia solar. A instala\u00e7\u00e3o conta com 175 c\u00e2maras de seguran\u00e7a e controlo de acesso a todas as \u00e1reas operacionais.<\/p>\n<p style=\"text-align: justify;\">De salientar ainda a high value cage com capacidade para 200 paletes destinada a mercadorias de alto valor, apenas acess\u00edvel a seis ou sete pessoas da empresa.<\/p>\n<p style=\"text-align: justify;\">Em Portugal, a DB Schenker conta com mais de 350 colaboradores e est\u00e1 sediada em Lisboa. A empresa conta com seis escrit\u00f3rios pr\u00f3prios e mais de 25.000m2 de espa\u00e7o de armazenagem. Em 2013 o volume de neg\u00f3cios da Schenker Transit\u00e1rios foi de 90 milh\u00f5es de euros.<\/p>\n<p style=\"text-align: justify;\">Fonte: LOGISTICAMODERNA<\/p>\n<\/div><\/div><div class=\"su-column su-column-size-2-5\"><div class=\"su-column-inner su-u-clearfix su-u-trim\">[URIS id=1113]\n\n<\/div><\/div><\/div>\n","protected":false},"excerpt":{"rendered":"<p>A DB SCHENKER inaugurou ontem o seu novo centro log\u00edstico em Vila do Conde, Porto, num investimento total de nove milh\u00f5es de euros. A nova infra-estrutura conta com uma \u00e1rea total de 14.000m2 e a obra decorreu ao longo dos \u00faltimos 10 meses.<\/p>\n","protected":false},"author":1,"featured_media":1592,"parent":0,"menu_order":0,"comment_status":"closed","ping_status":"closed","template":"","meta":{"footnotes":""},"tags":[81],"class_list":["post-993","page","type-page","status-publish","has-post-thumbnail","hentry","tag-q"],"aioseo_notices":[],"_links":{"self":[{"href":"http:\/\/www.jcssterraplanagenslda.pt\/index.php?rest_route=\/wp\/v2\/pages\/993","targetHints":{"allow":["GET"]}}],"collection":[{"href":"http:\/\/www.jcssterraplanagenslda.pt\/index.php?rest_route=\/wp\/v2\/pages"}],"about":[{"href":"http:\/\/www.jcssterraplanagenslda.pt\/index.php?rest_route=\/wp\/v2\/types\/page"}],"author":[{"embeddable":true,"href":"http:\/\/www.jcssterraplanagenslda.pt\/index.php?rest_route=\/wp\/v2\/users\/1"}],"replies":[{"embeddable":true,"href":"http:\/\/www.jcssterraplanagenslda.pt\/index.php?rest_route=%2Fwp%2Fv2%2Fcomments&post=993"}],"version-history":[{"count":26,"href":"http:\/\/www.jcssterraplanagenslda.pt\/index.php?rest_route=\/wp\/v2\/pages\/993\/revisions"}],"predecessor-version":[{"id":1130,"href":"http:\/\/www.jcssterraplanagenslda.pt\/index.php?rest_route=\/wp\/v2\/pages\/993\/revisions\/1130"}],"wp:featuredmedia":[{"embeddable":true,"href":"http:\/\/www.jcssterraplanagenslda.pt\/index.php?rest_route=\/wp\/v2\/media\/1592"}],"wp:attachment":[{"href":"http:\/\/www.jcssterraplanagenslda.pt\/index.php?rest_route=%2Fwp%2Fv2%2Fmedia&parent=993"}],"wp:term":[{"taxonomy":"post_tag","embeddable":true,"href":"http:\/\/www.jcssterraplanagenslda.pt\/index.php?rest_route=%2Fwp%2Fv2%2Ftags&post=993"}],"curies":[{"name":"wp","href":"https:\/\/api.w.org\/{rel}","templated":true}]}}