{"id":3508,"date":"2023-01-24T23:51:55","date_gmt":"2023-01-24T22:51:55","guid":{"rendered":"http:\/\/www.jcssterraplanagenslda.pt\/?page_id=3508"},"modified":"2023-01-24T23:57:09","modified_gmt":"2023-01-24T22:57:09","slug":"somos-uma-empresa-negocios","status":"publish","type":"page","link":"http:\/\/www.jcssterraplanagenslda.pt\/?page_id=3508","title":{"rendered":"Somos uma EMPRESA NEG\u00d3CIOS+!"},"content":{"rendered":"<h3><\/h3>\n<h3>Somos uma EMPRESA NEG\u00d3CIOS+!<\/h3>\n<div class=\"su-row\"><div class=\"su-column su-column-size-1-2\"><div class=\"su-column-inner su-u-clearfix su-u-trim\">\n<p><span style=\"color: #993300;\"><strong>20 de Janeiro de 2023<\/strong><\/span><\/p>\n<p style=\"text-align: justify;\">Foi com muito agrado que recebemos a not\u00edcia da atribui\u00e7\u00e3o do Certificado empresarial Neg\u00f3cios+.<\/p>\n<p>Trata-se de uma Iniciativa realizada em conjunto pela Informa D&amp;B e o Jornal de Neg\u00f3cios que pretende destacar o desempenho das empresas em Portugal, atribuindo-lhes o certificado neg\u00f3cios+.<\/p>\n<p>OBRIGADO!<\/p>\n<p style=\"text-align: justify;\"><\/div><\/div> <div class=\"su-column su-column-size-1-2\"><div class=\"su-column-inner su-u-clearfix su-u-trim\"><img loading=\"lazy\" decoding=\"async\" class=\"alignnone wp-image-3514 size-full\" src=\"http:\/\/www.jcssterraplanagenslda.pt\/wp-content\/uploads\/2023\/01\/326106734_1694056497676228_3760692457124823850_n-1.jpg\" alt=\"\" width=\"993\" height=\"1317\" srcset=\"http:\/\/www.jcssterraplanagenslda.pt\/wp-content\/uploads\/2023\/01\/326106734_1694056497676228_3760692457124823850_n-1.jpg 993w, http:\/\/www.jcssterraplanagenslda.pt\/wp-content\/uploads\/2023\/01\/326106734_1694056497676228_3760692457124823850_n-1-226x300.jpg 226w, http:\/\/www.jcssterraplanagenslda.pt\/wp-content\/uploads\/2023\/01\/326106734_1694056497676228_3760692457124823850_n-1-772x1024.jpg 772w, http:\/\/www.jcssterraplanagenslda.pt\/wp-content\/uploads\/2023\/01\/326106734_1694056497676228_3760692457124823850_n-1-768x1019.jpg 768w\" sizes=\"auto, (max-width: 993px) 100vw, 993px\" \/><\/p>\n<p style=\"text-align: justify;\"><\/div><\/div><\/div>\n","protected":false},"excerpt":{"rendered":"<p>Foi com muito agrado que recebemos a not\u00edcia da atribui\u00e7\u00e3o do Certificado empresarial Neg\u00f3cios+.<\/p>\n","protected":false},"author":1,"featured_media":3510,"parent":0,"menu_order":0,"comment_status":"closed","ping_status":"closed","template":"","meta":{"footnotes":""},"tags":[93],"class_list":["post-3508","page","type-page","status-publish","has-post-thumbnail","hentry","tag-j"],"aioseo_notices":[],"_links":{"self":[{"href":"http:\/\/www.jcssterraplanagenslda.pt\/index.php?rest_route=\/wp\/v2\/pages\/3508","targetHints":{"allow":["GET"]}}],"collection":[{"href":"http:\/\/www.jcssterraplanagenslda.pt\/index.php?rest_route=\/wp\/v2\/pages"}],"about":[{"href":"http:\/\/www.jcssterraplanagenslda.pt\/index.php?rest_route=\/wp\/v2\/types\/page"}],"author":[{"embeddable":true,"href":"http:\/\/www.jcssterraplanagenslda.pt\/index.php?rest_route=\/wp\/v2\/users\/1"}],"replies":[{"embeddable":true,"href":"http:\/\/www.jcssterraplanagenslda.pt\/index.php?rest_route=%2Fwp%2Fv2%2Fcomments&post=3508"}],"version-history":[{"count":5,"href":"http:\/\/www.jcssterraplanagenslda.pt\/index.php?rest_route=\/wp\/v2\/pages\/3508\/revisions"}],"predecessor-version":[{"id":3518,"href":"http:\/\/www.jcssterraplanagenslda.pt\/index.php?rest_route=\/wp\/v2\/pages\/3508\/revisions\/3518"}],"wp:featuredmedia":[{"embeddable":true,"href":"http:\/\/www.jcssterraplanagenslda.pt\/index.php?rest_route=\/wp\/v2\/media\/3510"}],"wp:attachment":[{"href":"http:\/\/www.jcssterraplanagenslda.pt\/index.php?rest_route=%2Fwp%2Fv2%2Fmedia&parent=3508"}],"wp:term":[{"taxonomy":"post_tag","embeddable":true,"href":"http:\/\/www.jcssterraplanagenslda.pt\/index.php?rest_route=%2Fwp%2Fv2%2Ftags&post=3508"}],"curies":[{"name":"wp","href":"https:\/\/api.w.org\/{rel}","templated":true}]}}