{"id":3503,"date":"2023-01-24T23:45:32","date_gmt":"2023-01-24T22:45:32","guid":{"rendered":"http:\/\/www.jcssterraplanagenslda.pt\/?page_id=3503"},"modified":"2023-02-13T22:23:27","modified_gmt":"2023-02-13T21:23:27","slug":"diploma-compromisso-pagamento-pontual-2022","status":"publish","type":"page","link":"http:\/\/www.jcssterraplanagenslda.pt\/?page_id=3503","title":{"rendered":"Diploma Compromisso Pagamento Pontual 2023"},"content":{"rendered":"<h3><\/h3>\n<h3>Diploma Compromisso Pagamento Pontual 2023<\/h3>\n<div class=\"su-row\"><div class=\"su-column su-column-size-1-2\"><div class=\"su-column-inner su-u-clearfix su-u-trim\">\n<p><span style=\"color: #993300;\"><strong>19 de Janeiro de 2023<\/strong><\/span><\/p>\n<p style=\"text-align: justify;\">\u00c9 com a maior alegria e satisfa\u00e7\u00e3o que, por indica\u00e7\u00e3o dos presidentes da ACEGE, IAPMEI, CIP e APIFARMA recebemos o\u00a0<b>diploma de membro do Compromisso de Pagamento Pontual referente ao ano 2023.<\/b><\/p>\n<p>Por aderirmos ao Compromisso de Pagamento Pontual a fornecedores, tornamo-nos parte ativa deste movimento de responsabilidade social na promo\u00e7\u00e3o de uma cultura de pagamento pontual e da competitividade da economia portuguesa.<\/p>\n<p style=\"text-align: justify;\"><a href=\"http:\/\/www.ver.pt\/compromisso-pagamento-pontual\/\">Mais informa\u00e7\u00f5es sobre o programa<\/a>.<\/p>\n<p style=\"text-align: justify;\"><\/div><\/div> <div class=\"su-column su-column-size-1-2\"><div class=\"su-column-inner su-u-clearfix su-u-trim\"><img loading=\"lazy\" decoding=\"async\" class=\"alignnone wp-image-3506 size-full\" src=\"http:\/\/www.jcssterraplanagenslda.pt\/wp-content\/uploads\/2023\/01\/Diploma-JOSE-CARLOS-SILVA-SOUSA-TERRAPLANAGENS-SA-scaled.jpg\" alt=\"\" width=\"2560\" height=\"1811\" srcset=\"http:\/\/www.jcssterraplanagenslda.pt\/wp-content\/uploads\/2023\/01\/Diploma-JOSE-CARLOS-SILVA-SOUSA-TERRAPLANAGENS-SA-scaled.jpg 2560w, http:\/\/www.jcssterraplanagenslda.pt\/wp-content\/uploads\/2023\/01\/Diploma-JOSE-CARLOS-SILVA-SOUSA-TERRAPLANAGENS-SA-300x212.jpg 300w, http:\/\/www.jcssterraplanagenslda.pt\/wp-content\/uploads\/2023\/01\/Diploma-JOSE-CARLOS-SILVA-SOUSA-TERRAPLANAGENS-SA-1024x724.jpg 1024w, http:\/\/www.jcssterraplanagenslda.pt\/wp-content\/uploads\/2023\/01\/Diploma-JOSE-CARLOS-SILVA-SOUSA-TERRAPLANAGENS-SA-768x543.jpg 768w, http:\/\/www.jcssterraplanagenslda.pt\/wp-content\/uploads\/2023\/01\/Diploma-JOSE-CARLOS-SILVA-SOUSA-TERRAPLANAGENS-SA-1536x1086.jpg 1536w, http:\/\/www.jcssterraplanagenslda.pt\/wp-content\/uploads\/2023\/01\/Diploma-JOSE-CARLOS-SILVA-SOUSA-TERRAPLANAGENS-SA-2048x1449.jpg 2048w\" sizes=\"auto, (max-width: 2560px) 100vw, 2560px\" \/><\/p>\n<p style=\"text-align: justify;\"><\/div><\/div><\/div>\n","protected":false},"excerpt":{"rendered":"<p>\u00c9 com a maior alegria e satisfa\u00e7\u00e3o que, por indica\u00e7\u00e3o dos presidentes da ACEGE, IAPMEI, CIP e APIFARMA recebemos o\u00a0diploma de membro do Compromisso de Pagamento Pontual 2023.<\/p>\n","protected":false},"author":1,"featured_media":3505,"parent":0,"menu_order":0,"comment_status":"closed","ping_status":"closed","template":"","meta":{"footnotes":""},"tags":[93],"class_list":["post-3503","page","type-page","status-publish","has-post-thumbnail","hentry","tag-j"],"aioseo_notices":[],"_links":{"self":[{"href":"http:\/\/www.jcssterraplanagenslda.pt\/index.php?rest_route=\/wp\/v2\/pages\/3503","targetHints":{"allow":["GET"]}}],"collection":[{"href":"http:\/\/www.jcssterraplanagenslda.pt\/index.php?rest_route=\/wp\/v2\/pages"}],"about":[{"href":"http:\/\/www.jcssterraplanagenslda.pt\/index.php?rest_route=\/wp\/v2\/types\/page"}],"author":[{"embeddable":true,"href":"http:\/\/www.jcssterraplanagenslda.pt\/index.php?rest_route=\/wp\/v2\/users\/1"}],"replies":[{"embeddable":true,"href":"http:\/\/www.jcssterraplanagenslda.pt\/index.php?rest_route=%2Fwp%2Fv2%2Fcomments&post=3503"}],"version-history":[{"count":3,"href":"http:\/\/www.jcssterraplanagenslda.pt\/index.php?rest_route=\/wp\/v2\/pages\/3503\/revisions"}],"predecessor-version":[{"id":3521,"href":"http:\/\/www.jcssterraplanagenslda.pt\/index.php?rest_route=\/wp\/v2\/pages\/3503\/revisions\/3521"}],"wp:featuredmedia":[{"embeddable":true,"href":"http:\/\/www.jcssterraplanagenslda.pt\/index.php?rest_route=\/wp\/v2\/media\/3505"}],"wp:attachment":[{"href":"http:\/\/www.jcssterraplanagenslda.pt\/index.php?rest_route=%2Fwp%2Fv2%2Fmedia&parent=3503"}],"wp:term":[{"taxonomy":"post_tag","embeddable":true,"href":"http:\/\/www.jcssterraplanagenslda.pt\/index.php?rest_route=%2Fwp%2Fv2%2Ftags&post=3503"}],"curies":[{"name":"wp","href":"https:\/\/api.w.org\/{rel}","templated":true}]}}