{"id":3481,"date":"2022-12-19T21:54:33","date_gmt":"2022-12-19T20:54:33","guid":{"rendered":"http:\/\/www.jcssterraplanagenslda.pt\/?page_id=3481"},"modified":"2022-12-19T21:54:33","modified_gmt":"2022-12-19T20:54:33","slug":"a-jcss-terraplanagens-sa-e-%f0%9d%90%8f%f0%9d%90%8c%f0%9d%90%84-%f0%9d%90%84%f0%9d%90%b1%f0%9d%90%9c%f0%9d%90%9e%f0%9d%90%a5%f0%9d%90%9e%cc%82%f0%9d%90%a7%f0%9d%90%9c%f0%9d%90%a2%f0%9d%90%9a","status":"publish","type":"page","link":"http:\/\/www.jcssterraplanagenslda.pt\/?page_id=3481","title":{"rendered":"A JCSS &#8211; Terraplanagens, SA \u00e9 \ud835\udc0f\ud835\udc0c\ud835\udc04 \ud835\udc04\ud835\udc31\ud835\udc1c\ud835\udc1e\ud835\udc25\ud835\udc1e\u0302\ud835\udc27\ud835\udc1c\ud835\udc22\ud835\udc1a \ud835\udfd0\ud835\udfce\ud835\udfd0\ud835\udfcf"},"content":{"rendered":"<h3><\/h3>\n<h3>A JCSS &#8211; Terraplanagens, SA \u00e9 \ud835\udc0f\ud835\udc0c\ud835\udc04 \ud835\udc04\ud835\udc31\ud835\udc1c\ud835\udc1e\ud835\udc25\ud835\udc1e\u0302\ud835\udc27\ud835\udc1c\ud835\udc22\ud835\udc1a \ud835\udfd0\ud835\udfce\ud835\udfd0\ud835\udfcf<\/h3>\n<div class=\"su-row\"><div class=\"su-column su-column-size-1-2\"><div class=\"su-column-inner su-u-clearfix su-u-trim\">\n<p><span style=\"color: #993300;\"><strong>14 de Dezembro de 2022<\/strong><\/span><\/p>\n<p style=\"text-align: justify;\">Depois de 14 anos consecutivos como PME L\u00edder, acumular o estatuto \ud835\udc0f\ud835\udc0c\ud835\udc04 \ud835\udc04\ud835\udc31\ud835\udc1c\ud835\udc1e\ud835\udc25\ud835\udc1e\u0302\ud835\udc27\ud835\udc1c\ud835\udc22\ud835\udc1a \ud835\udfd0\ud835\udfce\ud835\udfd0\ud835\udfcf \u00e9 &#8220;a cereja no topo do bolo&#8221;.<\/p>\n<p style=\"text-align: justify;\">As PME nacionais demonstraram a sua robustez e resili\u00eancia, num contexto marcado por enorme incerteza, que exigiu r\u00e1pida adapta\u00e7\u00e3o e, em simult\u00e2neo, gest\u00e3o prudente. \u00c9 pois, mais que justo, o reconhecimento do seu excelente desempenho.<\/p>\n<p style=\"text-align: justify;\"><\/div><\/div> <div class=\"su-column su-column-size-1-2\"><div class=\"su-column-inner su-u-clearfix su-u-trim\">\n<p style=\"text-align: justify;\"><a href=\"http:\/\/www.jcssterraplanagenslda.pt\/wp-content\/uploads\/2022\/12\/319753136_475390211346505_5957057410519813754_n.jpg\"><img loading=\"lazy\" decoding=\"async\" class=\"alignnone size-full wp-image-3482\" src=\"http:\/\/www.jcssterraplanagenslda.pt\/wp-content\/uploads\/2022\/12\/319753136_475390211346505_5957057410519813754_n.jpg\" alt=\"\" width=\"2048\" height=\"1333\" srcset=\"http:\/\/www.jcssterraplanagenslda.pt\/wp-content\/uploads\/2022\/12\/319753136_475390211346505_5957057410519813754_n.jpg 2048w, http:\/\/www.jcssterraplanagenslda.pt\/wp-content\/uploads\/2022\/12\/319753136_475390211346505_5957057410519813754_n-300x195.jpg 300w, http:\/\/www.jcssterraplanagenslda.pt\/wp-content\/uploads\/2022\/12\/319753136_475390211346505_5957057410519813754_n-1024x667.jpg 1024w, http:\/\/www.jcssterraplanagenslda.pt\/wp-content\/uploads\/2022\/12\/319753136_475390211346505_5957057410519813754_n-768x500.jpg 768w, http:\/\/www.jcssterraplanagenslda.pt\/wp-content\/uploads\/2022\/12\/319753136_475390211346505_5957057410519813754_n-1536x1000.jpg 1536w\" sizes=\"auto, (max-width: 2048px) 100vw, 2048px\" \/><\/a><\/p>\n<p style=\"text-align: justify;\"><\/div><\/div><\/div>\n","protected":false},"excerpt":{"rendered":"<p>Depois de 14 anos consecutivos como PME L\u00edder, acumular o estatuto \ud835\udc0f\ud835\udc0c\ud835\udc04 \ud835\udc04\ud835\udc31\ud835\udc1c\ud835\udc1e\ud835\udc25\ud835\udc1e\u0302\ud835\udc27\ud835\udc1c\ud835\udc22\ud835\udc1a \ud835\udfd0\ud835\udfce\ud835\udfd0\ud835\udfcf \u00e9 &#8220;a cereja no topo do bolo&#8221;.<\/p>\n","protected":false},"author":1,"featured_media":3483,"parent":0,"menu_order":0,"comment_status":"closed","ping_status":"closed","template":"","meta":{"footnotes":""},"tags":[93],"class_list":["post-3481","page","type-page","status-publish","has-post-thumbnail","hentry","tag-j"],"aioseo_notices":[],"_links":{"self":[{"href":"http:\/\/www.jcssterraplanagenslda.pt\/index.php?rest_route=\/wp\/v2\/pages\/3481","targetHints":{"allow":["GET"]}}],"collection":[{"href":"http:\/\/www.jcssterraplanagenslda.pt\/index.php?rest_route=\/wp\/v2\/pages"}],"about":[{"href":"http:\/\/www.jcssterraplanagenslda.pt\/index.php?rest_route=\/wp\/v2\/types\/page"}],"author":[{"embeddable":true,"href":"http:\/\/www.jcssterraplanagenslda.pt\/index.php?rest_route=\/wp\/v2\/users\/1"}],"replies":[{"embeddable":true,"href":"http:\/\/www.jcssterraplanagenslda.pt\/index.php?rest_route=%2Fwp%2Fv2%2Fcomments&post=3481"}],"version-history":[{"count":1,"href":"http:\/\/www.jcssterraplanagenslda.pt\/index.php?rest_route=\/wp\/v2\/pages\/3481\/revisions"}],"predecessor-version":[{"id":3484,"href":"http:\/\/www.jcssterraplanagenslda.pt\/index.php?rest_route=\/wp\/v2\/pages\/3481\/revisions\/3484"}],"wp:featuredmedia":[{"embeddable":true,"href":"http:\/\/www.jcssterraplanagenslda.pt\/index.php?rest_route=\/wp\/v2\/media\/3483"}],"wp:attachment":[{"href":"http:\/\/www.jcssterraplanagenslda.pt\/index.php?rest_route=%2Fwp%2Fv2%2Fmedia&parent=3481"}],"wp:term":[{"taxonomy":"post_tag","embeddable":true,"href":"http:\/\/www.jcssterraplanagenslda.pt\/index.php?rest_route=%2Fwp%2Fv2%2Ftags&post=3481"}],"curies":[{"name":"wp","href":"https:\/\/api.w.org\/{rel}","templated":true}]}}