{"id":3254,"date":"2021-11-14T11:46:04","date_gmt":"2021-11-14T10:46:04","guid":{"rendered":"http:\/\/www.jcssterraplanagenslda.pt\/?page_id=3254"},"modified":"2021-11-14T12:07:56","modified_gmt":"2021-11-14T11:07:56","slug":"jcss-empresa-qualificada-r-u-i-s","status":"publish","type":"page","link":"http:\/\/www.jcssterraplanagenslda.pt\/?page_id=3254","title":{"rendered":"JCSS &#8211; Empresa Qualificada R.U.-I.S."},"content":{"rendered":"<div class=\"su-row\"><div class=\"su-column su-column-size-1-2\"><div class=\"su-column-inner su-u-clearfix su-u-trim\">\n<p>&nbsp;<\/p>\n<p><strong>JCSS &#8211; Empresa Qualificada R.U.-I.S.<\/strong><\/p>\n<p style=\"text-align: justify;\">\u00c9 com grande orgulho que nos \u00e9 atribu\u00edda mais uma certifica\u00e7\u00e3o. Desta vez, \u00e9 a AICCOPN a atribuir \u00e0 JCSS-Terraplanagens a qualifica\u00e7\u00e3o da marca R.U.-I.S.<\/p>\n<p style=\"text-align: justify;\">A &#8220;R.U.-I.S. &#8211; Reabilita\u00e7\u00e3o Urbana Inteligente e Sustent\u00e1vel&#8221; \u00e9 uma marca da AICCOPN que distingue as empresas que cumprem um referencial de legalidade, qualidade e sustentabilidade. Os donos de obra, em especial os particulares que necessitam de fazer pequenas ou grandes interven\u00e7\u00f5es nas suas casas, poder\u00e3o encontrar empresas habilitadas, que assumem o cumprimento de um C\u00f3digo de Conduta Empresarial e que est\u00e3o sujeitas a demonstra\u00e7\u00e3o de compet\u00eancias t\u00e9cnicas.<\/p>\n<p style=\"text-align: justify;\">&#8220;Esta \u00e9 uma marca que tem consolidado a sua posi\u00e7\u00e3o enquanto instrumento promotor da confian\u00e7a e seguran\u00e7a de todos aqueles que se relacionam com o setor, quest\u00e3o que se tornou ainda mais premente neste contexto pand\u00e9mico. Fen\u00f3menos como a informalidade e o incumprimento de regras b\u00e1sicas relativas \u00e0 sa\u00fade e seguran\u00e7a do trabalho constituem riscos que s\u00e3o potenciados na conjuntura atual&#8221;, recorda Reis Campos, presidente da AICCOPN.<\/p>\n<p style=\"text-align: justify;\">O respons\u00e1vel m\u00e1ximo da AICCOPN alerta ser necess\u00e1rio refor\u00e7ar uma atua\u00e7\u00e3o global e eficaz, combatendo quem age \u00e0 margem da lei e reconhecendo quem se diferencia pelas boas pr\u00e1ticas, legalidade e promo\u00e7\u00e3o da inova\u00e7\u00e3o e da sustentabilidade. &#8220;E esse reconhecimento come\u00e7a nas nossas pr\u00f3prias casas e na decis\u00e3o sobre a quem recorremos quando precisamos de materializar um projeto ou de manter a nossa habita\u00e7\u00e3o segura e sustent\u00e1vel. \u00c9 neste \u00e2mbito que a marca R.U.-I.S. &#8211; Reabilita\u00e7\u00e3o Urbana Inteligente e Sustent\u00e1vel d\u00e1 um contributo fundamental&#8221;.<\/p>\n<\/div><\/div><div class=\"su-column su-column-size-1-2\"><div class=\"su-column-inner su-u-clearfix su-u-trim\"><img loading=\"lazy\" decoding=\"async\" class=\"alignleft size-full wp-image-3257\" src=\"http:\/\/www.jcssterraplanagenslda.pt\/wp-content\/uploads\/2021\/11\/247850151_4175496215887555_2125125442558780196_n.jpg\" alt=\"\" width=\"2000\" height=\"1500\" srcset=\"http:\/\/www.jcssterraplanagenslda.pt\/wp-content\/uploads\/2021\/11\/247850151_4175496215887555_2125125442558780196_n.jpg 2000w, http:\/\/www.jcssterraplanagenslda.pt\/wp-content\/uploads\/2021\/11\/247850151_4175496215887555_2125125442558780196_n-300x225.jpg 300w, http:\/\/www.jcssterraplanagenslda.pt\/wp-content\/uploads\/2021\/11\/247850151_4175496215887555_2125125442558780196_n-1024x768.jpg 1024w, http:\/\/www.jcssterraplanagenslda.pt\/wp-content\/uploads\/2021\/11\/247850151_4175496215887555_2125125442558780196_n-768x576.jpg 768w, http:\/\/www.jcssterraplanagenslda.pt\/wp-content\/uploads\/2021\/11\/247850151_4175496215887555_2125125442558780196_n-1536x1152.jpg 1536w\" sizes=\"auto, (max-width: 2000px) 100vw, 2000px\" \/><\/p>\n<\/div><\/div><\/div>\n","protected":false},"excerpt":{"rendered":"<p>\u00c9 com grande orgulho que nos \u00e9 atribu\u00edda mais uma certifica\u00e7\u00e3o. Desta vez, \u00e9 a AICCOPN a atribuir \u00e0 JCSS-Terraplanagens a qualifica\u00e7\u00e3o da marca R.U.-I.S.<\/p>\n","protected":false},"author":1,"featured_media":3257,"parent":0,"menu_order":0,"comment_status":"closed","ping_status":"closed","template":"","meta":{"footnotes":""},"tags":[93],"class_list":["post-3254","page","type-page","status-publish","has-post-thumbnail","hentry","tag-j"],"aioseo_notices":[],"_links":{"self":[{"href":"http:\/\/www.jcssterraplanagenslda.pt\/index.php?rest_route=\/wp\/v2\/pages\/3254","targetHints":{"allow":["GET"]}}],"collection":[{"href":"http:\/\/www.jcssterraplanagenslda.pt\/index.php?rest_route=\/wp\/v2\/pages"}],"about":[{"href":"http:\/\/www.jcssterraplanagenslda.pt\/index.php?rest_route=\/wp\/v2\/types\/page"}],"author":[{"embeddable":true,"href":"http:\/\/www.jcssterraplanagenslda.pt\/index.php?rest_route=\/wp\/v2\/users\/1"}],"replies":[{"embeddable":true,"href":"http:\/\/www.jcssterraplanagenslda.pt\/index.php?rest_route=%2Fwp%2Fv2%2Fcomments&post=3254"}],"version-history":[{"count":4,"href":"http:\/\/www.jcssterraplanagenslda.pt\/index.php?rest_route=\/wp\/v2\/pages\/3254\/revisions"}],"predecessor-version":[{"id":3265,"href":"http:\/\/www.jcssterraplanagenslda.pt\/index.php?rest_route=\/wp\/v2\/pages\/3254\/revisions\/3265"}],"wp:featuredmedia":[{"embeddable":true,"href":"http:\/\/www.jcssterraplanagenslda.pt\/index.php?rest_route=\/wp\/v2\/media\/3257"}],"wp:attachment":[{"href":"http:\/\/www.jcssterraplanagenslda.pt\/index.php?rest_route=%2Fwp%2Fv2%2Fmedia&parent=3254"}],"wp:term":[{"taxonomy":"post_tag","embeddable":true,"href":"http:\/\/www.jcssterraplanagenslda.pt\/index.php?rest_route=%2Fwp%2Fv2%2Ftags&post=3254"}],"curies":[{"name":"wp","href":"https:\/\/api.w.org\/{rel}","templated":true}]}}