{"id":2906,"date":"2019-02-16T14:35:10","date_gmt":"2019-02-16T13:35:10","guid":{"rendered":"http:\/\/www.jcssterraplanagenslda.pt\/?page_id=2906"},"modified":"2019-02-18T14:45:23","modified_gmt":"2019-02-18T13:45:23","slug":"terminal-sul-de-leixoes-com-capacidade-reforcada-em-mais-de-26-ate-final-de-2020","status":"publish","type":"page","link":"http:\/\/www.jcssterraplanagenslda.pt\/?page_id=2906","title":{"rendered":"Terminal Sul de Leix\u00f5es com capacidade refor\u00e7ada em mais de 26% at\u00e9 final de 2020"},"content":{"rendered":"<h3><\/h3>\n<h3>Terminal Sul de Leix\u00f5es com capacidade refor\u00e7ada em mais de 26% at\u00e9 final de 2020<\/h3>\n<div class=\"su-row\"><div class=\"su-column su-column-size-3-5\"><div class=\"su-column-inner su-u-clearfix su-u-trim\">\n<p style=\"text-align: justify;\"><span style=\"color: #993300;\"><strong>16 de Fevereiro de 2019<\/strong><\/span><\/p>\n<p><strong>Obra Adjudicada<\/strong><br \/>\n<strong>TCL &#8211; Terminal de Contentores de Leix\u00f5es<\/strong><\/p>\n<p>A capacidade do Terminal de Contentores Sul de Leix\u00f5es vai aumentar mais de 26% at\u00e9 final de 2020, anunciou esta sexta-feira o Governo, valorizando o \u201caumento da competitividade portu\u00e1ria\u201d do pa\u00eds e de Leix\u00f5es em concreto.<\/p>\n<p>\u201cO investimento total inclui obras de amplia\u00e7\u00e3o do terrapleno (15,9 milh\u00f5es de euros) e aquisi\u00e7\u00e3o de equipamentos (27,5 milh\u00f5es), permitindo aumentar a capacidade do terminal\u201d para 620.000 TEU (medida \u2018standard\u2019 utilizada para calcular o volume de um contentor) por ano, \u201cem contraponto com os atuais 490.000 TEU, dando resposta ao aumento de procura existente\u201d, l\u00ea-se nota do executivo.<\/p>\n<p style=\"text-align: justify;\">Fonte: Observador<\/p>\n<\/div><\/div><div class=\"su-column su-column-size-2-5\"><div class=\"su-column-inner su-u-clearfix su-u-trim\"><img loading=\"lazy\" decoding=\"async\" src=\"http:\/\/www.jcssterraplanagenslda.pt\/wp-content\/uploads\/2019\/02\/52536822_1807867082650492_2288969663255674880_n.jpg\" alt=\"\" width=\"960\" height=\"640\" class=\"aligncenter size-full wp-image-2907\" srcset=\"http:\/\/www.jcssterraplanagenslda.pt\/wp-content\/uploads\/2019\/02\/52536822_1807867082650492_2288969663255674880_n.jpg 960w, http:\/\/www.jcssterraplanagenslda.pt\/wp-content\/uploads\/2019\/02\/52536822_1807867082650492_2288969663255674880_n-300x200.jpg 300w, http:\/\/www.jcssterraplanagenslda.pt\/wp-content\/uploads\/2019\/02\/52536822_1807867082650492_2288969663255674880_n-768x512.jpg 768w, http:\/\/www.jcssterraplanagenslda.pt\/wp-content\/uploads\/2019\/02\/52536822_1807867082650492_2288969663255674880_n-500x333.jpg 500w\" sizes=\"auto, (max-width: 960px) 100vw, 960px\" \/>  <\/div><\/div><\/div>\n","protected":false},"excerpt":{"rendered":"<p>A capacidade do Terminal de Contentores Sul de Leix\u00f5es vai aumentar mais de 26% at\u00e9 final de 2020, anunciou o Governo, valorizando o &#8220;aumento da competitividade portu\u00e1ria&#8221; do pa\u00eds e de Leix\u00f5es.<\/p>\n","protected":false},"author":1,"featured_media":2907,"parent":0,"menu_order":0,"comment_status":"closed","ping_status":"closed","template":"","meta":{"footnotes":""},"tags":[81],"class_list":["post-2906","page","type-page","status-publish","has-post-thumbnail","hentry","tag-q"],"aioseo_notices":[],"_links":{"self":[{"href":"http:\/\/www.jcssterraplanagenslda.pt\/index.php?rest_route=\/wp\/v2\/pages\/2906","targetHints":{"allow":["GET"]}}],"collection":[{"href":"http:\/\/www.jcssterraplanagenslda.pt\/index.php?rest_route=\/wp\/v2\/pages"}],"about":[{"href":"http:\/\/www.jcssterraplanagenslda.pt\/index.php?rest_route=\/wp\/v2\/types\/page"}],"author":[{"embeddable":true,"href":"http:\/\/www.jcssterraplanagenslda.pt\/index.php?rest_route=\/wp\/v2\/users\/1"}],"replies":[{"embeddable":true,"href":"http:\/\/www.jcssterraplanagenslda.pt\/index.php?rest_route=%2Fwp%2Fv2%2Fcomments&post=2906"}],"version-history":[{"count":6,"href":"http:\/\/www.jcssterraplanagenslda.pt\/index.php?rest_route=\/wp\/v2\/pages\/2906\/revisions"}],"predecessor-version":[{"id":2916,"href":"http:\/\/www.jcssterraplanagenslda.pt\/index.php?rest_route=\/wp\/v2\/pages\/2906\/revisions\/2916"}],"wp:featuredmedia":[{"embeddable":true,"href":"http:\/\/www.jcssterraplanagenslda.pt\/index.php?rest_route=\/wp\/v2\/media\/2907"}],"wp:attachment":[{"href":"http:\/\/www.jcssterraplanagenslda.pt\/index.php?rest_route=%2Fwp%2Fv2%2Fmedia&parent=2906"}],"wp:term":[{"taxonomy":"post_tag","embeddable":true,"href":"http:\/\/www.jcssterraplanagenslda.pt\/index.php?rest_route=%2Fwp%2Fv2%2Ftags&post=2906"}],"curies":[{"name":"wp","href":"https:\/\/api.w.org\/{rel}","templated":true}]}}