{"id":1938,"date":"2015-07-31T15:30:34","date_gmt":"2015-07-31T14:30:34","guid":{"rendered":"http:\/\/www.jcssterraplanagenslda.pt\/?page_id=1938"},"modified":"2015-07-31T16:27:57","modified_gmt":"2015-07-31T15:27:57","slug":"jcss-habilitada-a-executar-obras-de-classe-5-ate-2-656-000-e","status":"publish","type":"page","link":"http:\/\/www.jcssterraplanagenslda.pt\/?page_id=1938","title":{"rendered":"JCSS habilitada a executar obras de classe 5 (at\u00e9 2.656.000 \u20ac)"},"content":{"rendered":"<h3><\/h3>\n<h3>JCSS habilitada a executar obras de classe 5 (at\u00e9 2.656.000 \u20ac)<\/h3>\n<p style=\"text-align: justify;\"><span style=\"color: #993300;\"><strong>31 de Julho de 2015<\/strong><\/span><\/p>\n<p style=\"text-align: justify;\">A JCSS &#8211; Terraplanagens, Lda. procedeu \u00e0 reclassifica\u00e7\u00e3o do seu alvar\u00e1 de constru\u00e7\u00e3o para obras p\u00fablicas, alargando-o para novas categorias e classes superiores.<\/p>\n<p style=\"text-align: justify;\">A empresa passa a deter a classe 5 na categoria de vias de comunica\u00e7\u00e3o, obras de urbaniza\u00e7\u00e3o e outras infra-estruturas, nomeadamente na 1\u00aa subcategoria, referente a vias de circula\u00e7\u00e3o rodovi\u00e1ria e aer\u00f3dromos e na 6\u00aa subcategoria, referente a saneamento b\u00e1sico.<\/p>\n<p style=\"text-align: justify;\">A JCSS passa tamb\u00e9m a deter a classe 5 na categoria de outros trabalhos, nomeadamente na 1\u00aa subcategoria, referente a demoli\u00e7\u00f5es, 2\u00aa subcategoria, referente a movimento de terras, 7\u00aa subcategoria referente a drenagem e tratamento de taludes e 13\u00aa subcategoria, referente a caminhos agr\u00edcolas e florestais.<\/p>\n<p style=\"text-align: justify;\">Esta reclassifica\u00e7\u00e3o do alvar\u00e1 torna a JCSS habilitada a executar obras no valor m\u00e1ximo de 2,656 milh\u00f5es de euros, permitindo um alargamento da \u00e1rea de actua\u00e7\u00e3o da empresa no mercado.<\/p>\n<p style=\"text-align: justify;\">Actualmente, a empresa disp\u00f5es de alvar\u00e1 nas seguintes classes para cada subcategoria.<\/p>\n\n<table id=\"tablepress-1\" class=\"tablepress tablepress-id-1\">\n<tbody class=\"row-hover\">\n<tr class=\"row-1\">\n\t<td class=\"column-1\"><strong><center>Descri\u00e7\u00e3o da SubCategoria<\/center><\/strong><\/td><td class=\"column-2\"><strong><center>Classe<\/center><\/strong><\/td>\n<\/tr>\n<tr class=\"row-2\">\n\t<td class=\"column-1\"><\/td><td class=\"column-2\"><\/td>\n<\/tr>\n<tr class=\"row-3\">\n\t<td class=\"column-1\"><strong>1\u00aa Categoria - edif\u00edcios e patrim\u00f3nio constru\u00eddo<\/strong><\/td><td class=\"column-2\"><\/td>\n<\/tr>\n<tr class=\"row-4\">\n\t<td class=\"column-1\">1\u00aa Estruturas e elementos de bet\u00e3o<\/td><td class=\"column-2\"><center>2<\/center><\/td>\n<\/tr>\n<tr class=\"row-5\">\n\t<td class=\"column-1\"><\/td><td class=\"column-2\"><\/td>\n<\/tr>\n<tr class=\"row-6\">\n\t<td class=\"column-1\"><strong>2\u00aa Categoria - vias de comunica\u00e7\u00e3o, obras de urbaniza\u00e7\u00e3o e outras infra-estruturas<\/strong><\/td><td class=\"column-2\"><\/td>\n<\/tr>\n<tr class=\"row-7\">\n\t<td class=\"column-1\">1\u00aa Vias de circula\u00e7\u00e3o rodovi\u00e1ria e aer\u00f3dromo<\/td><td class=\"column-2\"><center>5<\/center><\/td>\n<\/tr>\n<tr class=\"row-8\">\n\t<td class=\"column-1\">6\u00aa Saneamento b\u00e1sico<\/td><td class=\"column-2\"><center>5<\/center><\/td>\n<\/tr>\n<tr class=\"row-9\">\n\t<td class=\"column-1\">8\u00aa Calcetamentos<\/td><td class=\"column-2\"><center>2<\/center><\/td>\n<\/tr>\n<tr class=\"row-10\">\n\t<td class=\"column-1\">9\u00aa Ajardinamentos<\/td><td class=\"column-2\"><center>2<\/center><\/td>\n<\/tr>\n<tr class=\"row-11\">\n\t<td class=\"column-1\">10\u00aa Infra-estruturas de desporto e lazer<\/td><td class=\"column-2\"><center>3<\/center><\/td>\n<\/tr>\n<tr class=\"row-12\">\n\t<td class=\"column-1\"><\/td><td class=\"column-2\"><\/td>\n<\/tr>\n<tr class=\"row-13\">\n\t<td class=\"column-1\"><strong>5\u00aa Categoria - outros trabalhos<\/strong><\/td><td class=\"column-2\"><\/td>\n<\/tr>\n<tr class=\"row-14\">\n\t<td class=\"column-1\">1\u00aa Demoli\u00e7\u00f5es<\/td><td class=\"column-2\"><center>5<\/center><\/td>\n<\/tr>\n<tr class=\"row-15\">\n\t<td class=\"column-1\">2\u00aa Movimenta\u00e7\u00e3o de terras<\/td><td class=\"column-2\"><center>5<\/center><\/td>\n<\/tr>\n<tr class=\"row-16\">\n\t<td class=\"column-1\">7\u00aa Drenagens e tratamento de taludes<\/td><td class=\"column-2\"><center>5<\/center><\/td>\n<\/tr>\n<tr class=\"row-17\">\n\t<td class=\"column-1\">13\u00aa Caminhos agr\u00edcolas e florestais<\/td><td class=\"column-2\"><center>5<\/center><\/td>\n<\/tr>\n<\/tbody>\n<\/table>\n<!-- #tablepress-1 from cache -->\n","protected":false},"excerpt":{"rendered":"<p>A JCSS &#8211; Terraplanagens, Lda. procedeu \u00e0 reclassifica\u00e7\u00e3o do seu alvar\u00e1 de constru\u00e7\u00e3o para obras p\u00fablicas, alargando-o para novas categorias e classes superiores.<\/p>\n","protected":false},"author":1,"featured_media":1972,"parent":0,"menu_order":0,"comment_status":"closed","ping_status":"closed","template":"","meta":{"footnotes":""},"tags":[93],"class_list":["post-1938","page","type-page","status-publish","has-post-thumbnail","hentry","tag-j"],"aioseo_notices":[],"_links":{"self":[{"href":"http:\/\/www.jcssterraplanagenslda.pt\/index.php?rest_route=\/wp\/v2\/pages\/1938","targetHints":{"allow":["GET"]}}],"collection":[{"href":"http:\/\/www.jcssterraplanagenslda.pt\/index.php?rest_route=\/wp\/v2\/pages"}],"about":[{"href":"http:\/\/www.jcssterraplanagenslda.pt\/index.php?rest_route=\/wp\/v2\/types\/page"}],"author":[{"embeddable":true,"href":"http:\/\/www.jcssterraplanagenslda.pt\/index.php?rest_route=\/wp\/v2\/users\/1"}],"replies":[{"embeddable":true,"href":"http:\/\/www.jcssterraplanagenslda.pt\/index.php?rest_route=%2Fwp%2Fv2%2Fcomments&post=1938"}],"version-history":[{"count":19,"href":"http:\/\/www.jcssterraplanagenslda.pt\/index.php?rest_route=\/wp\/v2\/pages\/1938\/revisions"}],"predecessor-version":[{"id":1967,"href":"http:\/\/www.jcssterraplanagenslda.pt\/index.php?rest_route=\/wp\/v2\/pages\/1938\/revisions\/1967"}],"wp:featuredmedia":[{"embeddable":true,"href":"http:\/\/www.jcssterraplanagenslda.pt\/index.php?rest_route=\/wp\/v2\/media\/1972"}],"wp:attachment":[{"href":"http:\/\/www.jcssterraplanagenslda.pt\/index.php?rest_route=%2Fwp%2Fv2%2Fmedia&parent=1938"}],"wp:term":[{"taxonomy":"post_tag","embeddable":true,"href":"http:\/\/www.jcssterraplanagenslda.pt\/index.php?rest_route=%2Fwp%2Fv2%2Ftags&post=1938"}],"curies":[{"name":"wp","href":"https:\/\/api.w.org\/{rel}","templated":true}]}}