{"id":1873,"date":"2015-06-24T08:28:26","date_gmt":"2015-06-24T07:28:26","guid":{"rendered":"http:\/\/www.jcssterraplanagenslda.pt\/?page_id=1873"},"modified":"2015-06-24T08:28:39","modified_gmt":"2015-06-24T07:28:39","slug":"reinicio-das-obras-de-modernizacao-e-requalificacao-da-escola-d-dinis","status":"publish","type":"page","link":"http:\/\/www.jcssterraplanagenslda.pt\/?page_id=1873","title":{"rendered":"Rein\u00edcio das obras de moderniza\u00e7\u00e3o e requalifica\u00e7\u00e3o da Escola D.Dinis"},"content":{"rendered":"<h3><\/h3>\n<h3>Rein\u00edcio das obras de moderniza\u00e7\u00e3o e requalifica\u00e7\u00e3o da Escola D.Dinis<\/h3>\n<div class=\"su-row\"><div class=\"su-column su-column-size-3-5\"><div class=\"su-column-inner su-u-clearfix su-u-trim\">\n<p style=\"text-align: justify;\"><span style=\"color: #993300;\"><strong>16 de Fevereiro de 2015<\/strong><\/span><\/p>\n<p>O Agrupamento de Escolas D. Dinis, Santo Tirso, anunciou em comunicado \u00e0 Santo Tirso TV que, ap\u00f3s um longo per\u00edodo de prepara\u00e7\u00e3o para viabilizar o rein\u00edcio da obra de requalifica\u00e7\u00e3o da Escola B\u00e1sica e Secund\u00e1ria D. Dinis, a cargo da Parque Escolar, E. P. E., est\u00e1 a decorrer desde o passado dia 20 de janeiro o concurso p\u00fablico para a conclus\u00e3o da empreitada de execu\u00e7\u00e3o dessa obra (Concurso Urgente n.\u00ba 12\/2015, Di\u00e1rio da Rep\u00fablica, II S\u00e9rie, de 19 de janeiro).<\/p>\n<p>De acordo com a escola, se o processo decorrer dentro da normalidade, o rein\u00edcio da obra est\u00e1 previsto para Mar\u00e7o, sendo o prazo para a sua execu\u00e7\u00e3o de 8 meses a contar da data de celebra\u00e7\u00e3o do contrato.<\/p>\n<p>No comunicado enviado \u00e0 Santo Tirso TV a Diretora da Escola, Cl\u00e1udia Soares, mostrou-se atenta a toda a esta situa\u00e7\u00e3o fazendo votos para que todo este processo decorra o mais r\u00e1pido poss\u00edvel. &#8220;Este Agrupamento deseja que todo o processo de reabilita\u00e7\u00e3o e moderniza\u00e7\u00e3o da Escola B\u00e1sica e Secund\u00e1ria D. Dinis decorra de forma c\u00e9lere e pac\u00edfica, com o apoio e compreens\u00e3o de toda a comunidade educativa e que o resultado final corresponda \u00e0s expectativas de todos, &#8221; assegura a Diretora, Cla\u00fadia Soares.<\/p>\n<p style=\"text-align: justify;\">Fonte: SANTO TIRSO TV<\/p>\n<\/div><\/div><div class=\"su-column su-column-size-2-5\"><div class=\"su-column-inner su-u-clearfix su-u-trim\">[URIS id=1875]\n\n<\/div><\/div><\/div>\n","protected":false},"excerpt":{"rendered":"<p>O Agrupamento de Escolas D. Dinis, Santo Tirso, anunciou em comunicado \u00e0 Santo Tirso TV que, ap\u00f3s um longo per\u00edodo de prepara\u00e7\u00e3o para viabilizar o rein\u00edcio da obra de requalifica\u00e7\u00e3o da Escola B\u00e1sica e Secund\u00e1ria D. Dinis, a cargo da Parque Escolar, E. P. E., est\u00e1 a decorrer desde o passado dia 20 de janeiro o concurso p\u00fablico para a conclus\u00e3o da empreitada de execu\u00e7\u00e3o dessa obra (Concurso Urgente n.\u00ba 12\/2015, Di\u00e1rio da Rep\u00fablica, II S\u00e9rie, de 19 de janeiro).<\/p>\n","protected":false},"author":1,"featured_media":1874,"parent":0,"menu_order":0,"comment_status":"closed","ping_status":"closed","template":"","meta":{"footnotes":""},"tags":[81],"class_list":["post-1873","page","type-page","status-publish","has-post-thumbnail","hentry","tag-q"],"aioseo_notices":[],"_links":{"self":[{"href":"http:\/\/www.jcssterraplanagenslda.pt\/index.php?rest_route=\/wp\/v2\/pages\/1873","targetHints":{"allow":["GET"]}}],"collection":[{"href":"http:\/\/www.jcssterraplanagenslda.pt\/index.php?rest_route=\/wp\/v2\/pages"}],"about":[{"href":"http:\/\/www.jcssterraplanagenslda.pt\/index.php?rest_route=\/wp\/v2\/types\/page"}],"author":[{"embeddable":true,"href":"http:\/\/www.jcssterraplanagenslda.pt\/index.php?rest_route=\/wp\/v2\/users\/1"}],"replies":[{"embeddable":true,"href":"http:\/\/www.jcssterraplanagenslda.pt\/index.php?rest_route=%2Fwp%2Fv2%2Fcomments&post=1873"}],"version-history":[{"count":1,"href":"http:\/\/www.jcssterraplanagenslda.pt\/index.php?rest_route=\/wp\/v2\/pages\/1873\/revisions"}],"predecessor-version":[{"id":1876,"href":"http:\/\/www.jcssterraplanagenslda.pt\/index.php?rest_route=\/wp\/v2\/pages\/1873\/revisions\/1876"}],"wp:featuredmedia":[{"embeddable":true,"href":"http:\/\/www.jcssterraplanagenslda.pt\/index.php?rest_route=\/wp\/v2\/media\/1874"}],"wp:attachment":[{"href":"http:\/\/www.jcssterraplanagenslda.pt\/index.php?rest_route=%2Fwp%2Fv2%2Fmedia&parent=1873"}],"wp:term":[{"taxonomy":"post_tag","embeddable":true,"href":"http:\/\/www.jcssterraplanagenslda.pt\/index.php?rest_route=%2Fwp%2Fv2%2Ftags&post=1873"}],"curies":[{"name":"wp","href":"https:\/\/api.w.org\/{rel}","templated":true}]}}