{"id":1780,"date":"2013-11-04T13:51:01","date_gmt":"2013-11-04T12:51:01","guid":{"rendered":"http:\/\/www.jcssterraplanagenslda.pt\/?page_id=1780"},"modified":"2015-05-21T13:56:36","modified_gmt":"2015-05-21T12:56:36","slug":"palacio-da-batalha-no-porto-da-lugar-a-hotel-de-4-estrelas","status":"publish","type":"page","link":"http:\/\/www.jcssterraplanagenslda.pt\/?page_id=1780","title":{"rendered":"Pal\u00e1cio da Batalha no Porto d\u00e1 lugar a hotel de 4 estrelas"},"content":{"rendered":"<h3><\/h3>\n<h3>Pal\u00e1cio da Batalha no Porto d\u00e1 lugar a hotel de 4 estrelas<\/h3>\n<div class=\"su-row\"><div class=\"su-column su-column-size-3-5\"><div class=\"su-column-inner su-u-clearfix su-u-trim\">\n<p style=\"text-align: justify;\"><span style=\"color: #993300;\"><strong>6 de Novembro de 2013<\/strong><\/span><\/p>\n<p>O Porto vai ganhar um novo hotel. No lugar do Pal\u00e1cio da Batalha, localizado no centro hist\u00f3rico da cidade, nascer\u00e1 uma unidade hoteleira de 4 estrelas, um projecto a cargo da construtora Lucios, que dever\u00e1 estar conclu\u00eddo em Outubro de 2014. O edif\u00edcio centen\u00e1rio, junto \u00e0 Pra\u00e7a da Batalha, dar\u00e1 lugar a um hotel com 104 quartos distribu\u00eddos por cinco pisos, um jardim e um parque subterr\u00e2neo para 10 viaturas.<\/p>\n<p>\u201cNo re\u0301s do cha\u0303o do futuro Pal\u00e1cio Batalha Hotel sera\u0303o instalados os servic\u0327os de acolhimento, nomeadamente a recepc\u0327a\u0303o e a zona de estar, complementados por um bar e um restaurante que, nos momentos pro\u0301prios, sera\u0301 um espac\u0327o destinado ao servic\u0327o de pequenos-almoc\u0327os com capacidade para 80 pessoas em simulta\u0302neo\u201d, relata Filipe Azevedo, administrador da Lucios.<\/p>\n<p>Recorde-se que a construtora j\u00e1 antes foi respons\u00e1vel pela reconvers\u00e3o de outros edif\u00edcios hist\u00f3ricos em unidades hoteleiras, nomeadamente o Pal\u00e1cio das Cardosas no Hotel Intercontinental, e o cinema \u00c1guia D\u2019Ouro em hotel low-cost. Ainda no sector tur\u00edstico, a Luzios foi respons\u00e1vel pela constru\u00e7\u00e3o do Hotel Hilton Bom Sucesso, em \u00d3bidos, e est\u00e1 neste momento a reconverter o edif\u00edcio Bolsa do Pescado, tamb\u00e9m no Porto, numa unidade de 4 estrelas.<\/p>\n<p style=\"text-align: justify;\">Fonte:\u00a0AMBITUR<\/p>\n<\/div><\/div><div class=\"su-column su-column-size-2-5\"><div class=\"su-column-inner su-u-clearfix su-u-trim\">[URIS id=1782]\n\n<\/div><\/div><\/div>\n","protected":false},"excerpt":{"rendered":"<p>O Porto vai ganhar um novo hotel. No lugar do Pal\u00e1cio da Batalha, localizado no centro hist\u00f3rico da cidade, nascer\u00e1 uma unidade hoteleira de 4 estrelas, um projecto a cargo da construtora Lucios, que dever\u00e1 estar conclu\u00eddo em Outubro de 2014.<\/p>\n","protected":false},"author":1,"featured_media":1784,"parent":0,"menu_order":0,"comment_status":"closed","ping_status":"closed","template":"","meta":{"footnotes":""},"tags":[81],"class_list":["post-1780","page","type-page","status-publish","has-post-thumbnail","hentry","tag-q"],"aioseo_notices":[],"_links":{"self":[{"href":"http:\/\/www.jcssterraplanagenslda.pt\/index.php?rest_route=\/wp\/v2\/pages\/1780","targetHints":{"allow":["GET"]}}],"collection":[{"href":"http:\/\/www.jcssterraplanagenslda.pt\/index.php?rest_route=\/wp\/v2\/pages"}],"about":[{"href":"http:\/\/www.jcssterraplanagenslda.pt\/index.php?rest_route=\/wp\/v2\/types\/page"}],"author":[{"embeddable":true,"href":"http:\/\/www.jcssterraplanagenslda.pt\/index.php?rest_route=\/wp\/v2\/users\/1"}],"replies":[{"embeddable":true,"href":"http:\/\/www.jcssterraplanagenslda.pt\/index.php?rest_route=%2Fwp%2Fv2%2Fcomments&post=1780"}],"version-history":[{"count":1,"href":"http:\/\/www.jcssterraplanagenslda.pt\/index.php?rest_route=\/wp\/v2\/pages\/1780\/revisions"}],"predecessor-version":[{"id":1785,"href":"http:\/\/www.jcssterraplanagenslda.pt\/index.php?rest_route=\/wp\/v2\/pages\/1780\/revisions\/1785"}],"wp:featuredmedia":[{"embeddable":true,"href":"http:\/\/www.jcssterraplanagenslda.pt\/index.php?rest_route=\/wp\/v2\/media\/1784"}],"wp:attachment":[{"href":"http:\/\/www.jcssterraplanagenslda.pt\/index.php?rest_route=%2Fwp%2Fv2%2Fmedia&parent=1780"}],"wp:term":[{"taxonomy":"post_tag","embeddable":true,"href":"http:\/\/www.jcssterraplanagenslda.pt\/index.php?rest_route=%2Fwp%2Fv2%2Ftags&post=1780"}],"curies":[{"name":"wp","href":"https:\/\/api.w.org\/{rel}","templated":true}]}}