{"id":1043,"date":"2014-09-22T18:14:35","date_gmt":"2014-09-22T17:14:35","guid":{"rendered":"http:\/\/www.jcss.simply-webspace.com.pt\/wordpress\/?page_id=1043"},"modified":"2015-05-21T09:33:58","modified_gmt":"2015-05-21T08:33:58","slug":"queremos-ser-o-numero-um-da-logistica-em-portugal","status":"publish","type":"page","link":"http:\/\/www.jcssterraplanagenslda.pt\/?page_id=1043","title":{"rendered":"\u00abQueremos ser o n\u00famero um da log\u00edstica em Portugal\u00bb"},"content":{"rendered":"<h3><\/h3>\n<h3>\u00abQueremos ser o n\u00famero um da log\u00edstica em Portugal\u00bb<\/h3>\n<div class=\"su-row\"><div class=\"su-column su-column-size-3-5\"><div class=\"su-column-inner su-u-clearfix su-u-trim\">\n<p style=\"text-align: justify;\"><span style=\"color: #993300;\"><strong>16 de Setembro de 2014<\/strong><\/span><\/p>\n<p style=\"text-align: justify;\">Sustentabilidade constitui talvez a palavra-chave para descrever o percurso da Olicargo,\u00a0empresa que j\u00e1 \u00e9 presentemente um dos principais operadores log\u00edsticos em Portugal.<br \/>\nCom sede em Perafita (Matosinhos), a Olicargo abriu j\u00e1 este ano na Covilh\u00e3 e adquiriu\u00a0uma nova plataforma log\u00edstica em P\u00f3voa de Santa iria (Lisboa). Paulo Salgado, CEO\u00a0da Olicargo, recebeu a PA\u00cdS \u20acCON\u00d3MICO na sede da empresa, e tra\u00e7ou o percurso,\u00a0ainda breve, mas j\u00e1 muito significativo da nova gest\u00e3o \u00e0 frente dos destinos da Olicargo.<br \/>\nA expans\u00e3o em Portugal vai passar pela nova plataforma log\u00edstica de 20.000 m2 da\u00a0empresa na Trofa, mesmo junto \u00e0 A3, um investimento de quase 15 milh\u00f5es de euros a\u00a0realizar at\u00e9 ao final de 2017. Em termos internacionais, a Olicargo possui uma presen\u00e7a\u00a0j\u00e1 significativa em \u00c1frica, com empresas em Angola, \u00c1frica do Sul e em Mo\u00e7ambique.<br \/>\nConsolidar estas presen\u00e7as \u00e9 a estrat\u00e9gia a seguir no continente, embora a empresa\u00a0n\u00e3o descarte a possibilidade de acompanhar algum dos seus clientes noutro pa\u00eds\u00a0africano. Estar em Fran\u00e7a, como est\u00e1 a Olicargo, \u00e9 estar no centro da Europa e do pa\u00eds\u00a0que possui um forte historial ligado ao setor petrol\u00edfero, justamente um setor onde a\u00a0Olicargo desenvolveu especiais compet\u00eancias, ali\u00e1s reconhecidas pelos seus in\u00fameros\u00a0clientes no setor. Este ano, o grupo dever\u00e1 em termos consolidados ultrapassar os 30\u00a0milh\u00f5es de euros de volume de neg\u00f3cios, mas Paulo Salgado que adquiriu conjuntamente\u00a0com Miguel Silva a Olicargo em Janeiro de 2012 pretende prosseguir o crescimento da\u00a0empresa e n\u00e3o tem d\u00favidas em proclamar que o objetivo a m\u00e9dio\/longo prazo \u00e9 ser o\u00a0n\u00famero um da log\u00edstica em Portugal.<\/p>\n<p style=\"text-align: justify;\">Fonte: PA\u00cdS \u20acCON\u00d3MICO<\/p>\n<\/div><\/div><div class=\"su-column su-column-size-2-5\"><div class=\"su-column-inner su-u-clearfix su-u-trim\">[URIS id=1106]\n\n<\/div><\/div><\/div>\n","protected":false},"excerpt":{"rendered":"<p>Sustentabilidade constitui talvez a palavra-chave para descrever o percurso da Olicargo, empresa que j\u00e1 \u00e9 presentemente um dos principais operadores log\u00edsticos em Portugal.<\/p>\n","protected":false},"author":1,"featured_media":1591,"parent":0,"menu_order":0,"comment_status":"closed","ping_status":"closed","template":"","meta":{"footnotes":""},"tags":[81],"class_list":["post-1043","page","type-page","status-publish","has-post-thumbnail","hentry","tag-q"],"aioseo_notices":[],"_links":{"self":[{"href":"http:\/\/www.jcssterraplanagenslda.pt\/index.php?rest_route=\/wp\/v2\/pages\/1043","targetHints":{"allow":["GET"]}}],"collection":[{"href":"http:\/\/www.jcssterraplanagenslda.pt\/index.php?rest_route=\/wp\/v2\/pages"}],"about":[{"href":"http:\/\/www.jcssterraplanagenslda.pt\/index.php?rest_route=\/wp\/v2\/types\/page"}],"author":[{"embeddable":true,"href":"http:\/\/www.jcssterraplanagenslda.pt\/index.php?rest_route=\/wp\/v2\/users\/1"}],"replies":[{"embeddable":true,"href":"http:\/\/www.jcssterraplanagenslda.pt\/index.php?rest_route=%2Fwp%2Fv2%2Fcomments&post=1043"}],"version-history":[{"count":10,"href":"http:\/\/www.jcssterraplanagenslda.pt\/index.php?rest_route=\/wp\/v2\/pages\/1043\/revisions"}],"predecessor-version":[{"id":1109,"href":"http:\/\/www.jcssterraplanagenslda.pt\/index.php?rest_route=\/wp\/v2\/pages\/1043\/revisions\/1109"}],"wp:featuredmedia":[{"embeddable":true,"href":"http:\/\/www.jcssterraplanagenslda.pt\/index.php?rest_route=\/wp\/v2\/media\/1591"}],"wp:attachment":[{"href":"http:\/\/www.jcssterraplanagenslda.pt\/index.php?rest_route=%2Fwp%2Fv2%2Fmedia&parent=1043"}],"wp:term":[{"taxonomy":"post_tag","embeddable":true,"href":"http:\/\/www.jcssterraplanagenslda.pt\/index.php?rest_route=%2Fwp%2Fv2%2Ftags&post=1043"}],"curies":[{"name":"wp","href":"https:\/\/api.w.org\/{rel}","templated":true}]}}